{"id":1843,"date":"2022-10-20T09:22:17","date_gmt":"2022-10-20T07:22:17","guid":{"rendered":"https:\/\/polca.vps005.visible.be\/ueber-uns\/"},"modified":"2025-02-25T11:17:57","modified_gmt":"2025-02-25T10:17:57","slug":"ueber-uns","status":"publish","type":"page","link":"https:\/\/www.polca.be\/de\/ueber-uns\/","title":{"rendered":"\u00dcber uns"},"content":{"rendered":"\t\t<div data-elementor-type=\"wp-page\" data-elementor-id=\"1843\" class=\"elementor elementor-1843 elementor-79\" data-elementor-post-type=\"page\">\n\t\t\t\t\t\t<section class=\"elementor-section elementor-top-section elementor-element elementor-element-7745edef elementor-section-full_width elementor-section-height-min-height elementor-section-items-stretch elementor-section-height-default\" data-id=\"7745edef\" data-element_type=\"section\" data-e-type=\"section\">\n\t\t\t\t\t\t<div class=\"elementor-container elementor-column-gap-no\">\n\t\t\t\t\t<div class=\"elementor-column elementor-col-50 elementor-top-column elementor-element elementor-element-187aabbd\" data-id=\"187aabbd\" data-element_type=\"column\" data-e-type=\"column\">\n\t\t\t<div class=\"elementor-widget-wrap elementor-element-populated\">\n\t\t\t\t\t\t<section class=\"elementor-section elementor-inner-section elementor-element elementor-element-3172d179 elementor-section-boxed elementor-section-height-default elementor-section-height-default elementor-invisible\" data-id=\"3172d179\" data-element_type=\"section\" data-e-type=\"section\" data-settings=\"{&quot;animation&quot;:&quot;slideInLeft&quot;}\">\n\t\t\t\t\t\t<div class=\"elementor-container elementor-column-gap-no\">\n\t\t\t\t\t<div class=\"elementor-column elementor-col-100 elementor-inner-column elementor-element elementor-element-721794ce\" data-id=\"721794ce\" data-element_type=\"column\" data-e-type=\"column\">\n\t\t\t<div class=\"elementor-widget-wrap elementor-element-populated\">\n\t\t\t\t\t\t<div class=\"elementor-element elementor-element-34de80d elementor-widget elementor-widget-heading\" data-id=\"34de80d\" data-element_type=\"widget\" data-e-type=\"widget\" data-widget_type=\"heading.default\">\n\t\t\t\t<div class=\"elementor-widget-container\">\n\t\t\t\t\t<div class=\"elementor-heading-title elementor-size-default\">Unser Unternehmen<\/div>\t\t\t\t<\/div>\n\t\t\t\t<\/div>\n\t\t\t\t<div class=\"elementor-element elementor-element-586683f2 elementor-widget elementor-widget-heading\" data-id=\"586683f2\" data-element_type=\"widget\" data-e-type=\"widget\" data-widget_type=\"heading.default\">\n\t\t\t\t<div class=\"elementor-widget-container\">\n\t\t\t\t\t<h1 class=\"elementor-heading-title elementor-size-default\">Polca: ein belgisches Produkt - ein Haus, dem man vertrauen kann!<\/h1>\t\t\t\t<\/div>\n\t\t\t\t<\/div>\n\t\t\t\t\t<\/div>\n\t\t<\/div>\n\t\t\t\t\t<\/div>\n\t\t<\/section>\n\t\t\t\t\t<\/div>\n\t\t<\/div>\n\t\t\t\t<div class=\"elementor-column elementor-col-50 elementor-top-column elementor-element elementor-element-1746a8fe\" data-id=\"1746a8fe\" data-element_type=\"column\" data-e-type=\"column\" data-settings=\"{&quot;background_background&quot;:&quot;classic&quot;}\">\n\t\t\t<div class=\"elementor-widget-wrap elementor-element-populated\">\n\t\t\t\t\t\t<div class=\"elementor-element elementor-element-87f4aee elementor-widget elementor-widget-spacer\" data-id=\"87f4aee\" data-element_type=\"widget\" data-e-type=\"widget\" data-widget_type=\"spacer.default\">\n\t\t\t\t<div class=\"elementor-widget-container\">\n\t\t\t\t\t\t\t<div class=\"elementor-spacer\">\n\t\t\t<div class=\"elementor-spacer-inner\"><\/div>\n\t\t<\/div>\n\t\t\t\t\t\t<\/div>\n\t\t\t\t<\/div>\n\t\t\t\t\t<\/div>\n\t\t<\/div>\n\t\t\t\t\t<\/div>\n\t\t<\/section>\n\t\t\t\t<section class=\"elementor-section elementor-top-section elementor-element elementor-element-88544cb elementor-section-boxed elementor-section-height-default elementor-section-height-default\" data-id=\"88544cb\" data-element_type=\"section\" data-e-type=\"section\">\n\t\t\t\t\t\t<div class=\"elementor-container elementor-column-gap-default\">\n\t\t\t\t\t<div class=\"elementor-column elementor-col-100 elementor-top-column elementor-element elementor-element-2c7963e4\" data-id=\"2c7963e4\" data-element_type=\"column\" data-e-type=\"column\">\n\t\t\t<div class=\"elementor-widget-wrap elementor-element-populated\">\n\t\t\t\t\t\t<section class=\"elementor-section elementor-inner-section elementor-element elementor-element-40d63399 elementor-section-content-middle elementor-reverse-mobile elementor-section-boxed elementor-section-height-default elementor-section-height-default\" data-id=\"40d63399\" data-element_type=\"section\" data-e-type=\"section\">\n\t\t\t\t\t\t<div class=\"elementor-container elementor-column-gap-default\">\n\t\t\t\t\t<div class=\"elementor-column elementor-col-50 elementor-inner-column elementor-element elementor-element-6a1e4027\" data-id=\"6a1e4027\" data-element_type=\"column\" data-e-type=\"column\" data-settings=\"{&quot;background_background&quot;:&quot;classic&quot;}\">\n\t\t\t<div class=\"elementor-widget-wrap elementor-element-populated\">\n\t\t\t\t\t\t<div class=\"elementor-element elementor-element-7fa5637d elementor-widget__width-auto elementor-absolute elementor-hidden-mobile elementor-hidden-tablet elementor-view-default elementor-widget elementor-widget-icon\" data-id=\"7fa5637d\" data-element_type=\"widget\" data-e-type=\"widget\" data-settings=\"{&quot;_position&quot;:&quot;absolute&quot;}\" data-widget_type=\"icon.default\">\n\t\t\t\t<div class=\"elementor-widget-container\">\n\t\t\t\t\t\t\t<div class=\"elementor-icon-wrapper\">\n\t\t\t<div class=\"elementor-icon\">\n\t\t\t<svg xmlns=\"http:\/\/www.w3.org\/2000\/svg\" width=\"64\" height=\"358\" viewBox=\"0 0 64 358\"><rect id=\"Rectangle_772\" data-name=\"Rectangle 772\" width=\"64\" height=\"358\" rx=\"23\" fill=\"#fff\"><\/rect><\/svg>\t\t\t<\/div>\n\t\t<\/div>\n\t\t\t\t\t\t<\/div>\n\t\t\t\t<\/div>\n\t\t\t\t<div class=\"elementor-element elementor-element-55352ec elementor-widget elementor-widget-spacer\" data-id=\"55352ec\" data-element_type=\"widget\" data-e-type=\"widget\" data-widget_type=\"spacer.default\">\n\t\t\t\t<div class=\"elementor-widget-container\">\n\t\t\t\t\t\t\t<div class=\"elementor-spacer\">\n\t\t\t<div class=\"elementor-spacer-inner\"><\/div>\n\t\t<\/div>\n\t\t\t\t\t\t<\/div>\n\t\t\t\t<\/div>\n\t\t\t\t\t<\/div>\n\t\t<\/div>\n\t\t\t\t<div class=\"elementor-column elementor-col-50 elementor-inner-column elementor-element elementor-element-abebbe1 elementor-invisible\" data-id=\"abebbe1\" data-element_type=\"column\" data-e-type=\"column\" data-settings=\"{&quot;animation&quot;:&quot;slideInRight&quot;}\">\n\t\t\t<div class=\"elementor-widget-wrap elementor-element-populated\">\n\t\t\t\t\t\t<div class=\"elementor-element elementor-element-5a04c14c elementor-widget elementor-widget-heading\" data-id=\"5a04c14c\" data-element_type=\"widget\" data-e-type=\"widget\" data-widget_type=\"heading.default\">\n\t\t\t\t<div class=\"elementor-widget-container\">\n\t\t\t\t\t<h2 class=\"elementor-heading-title elementor-size-default\">Polca, ein optimales Verh\u00e4ltnis zwischen Qualit\u00e4t und Preis.<\/h2>\t\t\t\t<\/div>\n\t\t\t\t<\/div>\n\t\t\t\t<div class=\"elementor-element elementor-element-198291f2 elementor-widget elementor-widget-text-editor\" data-id=\"198291f2\" data-element_type=\"widget\" data-e-type=\"widget\" data-widget_type=\"text-editor.default\">\n\t\t\t\t<div class=\"elementor-widget-container\">\n\t\t\t\t\t\t\t\t\t<p>Seit seiner Gr\u00fcndung im Jahr 1969 und im Laufe der Jahre ist Polca zum Synonym f\u00fcr Pastete geworden. Unser Familienunternehmen bleibt seinen Grundprinzipien treu, die Ihnen ein optimales Verh\u00e4ltnis zwischen Qualit\u00e4t und Preis garantieren.<\/p>\n<p>Und um einer immer anspruchsvolleren Kundschaft gerecht zu werden, entwickeln wir st\u00e4ndig neue Trends in diesem Bereich, weshalb unsere Handelsmarke \u201eP\u00e2t\u00e9 Grand-M\u00e8re\u201c heute in \u00fcber 20 L\u00e4ndern vertrieben wird und ihr Erfolg \u00fcber die Grenzen Europas hinausgeht. Unsere Flexibilit\u00e4t erm\u00f6glicht es uns, auf Ihre Bed\u00fcrfnisse einzugehen, und auf einfache Anfrage k\u00f6nnen wir Ihnen unsere Produkte unter Ihrer &#8218;Handelsmarke&#8216; anbieten.<\/p>\n<p>Sie m\u00f6chten mehr \u00fcber unsere Produktion erfahren? Unsere Vertriebsmitarbeiter stehen Ihnen gerne zur Verf\u00fcgung, um Ihnen von unserem Know-how zu erz\u00e4hlen und Ihnen von der Leidenschaft zu berichten, die uns antreibt.<\/p>\n\t\t\t\t\t\t\t\t<\/div>\n\t\t\t\t<\/div>\n\t\t\t\t\t<\/div>\n\t\t<\/div>\n\t\t\t\t\t<\/div>\n\t\t<\/section>\n\t\t\t\t\t<\/div>\n\t\t<\/div>\n\t\t\t\t\t<\/div>\n\t\t<\/section>\n\t\t\t\t<\/div>\n\t\t","protected":false},"excerpt":{"rendered":"<p>Unser Unternehmen Polca: ein belgisches Produkt &#8211; ein Haus, dem man vertrauen kann! Polca, ein optimales Verh\u00e4ltnis zwischen Qualit\u00e4t und Preis. Seit seiner Gr\u00fcndung im Jahr 1969 und im Laufe der Jahre ist Polca zum Synonym f\u00fcr Pastete geworden. Unser Familienunternehmen bleibt seinen Grundprinzipien treu, die Ihnen ein optimales Verh\u00e4ltnis zwischen Qualit\u00e4t und Preis garantieren. [&hellip;]<\/p>\n","protected":false},"author":1,"featured_media":725,"parent":0,"menu_order":0,"comment_status":"closed","ping_status":"closed","template":"elementor_header_footer","meta":{"_acf_changed":false,"inline_featured_image":false,"footnotes":""},"class_list":["post-1843","page","type-page","status-publish","has-post-thumbnail","hentry"],"acf":[],"yoast_head":"<!-- This site is optimized with the Yoast SEO plugin v27.2 - https:\/\/yoast.com\/product\/yoast-seo-wordpress\/ -->\n<title>\u00dcber uns - Polca<\/title>\n<meta name=\"robots\" content=\"index, follow, max-snippet:-1, max-image-preview:large, max-video-preview:-1\" \/>\n<link rel=\"canonical\" href=\"https:\/\/www.polca.be\/de\/ueber-uns\/\" \/>\n<meta property=\"og:locale\" content=\"de_DE\" \/>\n<meta property=\"og:type\" content=\"article\" \/>\n<meta property=\"og:title\" content=\"\u00dcber uns - Polca\" \/>\n<meta property=\"og:description\" content=\"Unser Unternehmen Polca: ein belgisches Produkt &#8211; ein Haus, dem man vertrauen kann! Polca, ein optimales Verh\u00e4ltnis zwischen Qualit\u00e4t und Preis. Seit seiner Gr\u00fcndung im Jahr 1969 und im Laufe der Jahre ist Polca zum Synonym f\u00fcr Pastete geworden. Unser Familienunternehmen bleibt seinen Grundprinzipien treu, die Ihnen ein optimales Verh\u00e4ltnis zwischen Qualit\u00e4t und Preis garantieren. [&hellip;]\" \/>\n<meta property=\"og:url\" content=\"https:\/\/www.polca.be\/de\/ueber-uns\/\" \/>\n<meta property=\"og:site_name\" content=\"Polca\" \/>\n<meta property=\"article:modified_time\" content=\"2025-02-25T10:17:57+00:00\" \/>\n<meta property=\"og:image\" content=\"https:\/\/www.polca.be\/wp-content\/uploads\/2022\/10\/jambon-2.jpg\" \/>\n\t<meta property=\"og:image:width\" content=\"1920\" \/>\n\t<meta property=\"og:image:height\" content=\"795\" \/>\n\t<meta property=\"og:image:type\" content=\"image\/jpeg\" \/>\n<meta name=\"twitter:card\" content=\"summary_large_image\" \/>\n<meta name=\"twitter:label1\" content=\"Gesch\u00e4tzte Lesezeit\" \/>\n\t<meta name=\"twitter:data1\" content=\"1\u00a0Minute\" \/>\n<script type=\"application\/ld+json\" class=\"yoast-schema-graph\">{\"@context\":\"https:\/\/schema.org\",\"@graph\":[{\"@type\":\"WebPage\",\"@id\":\"https:\/\/www.polca.be\/de\/ueber-uns\/\",\"url\":\"https:\/\/www.polca.be\/de\/ueber-uns\/\",\"name\":\"\u00dcber uns - Polca\",\"isPartOf\":{\"@id\":\"https:\/\/www.polca.be\/de\/#website\"},\"primaryImageOfPage\":{\"@id\":\"https:\/\/www.polca.be\/de\/ueber-uns\/#primaryimage\"},\"image\":{\"@id\":\"https:\/\/www.polca.be\/de\/ueber-uns\/#primaryimage\"},\"thumbnailUrl\":\"https:\/\/www.polca.be\/wp-content\/uploads\/2022\/10\/jambon-2.jpg\",\"datePublished\":\"2022-10-20T07:22:17+00:00\",\"dateModified\":\"2025-02-25T10:17:57+00:00\",\"breadcrumb\":{\"@id\":\"https:\/\/www.polca.be\/de\/ueber-uns\/#breadcrumb\"},\"inLanguage\":\"de\",\"potentialAction\":[{\"@type\":\"ReadAction\",\"target\":[\"https:\/\/www.polca.be\/de\/ueber-uns\/\"]}]},{\"@type\":\"ImageObject\",\"inLanguage\":\"de\",\"@id\":\"https:\/\/www.polca.be\/de\/ueber-uns\/#primaryimage\",\"url\":\"https:\/\/www.polca.be\/wp-content\/uploads\/2022\/10\/jambon-2.jpg\",\"contentUrl\":\"https:\/\/www.polca.be\/wp-content\/uploads\/2022\/10\/jambon-2.jpg\",\"width\":1920,\"height\":795},{\"@type\":\"BreadcrumbList\",\"@id\":\"https:\/\/www.polca.be\/de\/ueber-uns\/#breadcrumb\",\"itemListElement\":[{\"@type\":\"ListItem\",\"position\":1,\"name\":\"Home\",\"item\":\"https:\/\/www.polca.be\/de\/\"},{\"@type\":\"ListItem\",\"position\":2,\"name\":\"\u00dcber uns\"}]},{\"@type\":\"WebSite\",\"@id\":\"https:\/\/www.polca.be\/de\/#website\",\"url\":\"https:\/\/www.polca.be\/de\/\",\"name\":\"Polca\",\"description\":\"Un produit belge - une maison de confiance!\",\"publisher\":{\"@id\":\"https:\/\/www.polca.be\/de\/#organization\"},\"potentialAction\":[{\"@type\":\"SearchAction\",\"target\":{\"@type\":\"EntryPoint\",\"urlTemplate\":\"https:\/\/www.polca.be\/de\/?s={search_term_string}\"},\"query-input\":{\"@type\":\"PropertyValueSpecification\",\"valueRequired\":true,\"valueName\":\"search_term_string\"}}],\"inLanguage\":\"de\"},{\"@type\":\"Organization\",\"@id\":\"https:\/\/www.polca.be\/de\/#organization\",\"name\":\"Polca\",\"url\":\"https:\/\/www.polca.be\/de\/\",\"logo\":{\"@type\":\"ImageObject\",\"inLanguage\":\"de\",\"@id\":\"https:\/\/www.polca.be\/de\/#\/schema\/logo\/image\/\",\"url\":\"https:\/\/www.polca.be\/wp-content\/uploads\/2022\/10\/logo-polca.svg\",\"contentUrl\":\"https:\/\/www.polca.be\/wp-content\/uploads\/2022\/10\/logo-polca.svg\",\"width\":113,\"height\":90,\"caption\":\"Polca\"},\"image\":{\"@id\":\"https:\/\/www.polca.be\/de\/#\/schema\/logo\/image\/\"}}]}<\/script>\n<!-- \/ Yoast SEO plugin. -->","yoast_head_json":{"title":"\u00dcber uns - Polca","robots":{"index":"index","follow":"follow","max-snippet":"max-snippet:-1","max-image-preview":"max-image-preview:large","max-video-preview":"max-video-preview:-1"},"canonical":"https:\/\/www.polca.be\/de\/ueber-uns\/","og_locale":"de_DE","og_type":"article","og_title":"\u00dcber uns - Polca","og_description":"Unser Unternehmen Polca: ein belgisches Produkt &#8211; ein Haus, dem man vertrauen kann! Polca, ein optimales Verh\u00e4ltnis zwischen Qualit\u00e4t und Preis. Seit seiner Gr\u00fcndung im Jahr 1969 und im Laufe der Jahre ist Polca zum Synonym f\u00fcr Pastete geworden. Unser Familienunternehmen bleibt seinen Grundprinzipien treu, die Ihnen ein optimales Verh\u00e4ltnis zwischen Qualit\u00e4t und Preis garantieren. [&hellip;]","og_url":"https:\/\/www.polca.be\/de\/ueber-uns\/","og_site_name":"Polca","article_modified_time":"2025-02-25T10:17:57+00:00","og_image":[{"width":1920,"height":795,"url":"https:\/\/www.polca.be\/wp-content\/uploads\/2022\/10\/jambon-2.jpg","type":"image\/jpeg"}],"twitter_card":"summary_large_image","twitter_misc":{"Gesch\u00e4tzte Lesezeit":"1\u00a0Minute"},"schema":{"@context":"https:\/\/schema.org","@graph":[{"@type":"WebPage","@id":"https:\/\/www.polca.be\/de\/ueber-uns\/","url":"https:\/\/www.polca.be\/de\/ueber-uns\/","name":"\u00dcber uns - Polca","isPartOf":{"@id":"https:\/\/www.polca.be\/de\/#website"},"primaryImageOfPage":{"@id":"https:\/\/www.polca.be\/de\/ueber-uns\/#primaryimage"},"image":{"@id":"https:\/\/www.polca.be\/de\/ueber-uns\/#primaryimage"},"thumbnailUrl":"https:\/\/www.polca.be\/wp-content\/uploads\/2022\/10\/jambon-2.jpg","datePublished":"2022-10-20T07:22:17+00:00","dateModified":"2025-02-25T10:17:57+00:00","breadcrumb":{"@id":"https:\/\/www.polca.be\/de\/ueber-uns\/#breadcrumb"},"inLanguage":"de","potentialAction":[{"@type":"ReadAction","target":["https:\/\/www.polca.be\/de\/ueber-uns\/"]}]},{"@type":"ImageObject","inLanguage":"de","@id":"https:\/\/www.polca.be\/de\/ueber-uns\/#primaryimage","url":"https:\/\/www.polca.be\/wp-content\/uploads\/2022\/10\/jambon-2.jpg","contentUrl":"https:\/\/www.polca.be\/wp-content\/uploads\/2022\/10\/jambon-2.jpg","width":1920,"height":795},{"@type":"BreadcrumbList","@id":"https:\/\/www.polca.be\/de\/ueber-uns\/#breadcrumb","itemListElement":[{"@type":"ListItem","position":1,"name":"Home","item":"https:\/\/www.polca.be\/de\/"},{"@type":"ListItem","position":2,"name":"\u00dcber uns"}]},{"@type":"WebSite","@id":"https:\/\/www.polca.be\/de\/#website","url":"https:\/\/www.polca.be\/de\/","name":"Polca","description":"Un produit belge - une maison de confiance!","publisher":{"@id":"https:\/\/www.polca.be\/de\/#organization"},"potentialAction":[{"@type":"SearchAction","target":{"@type":"EntryPoint","urlTemplate":"https:\/\/www.polca.be\/de\/?s={search_term_string}"},"query-input":{"@type":"PropertyValueSpecification","valueRequired":true,"valueName":"search_term_string"}}],"inLanguage":"de"},{"@type":"Organization","@id":"https:\/\/www.polca.be\/de\/#organization","name":"Polca","url":"https:\/\/www.polca.be\/de\/","logo":{"@type":"ImageObject","inLanguage":"de","@id":"https:\/\/www.polca.be\/de\/#\/schema\/logo\/image\/","url":"https:\/\/www.polca.be\/wp-content\/uploads\/2022\/10\/logo-polca.svg","contentUrl":"https:\/\/www.polca.be\/wp-content\/uploads\/2022\/10\/logo-polca.svg","width":113,"height":90,"caption":"Polca"},"image":{"@id":"https:\/\/www.polca.be\/de\/#\/schema\/logo\/image\/"}}]}},"_links":{"self":[{"href":"https:\/\/www.polca.be\/de\/wp-json\/wp\/v2\/pages\/1843","targetHints":{"allow":["GET"]}}],"collection":[{"href":"https:\/\/www.polca.be\/de\/wp-json\/wp\/v2\/pages"}],"about":[{"href":"https:\/\/www.polca.be\/de\/wp-json\/wp\/v2\/types\/page"}],"author":[{"embeddable":true,"href":"https:\/\/www.polca.be\/de\/wp-json\/wp\/v2\/users\/1"}],"replies":[{"embeddable":true,"href":"https:\/\/www.polca.be\/de\/wp-json\/wp\/v2\/comments?post=1843"}],"version-history":[{"count":5,"href":"https:\/\/www.polca.be\/de\/wp-json\/wp\/v2\/pages\/1843\/revisions"}],"predecessor-version":[{"id":1946,"href":"https:\/\/www.polca.be\/de\/wp-json\/wp\/v2\/pages\/1843\/revisions\/1946"}],"wp:featuredmedia":[{"embeddable":true,"href":"https:\/\/www.polca.be\/de\/wp-json\/wp\/v2\/media\/725"}],"wp:attachment":[{"href":"https:\/\/www.polca.be\/de\/wp-json\/wp\/v2\/media?parent=1843"}],"curies":[{"name":"wp","href":"https:\/\/api.w.org\/{rel}","templated":true}]}}