{"id":1929,"date":"2025-02-12T12:22:34","date_gmt":"2025-02-12T11:22:34","guid":{"rendered":"https:\/\/polca.vps005.visible.be\/unser-engagement\/"},"modified":"2025-02-27T13:45:34","modified_gmt":"2025-02-27T12:45:34","slug":"unser-engagement","status":"publish","type":"page","link":"https:\/\/www.polca.be\/de\/unser-engagement\/","title":{"rendered":"Unser Engagement"},"content":{"rendered":"\t\t<div data-elementor-type=\"wp-page\" data-elementor-id=\"1929\" class=\"elementor elementor-1929 elementor-1628\" data-elementor-post-type=\"page\">\n\t\t\t\t\t\t<section class=\"elementor-section elementor-top-section elementor-element elementor-element-69935111 elementor-section-full_width elementor-reverse-mobile elementor-section-height-min-height elementor-section-items-stretch elementor-section-height-default\" data-id=\"69935111\" data-element_type=\"section\" data-e-type=\"section\">\n\t\t\t\t\t\t<div class=\"elementor-container elementor-column-gap-no\">\n\t\t\t\t\t<div class=\"elementor-column elementor-col-50 elementor-top-column elementor-element elementor-element-2e5d678d\" data-id=\"2e5d678d\" data-element_type=\"column\" data-e-type=\"column\">\n\t\t\t<div class=\"elementor-widget-wrap elementor-element-populated\">\n\t\t\t\t\t\t<section class=\"elementor-section elementor-inner-section elementor-element elementor-element-46f661ac elementor-section-boxed elementor-section-height-default elementor-section-height-default elementor-invisible\" data-id=\"46f661ac\" data-element_type=\"section\" data-e-type=\"section\" data-settings=\"{&quot;animation&quot;:&quot;slideInLeft&quot;}\">\n\t\t\t\t\t\t<div class=\"elementor-container elementor-column-gap-no\">\n\t\t\t\t\t<div class=\"elementor-column elementor-col-100 elementor-inner-column elementor-element elementor-element-5cd2c59f\" data-id=\"5cd2c59f\" data-element_type=\"column\" data-e-type=\"column\">\n\t\t\t<div class=\"elementor-widget-wrap elementor-element-populated\">\n\t\t\t\t\t\t<div class=\"elementor-element elementor-element-449a6e47 elementor-widget elementor-widget-heading\" data-id=\"449a6e47\" data-element_type=\"widget\" data-e-type=\"widget\" data-widget_type=\"heading.default\">\n\t\t\t\t<div class=\"elementor-widget-container\">\n\t\t\t\t\t<div class=\"elementor-heading-title elementor-size-default\">Unser soziales Engagement<\/div>\t\t\t\t<\/div>\n\t\t\t\t<\/div>\n\t\t\t\t<div class=\"elementor-element elementor-element-4239a652 elementor-widget elementor-widget-heading\" data-id=\"4239a652\" data-element_type=\"widget\" data-e-type=\"widget\" data-widget_type=\"heading.default\">\n\t\t\t\t<div class=\"elementor-widget-container\">\n\t\t\t\t\t<h1 class=\"elementor-heading-title elementor-size-default\">Qualit\u00e4t, Compliance und Ethik<\/h1>\t\t\t\t<\/div>\n\t\t\t\t<\/div>\n\t\t\t\t\t<\/div>\n\t\t<\/div>\n\t\t\t\t\t<\/div>\n\t\t<\/section>\n\t\t\t\t\t<\/div>\n\t\t<\/div>\n\t\t\t\t<div class=\"elementor-column elementor-col-50 elementor-top-column elementor-element elementor-element-42264050\" data-id=\"42264050\" data-element_type=\"column\" data-e-type=\"column\" data-settings=\"{&quot;background_background&quot;:&quot;classic&quot;}\">\n\t\t\t<div class=\"elementor-widget-wrap\">\n\t\t\t\t\t\t\t<\/div>\n\t\t<\/div>\n\t\t\t\t\t<\/div>\n\t\t<\/section>\n\t\t\t\t<section class=\"elementor-section elementor-top-section elementor-element elementor-element-2f575fc elementor-section-boxed elementor-section-height-default elementor-section-height-default\" data-id=\"2f575fc\" data-element_type=\"section\" data-e-type=\"section\">\n\t\t\t\t\t\t<div class=\"elementor-container elementor-column-gap-default\">\n\t\t\t\t\t<div class=\"elementor-column elementor-col-100 elementor-top-column elementor-element elementor-element-c8ba609\" data-id=\"c8ba609\" data-element_type=\"column\" data-e-type=\"column\">\n\t\t\t<div class=\"elementor-widget-wrap elementor-element-populated\">\n\t\t\t\t\t\t<div class=\"elementor-element elementor-element-c38d55d elementor-widget elementor-widget-text-editor\" data-id=\"c38d55d\" data-element_type=\"widget\" data-e-type=\"widget\" data-widget_type=\"text-editor.default\">\n\t\t\t\t<div class=\"elementor-widget-container\">\n\t\t\t\t\t\t\t\t\t<p>Polca liefert nicht nur erstklassige Pasteten, sondern tut dies auch auf eine Art und Weise, die die Verpflichtung des Unternehmens widerspiegelt, seine Gesch\u00e4ftsaktivit\u00e4ten in voller \u00dcbereinstimmung mit den geltenden Gesetzen zu f\u00fchren und die Grunds\u00e4tze der Integrit\u00e4t und Ehrlichkeit zu befolgen.<\/p>\n<p>Um die Einhaltung dieser Gesetze und Grunds\u00e4tze zu gew\u00e4hrleisten, st\u00fctzen wir uns auf Verhaltenskodexe (Mitarbeiter und Lieferanten) und Verwaltungsvorschriften, die zur st\u00e4ndigen Anwendung entwickelt wurden. Diese Kodexe, die Sie untenstehend lesen k\u00f6nnen, bilden die gemeinsame Grundlage f\u00fcr eine gesunde Zusammenarbeit, die auf die strikte Einhaltung unserer Werte, Gesetze und ethischen Grunds\u00e4tze ausgerichtet ist.<\/p>\n\t\t\t\t\t\t\t\t<\/div>\n\t\t\t\t<\/div>\n\t\t\t\t\t<\/div>\n\t\t<\/div>\n\t\t\t\t\t<\/div>\n\t\t<\/section>\n\t\t\t\t<section class=\"elementor-section elementor-top-section elementor-element elementor-element-832de5c elementor-section-boxed elementor-section-height-default elementor-section-height-default\" data-id=\"832de5c\" data-element_type=\"section\" data-e-type=\"section\">\n\t\t\t\t\t\t<div class=\"elementor-container elementor-column-gap-default\">\n\t\t\t\t\t<div class=\"elementor-column elementor-col-33 elementor-top-column elementor-element elementor-element-95ed9ba\" data-id=\"95ed9ba\" data-element_type=\"column\" data-e-type=\"column\">\n\t\t\t<div class=\"elementor-widget-wrap elementor-element-populated\">\n\t\t\t\t\t\t<div class=\"elementor-element elementor-element-9720e65 elementor-widget elementor-widget-image\" data-id=\"9720e65\" data-element_type=\"widget\" data-e-type=\"widget\" data-widget_type=\"image.default\">\n\t\t\t\t<div class=\"elementor-widget-container\">\n\t\t\t\t\t\t\t\t\t\t\t\t\t\t\t\t<a href=\"\/wp-content\/uploads\/2025\/02\/DE-DFG_Kodex-fur-Mitarbeiter-.pdf\" target=\"_blank\">\n\t\t\t\t\t\t\t<img fetchpriority=\"high\" decoding=\"async\" width=\"768\" height=\"944\" src=\"https:\/\/www.polca.be\/wp-content\/uploads\/2025\/02\/kodex-mitarbeiter-768x944.png\" class=\"attachment-medium_large size-medium_large wp-image-1925\" alt=\"kodex mitarbeiter\" srcset=\"https:\/\/www.polca.be\/wp-content\/uploads\/2025\/02\/kodex-mitarbeiter-768x944.png 768w, https:\/\/www.polca.be\/wp-content\/uploads\/2025\/02\/kodex-mitarbeiter-244x300.png 244w, https:\/\/www.polca.be\/wp-content\/uploads\/2025\/02\/kodex-mitarbeiter-833x1024.png 833w, https:\/\/www.polca.be\/wp-content\/uploads\/2025\/02\/kodex-mitarbeiter-1250x1536.png 1250w, https:\/\/www.polca.be\/wp-content\/uploads\/2025\/02\/kodex-mitarbeiter.png 1562w\" sizes=\"(max-width: 768px) 100vw, 768px\" \/>\t\t\t\t\t\t\t\t<\/a>\n\t\t\t\t\t\t\t\t\t\t\t\t\t\t\t<\/div>\n\t\t\t\t<\/div>\n\t\t\t\t\t<\/div>\n\t\t<\/div>\n\t\t\t\t<div class=\"elementor-column elementor-col-33 elementor-top-column elementor-element elementor-element-3782b17\" data-id=\"3782b17\" data-element_type=\"column\" data-e-type=\"column\">\n\t\t\t<div class=\"elementor-widget-wrap elementor-element-populated\">\n\t\t\t\t\t\t<div class=\"elementor-element elementor-element-aa53970 elementor-widget elementor-widget-image\" data-id=\"aa53970\" data-element_type=\"widget\" data-e-type=\"widget\" data-widget_type=\"image.default\">\n\t\t\t\t<div class=\"elementor-widget-container\">\n\t\t\t\t\t\t\t\t\t\t\t\t\t\t\t\t<a href=\"\/wp-content\/uploads\/2025\/02\/DE-DFG_KodexGeschaftsfuhrung.pdf\" target=\"_blank\">\n\t\t\t\t\t\t\t<img decoding=\"async\" width=\"768\" height=\"950\" src=\"https:\/\/www.polca.be\/wp-content\/uploads\/2025\/02\/Kodex-geschaftsfuhrung-768x950.png\" class=\"attachment-medium_large size-medium_large wp-image-1924\" alt=\"Kodex geschaftsfuhrung\" srcset=\"https:\/\/www.polca.be\/wp-content\/uploads\/2025\/02\/Kodex-geschaftsfuhrung-768x950.png 768w, https:\/\/www.polca.be\/wp-content\/uploads\/2025\/02\/Kodex-geschaftsfuhrung-243x300.png 243w, https:\/\/www.polca.be\/wp-content\/uploads\/2025\/02\/Kodex-geschaftsfuhrung-828x1024.png 828w, https:\/\/www.polca.be\/wp-content\/uploads\/2025\/02\/Kodex-geschaftsfuhrung-1242x1536.png 1242w, https:\/\/www.polca.be\/wp-content\/uploads\/2025\/02\/Kodex-geschaftsfuhrung.png 1552w\" sizes=\"(max-width: 768px) 100vw, 768px\" \/>\t\t\t\t\t\t\t\t<\/a>\n\t\t\t\t\t\t\t\t\t\t\t\t\t\t\t<\/div>\n\t\t\t\t<\/div>\n\t\t\t\t\t<\/div>\n\t\t<\/div>\n\t\t\t\t<div class=\"elementor-column elementor-col-33 elementor-top-column elementor-element elementor-element-3fe9406\" data-id=\"3fe9406\" data-element_type=\"column\" data-e-type=\"column\">\n\t\t\t<div class=\"elementor-widget-wrap elementor-element-populated\">\n\t\t\t\t\t\t<div class=\"elementor-element elementor-element-7e05d13 elementor-widget elementor-widget-image\" data-id=\"7e05d13\" data-element_type=\"widget\" data-e-type=\"widget\" data-widget_type=\"image.default\">\n\t\t\t\t<div class=\"elementor-widget-container\">\n\t\t\t\t\t\t\t\t\t\t\t\t\t\t\t\t<a href=\"\/wp-content\/uploads\/2025\/02\/DE-DFG_VerhaltenskodexfurLieferanten.pdf\" target=\"_blank\">\n\t\t\t\t\t\t\t<img decoding=\"async\" width=\"768\" height=\"949\" src=\"https:\/\/www.polca.be\/wp-content\/uploads\/2025\/02\/kodex-lieferanten-768x949.png\" class=\"attachment-medium_large size-medium_large wp-image-1923\" alt=\"kodex lieferanten\" srcset=\"https:\/\/www.polca.be\/wp-content\/uploads\/2025\/02\/kodex-lieferanten-768x949.png 768w, https:\/\/www.polca.be\/wp-content\/uploads\/2025\/02\/kodex-lieferanten-243x300.png 243w, https:\/\/www.polca.be\/wp-content\/uploads\/2025\/02\/kodex-lieferanten-828x1024.png 828w, https:\/\/www.polca.be\/wp-content\/uploads\/2025\/02\/kodex-lieferanten-1242x1536.png 1242w, https:\/\/www.polca.be\/wp-content\/uploads\/2025\/02\/kodex-lieferanten.png 1553w\" sizes=\"(max-width: 768px) 100vw, 768px\" \/>\t\t\t\t\t\t\t\t<\/a>\n\t\t\t\t\t\t\t\t\t\t\t\t\t\t\t<\/div>\n\t\t\t\t<\/div>\n\t\t\t\t\t<\/div>\n\t\t<\/div>\n\t\t\t\t\t<\/div>\n\t\t<\/section>\n\t\t\t\t<\/div>\n\t\t","protected":false},"excerpt":{"rendered":"<p>Unser soziales Engagement Qualit\u00e4t, Compliance und Ethik Polca liefert nicht nur erstklassige Pasteten, sondern tut dies auch auf eine Art und Weise, die die Verpflichtung des Unternehmens widerspiegelt, seine Gesch\u00e4ftsaktivit\u00e4ten in voller \u00dcbereinstimmung mit den geltenden Gesetzen zu f\u00fchren und die Grunds\u00e4tze der Integrit\u00e4t und Ehrlichkeit zu befolgen. Um die Einhaltung dieser Gesetze und Grunds\u00e4tze [&hellip;]<\/p>\n","protected":false},"author":1,"featured_media":0,"parent":0,"menu_order":0,"comment_status":"closed","ping_status":"closed","template":"","meta":{"_acf_changed":false,"inline_featured_image":false,"footnotes":""},"class_list":["post-1929","page","type-page","status-publish","hentry"],"acf":[],"yoast_head":"<!-- This site is optimized with the Yoast SEO plugin v27.2 - https:\/\/yoast.com\/product\/yoast-seo-wordpress\/ -->\n<title>Unser Engagement - Polca<\/title>\n<meta name=\"robots\" content=\"index, follow, max-snippet:-1, max-image-preview:large, max-video-preview:-1\" \/>\n<link rel=\"canonical\" href=\"https:\/\/www.polca.be\/de\/unser-engagement\/\" \/>\n<meta property=\"og:locale\" content=\"de_DE\" \/>\n<meta property=\"og:type\" content=\"article\" \/>\n<meta property=\"og:title\" content=\"Unser Engagement - Polca\" \/>\n<meta property=\"og:description\" content=\"Unser soziales Engagement Qualit\u00e4t, Compliance und Ethik Polca liefert nicht nur erstklassige Pasteten, sondern tut dies auch auf eine Art und Weise, die die Verpflichtung des Unternehmens widerspiegelt, seine Gesch\u00e4ftsaktivit\u00e4ten in voller \u00dcbereinstimmung mit den geltenden Gesetzen zu f\u00fchren und die Grunds\u00e4tze der Integrit\u00e4t und Ehrlichkeit zu befolgen. Um die Einhaltung dieser Gesetze und Grunds\u00e4tze [&hellip;]\" \/>\n<meta property=\"og:url\" content=\"https:\/\/www.polca.be\/de\/unser-engagement\/\" \/>\n<meta property=\"og:site_name\" content=\"Polca\" \/>\n<meta property=\"article:modified_time\" content=\"2025-02-27T12:45:34+00:00\" \/>\n<meta property=\"og:image\" content=\"https:\/\/polca.vps005.visible.be\/wp-content\/uploads\/2025\/02\/FR-DFG_CodePersonnel-2-768x944.webp\" \/>\n<meta name=\"twitter:card\" content=\"summary_large_image\" \/>\n<meta name=\"twitter:label1\" content=\"Gesch\u00e4tzte Lesezeit\" \/>\n\t<meta name=\"twitter:data1\" content=\"1\u00a0Minute\" \/>\n<script type=\"application\/ld+json\" class=\"yoast-schema-graph\">{\"@context\":\"https:\/\/schema.org\",\"@graph\":[{\"@type\":\"WebPage\",\"@id\":\"https:\/\/www.polca.be\/de\/unser-engagement\/\",\"url\":\"https:\/\/www.polca.be\/de\/unser-engagement\/\",\"name\":\"Unser Engagement - Polca\",\"isPartOf\":{\"@id\":\"https:\/\/www.polca.be\/de\/#website\"},\"primaryImageOfPage\":{\"@id\":\"https:\/\/www.polca.be\/de\/unser-engagement\/#primaryimage\"},\"image\":{\"@id\":\"https:\/\/www.polca.be\/de\/unser-engagement\/#primaryimage\"},\"thumbnailUrl\":\"https:\/\/polca.vps005.visible.be\/wp-content\/uploads\/2025\/02\/FR-DFG_CodePersonnel-2-768x944.webp\",\"datePublished\":\"2025-02-12T11:22:34+00:00\",\"dateModified\":\"2025-02-27T12:45:34+00:00\",\"breadcrumb\":{\"@id\":\"https:\/\/www.polca.be\/de\/unser-engagement\/#breadcrumb\"},\"inLanguage\":\"de\",\"potentialAction\":[{\"@type\":\"ReadAction\",\"target\":[\"https:\/\/www.polca.be\/de\/unser-engagement\/\"]}]},{\"@type\":\"ImageObject\",\"inLanguage\":\"de\",\"@id\":\"https:\/\/www.polca.be\/de\/unser-engagement\/#primaryimage\",\"url\":\"https:\/\/polca.vps005.visible.be\/wp-content\/uploads\/2025\/02\/FR-DFG_CodePersonnel-2-768x944.webp\",\"contentUrl\":\"https:\/\/polca.vps005.visible.be\/wp-content\/uploads\/2025\/02\/FR-DFG_CodePersonnel-2-768x944.webp\"},{\"@type\":\"BreadcrumbList\",\"@id\":\"https:\/\/www.polca.be\/de\/unser-engagement\/#breadcrumb\",\"itemListElement\":[{\"@type\":\"ListItem\",\"position\":1,\"name\":\"Home\",\"item\":\"https:\/\/www.polca.be\/de\/\"},{\"@type\":\"ListItem\",\"position\":2,\"name\":\"Unser Engagement\"}]},{\"@type\":\"WebSite\",\"@id\":\"https:\/\/www.polca.be\/de\/#website\",\"url\":\"https:\/\/www.polca.be\/de\/\",\"name\":\"Polca\",\"description\":\"Un produit belge - une maison de confiance!\",\"publisher\":{\"@id\":\"https:\/\/www.polca.be\/de\/#organization\"},\"potentialAction\":[{\"@type\":\"SearchAction\",\"target\":{\"@type\":\"EntryPoint\",\"urlTemplate\":\"https:\/\/www.polca.be\/de\/?s={search_term_string}\"},\"query-input\":{\"@type\":\"PropertyValueSpecification\",\"valueRequired\":true,\"valueName\":\"search_term_string\"}}],\"inLanguage\":\"de\"},{\"@type\":\"Organization\",\"@id\":\"https:\/\/www.polca.be\/de\/#organization\",\"name\":\"Polca\",\"url\":\"https:\/\/www.polca.be\/de\/\",\"logo\":{\"@type\":\"ImageObject\",\"inLanguage\":\"de\",\"@id\":\"https:\/\/www.polca.be\/de\/#\/schema\/logo\/image\/\",\"url\":\"https:\/\/www.polca.be\/wp-content\/uploads\/2022\/10\/logo-polca.svg\",\"contentUrl\":\"https:\/\/www.polca.be\/wp-content\/uploads\/2022\/10\/logo-polca.svg\",\"width\":113,\"height\":90,\"caption\":\"Polca\"},\"image\":{\"@id\":\"https:\/\/www.polca.be\/de\/#\/schema\/logo\/image\/\"}}]}<\/script>\n<!-- \/ Yoast SEO plugin. -->","yoast_head_json":{"title":"Unser Engagement - Polca","robots":{"index":"index","follow":"follow","max-snippet":"max-snippet:-1","max-image-preview":"max-image-preview:large","max-video-preview":"max-video-preview:-1"},"canonical":"https:\/\/www.polca.be\/de\/unser-engagement\/","og_locale":"de_DE","og_type":"article","og_title":"Unser Engagement - Polca","og_description":"Unser soziales Engagement Qualit\u00e4t, Compliance und Ethik Polca liefert nicht nur erstklassige Pasteten, sondern tut dies auch auf eine Art und Weise, die die Verpflichtung des Unternehmens widerspiegelt, seine Gesch\u00e4ftsaktivit\u00e4ten in voller \u00dcbereinstimmung mit den geltenden Gesetzen zu f\u00fchren und die Grunds\u00e4tze der Integrit\u00e4t und Ehrlichkeit zu befolgen. Um die Einhaltung dieser Gesetze und Grunds\u00e4tze [&hellip;]","og_url":"https:\/\/www.polca.be\/de\/unser-engagement\/","og_site_name":"Polca","article_modified_time":"2025-02-27T12:45:34+00:00","og_image":[{"url":"https:\/\/polca.vps005.visible.be\/wp-content\/uploads\/2025\/02\/FR-DFG_CodePersonnel-2-768x944.webp","type":"","width":"","height":""}],"twitter_card":"summary_large_image","twitter_misc":{"Gesch\u00e4tzte Lesezeit":"1\u00a0Minute"},"schema":{"@context":"https:\/\/schema.org","@graph":[{"@type":"WebPage","@id":"https:\/\/www.polca.be\/de\/unser-engagement\/","url":"https:\/\/www.polca.be\/de\/unser-engagement\/","name":"Unser Engagement - Polca","isPartOf":{"@id":"https:\/\/www.polca.be\/de\/#website"},"primaryImageOfPage":{"@id":"https:\/\/www.polca.be\/de\/unser-engagement\/#primaryimage"},"image":{"@id":"https:\/\/www.polca.be\/de\/unser-engagement\/#primaryimage"},"thumbnailUrl":"https:\/\/polca.vps005.visible.be\/wp-content\/uploads\/2025\/02\/FR-DFG_CodePersonnel-2-768x944.webp","datePublished":"2025-02-12T11:22:34+00:00","dateModified":"2025-02-27T12:45:34+00:00","breadcrumb":{"@id":"https:\/\/www.polca.be\/de\/unser-engagement\/#breadcrumb"},"inLanguage":"de","potentialAction":[{"@type":"ReadAction","target":["https:\/\/www.polca.be\/de\/unser-engagement\/"]}]},{"@type":"ImageObject","inLanguage":"de","@id":"https:\/\/www.polca.be\/de\/unser-engagement\/#primaryimage","url":"https:\/\/polca.vps005.visible.be\/wp-content\/uploads\/2025\/02\/FR-DFG_CodePersonnel-2-768x944.webp","contentUrl":"https:\/\/polca.vps005.visible.be\/wp-content\/uploads\/2025\/02\/FR-DFG_CodePersonnel-2-768x944.webp"},{"@type":"BreadcrumbList","@id":"https:\/\/www.polca.be\/de\/unser-engagement\/#breadcrumb","itemListElement":[{"@type":"ListItem","position":1,"name":"Home","item":"https:\/\/www.polca.be\/de\/"},{"@type":"ListItem","position":2,"name":"Unser Engagement"}]},{"@type":"WebSite","@id":"https:\/\/www.polca.be\/de\/#website","url":"https:\/\/www.polca.be\/de\/","name":"Polca","description":"Un produit belge - une maison de confiance!","publisher":{"@id":"https:\/\/www.polca.be\/de\/#organization"},"potentialAction":[{"@type":"SearchAction","target":{"@type":"EntryPoint","urlTemplate":"https:\/\/www.polca.be\/de\/?s={search_term_string}"},"query-input":{"@type":"PropertyValueSpecification","valueRequired":true,"valueName":"search_term_string"}}],"inLanguage":"de"},{"@type":"Organization","@id":"https:\/\/www.polca.be\/de\/#organization","name":"Polca","url":"https:\/\/www.polca.be\/de\/","logo":{"@type":"ImageObject","inLanguage":"de","@id":"https:\/\/www.polca.be\/de\/#\/schema\/logo\/image\/","url":"https:\/\/www.polca.be\/wp-content\/uploads\/2022\/10\/logo-polca.svg","contentUrl":"https:\/\/www.polca.be\/wp-content\/uploads\/2022\/10\/logo-polca.svg","width":113,"height":90,"caption":"Polca"},"image":{"@id":"https:\/\/www.polca.be\/de\/#\/schema\/logo\/image\/"}}]}},"_links":{"self":[{"href":"https:\/\/www.polca.be\/de\/wp-json\/wp\/v2\/pages\/1929","targetHints":{"allow":["GET"]}}],"collection":[{"href":"https:\/\/www.polca.be\/de\/wp-json\/wp\/v2\/pages"}],"about":[{"href":"https:\/\/www.polca.be\/de\/wp-json\/wp\/v2\/types\/page"}],"author":[{"embeddable":true,"href":"https:\/\/www.polca.be\/de\/wp-json\/wp\/v2\/users\/1"}],"replies":[{"embeddable":true,"href":"https:\/\/www.polca.be\/de\/wp-json\/wp\/v2\/comments?post=1929"}],"version-history":[{"count":2,"href":"https:\/\/www.polca.be\/de\/wp-json\/wp\/v2\/pages\/1929\/revisions"}],"predecessor-version":[{"id":2223,"href":"https:\/\/www.polca.be\/de\/wp-json\/wp\/v2\/pages\/1929\/revisions\/2223"}],"wp:attachment":[{"href":"https:\/\/www.polca.be\/de\/wp-json\/wp\/v2\/media?parent=1929"}],"curies":[{"name":"wp","href":"https:\/\/api.w.org\/{rel}","templated":true}]}}