{"id":1935,"date":"2022-10-20T09:22:50","date_gmt":"2022-10-20T07:22:50","guid":{"rendered":"https:\/\/polca.vps005.visible.be\/jobs\/"},"modified":"2025-02-26T09:49:12","modified_gmt":"2025-02-26T08:49:12","slug":"jobs","status":"publish","type":"page","link":"https:\/\/www.polca.be\/de\/jobs\/","title":{"rendered":"Jobs"},"content":{"rendered":"\t\t<div data-elementor-type=\"wp-page\" data-elementor-id=\"1935\" class=\"elementor elementor-1935 elementor-151\" data-elementor-post-type=\"page\">\n\t\t\t\t\t\t<section class=\"elementor-section elementor-top-section elementor-element elementor-element-4938971e elementor-section-full_width elementor-section-height-min-height elementor-section-items-stretch elementor-section-height-default\" data-id=\"4938971e\" data-element_type=\"section\" data-e-type=\"section\">\n\t\t\t\t\t\t<div class=\"elementor-container elementor-column-gap-no\">\n\t\t\t\t\t<div class=\"elementor-column elementor-col-50 elementor-top-column elementor-element elementor-element-f5da0e9\" data-id=\"f5da0e9\" data-element_type=\"column\" data-e-type=\"column\">\n\t\t\t<div class=\"elementor-widget-wrap elementor-element-populated\">\n\t\t\t\t\t\t<section class=\"elementor-section elementor-inner-section elementor-element elementor-element-3d31ae71 elementor-section-boxed elementor-section-height-default elementor-section-height-default elementor-invisible\" data-id=\"3d31ae71\" data-element_type=\"section\" data-e-type=\"section\" data-settings=\"{&quot;animation&quot;:&quot;slideInLeft&quot;}\">\n\t\t\t\t\t\t<div class=\"elementor-container elementor-column-gap-no\">\n\t\t\t\t\t<div class=\"elementor-column elementor-col-100 elementor-inner-column elementor-element elementor-element-739fc03b\" data-id=\"739fc03b\" data-element_type=\"column\" data-e-type=\"column\">\n\t\t\t<div class=\"elementor-widget-wrap elementor-element-populated\">\n\t\t\t\t\t\t<div class=\"elementor-element elementor-element-77a36018 elementor-widget elementor-widget-heading\" data-id=\"77a36018\" data-element_type=\"widget\" data-e-type=\"widget\" data-widget_type=\"heading.default\">\n\t\t\t\t<div class=\"elementor-widget-container\">\n\t\t\t\t\t<div class=\"elementor-heading-title elementor-size-default\">Jobs<\/div>\t\t\t\t<\/div>\n\t\t\t\t<\/div>\n\t\t\t\t<div class=\"elementor-element elementor-element-299a4a7f elementor-widget elementor-widget-heading\" data-id=\"299a4a7f\" data-element_type=\"widget\" data-e-type=\"widget\" data-widget_type=\"heading.default\">\n\t\t\t\t<div class=\"elementor-widget-container\">\n\t\t\t\t\t<h1 class=\"elementor-heading-title elementor-size-default\">Schlie\u00dfen Sie sich bei uns an!<\/h1>\t\t\t\t<\/div>\n\t\t\t\t<\/div>\n\t\t\t\t\t<\/div>\n\t\t<\/div>\n\t\t\t\t\t<\/div>\n\t\t<\/section>\n\t\t\t\t\t<\/div>\n\t\t<\/div>\n\t\t\t\t<div class=\"elementor-column elementor-col-50 elementor-top-column elementor-element elementor-element-308bc45f\" data-id=\"308bc45f\" data-element_type=\"column\" data-e-type=\"column\" data-settings=\"{&quot;background_background&quot;:&quot;classic&quot;}\">\n\t\t\t<div class=\"elementor-widget-wrap elementor-element-populated\">\n\t\t\t\t\t\t<div class=\"elementor-element elementor-element-2c2eac3d elementor-widget elementor-widget-spacer\" data-id=\"2c2eac3d\" data-element_type=\"widget\" data-e-type=\"widget\" data-widget_type=\"spacer.default\">\n\t\t\t\t<div class=\"elementor-widget-container\">\n\t\t\t\t\t\t\t<div class=\"elementor-spacer\">\n\t\t\t<div class=\"elementor-spacer-inner\"><\/div>\n\t\t<\/div>\n\t\t\t\t\t\t<\/div>\n\t\t\t\t<\/div>\n\t\t\t\t\t<\/div>\n\t\t<\/div>\n\t\t\t\t\t<\/div>\n\t\t<\/section>\n\t\t\t\t<section class=\"elementor-section elementor-top-section elementor-element elementor-element-2ea84ad8 elementor-section-boxed elementor-section-height-default elementor-section-height-default\" data-id=\"2ea84ad8\" data-element_type=\"section\" data-e-type=\"section\">\n\t\t\t\t\t\t<div class=\"elementor-container elementor-column-gap-default\">\n\t\t\t\t\t<div class=\"elementor-column elementor-col-100 elementor-top-column elementor-element elementor-element-72f00953\" data-id=\"72f00953\" data-element_type=\"column\" data-e-type=\"column\">\n\t\t\t<div class=\"elementor-widget-wrap elementor-element-populated\">\n\t\t\t\t\t\t<div class=\"elementor-element elementor-element-39c57d89 elementor-widget elementor-widget-text-editor\" data-id=\"39c57d89\" data-element_type=\"widget\" data-e-type=\"widget\" data-widget_type=\"text-editor.default\">\n\t\t\t\t<div class=\"elementor-widget-container\">\n\t\t\t\t\t\t\t\t\t<p><strong>Bei Polca sind wir st\u00e4ndig auf der Suche nach neuen Talenten, um unsere Teams zu verst\u00e4rken!<\/strong><\/p>\n<p><strong>Ganz gleich, ob Sie Berufseinsteiger, Berufserfahrener oder einfach nur auf der Suche nach einer spannenden T\u00e4tigkeit in einem familiengef\u00fchrten und zukunftsorientierten Unternehmen sind &#8211; wir stellen regelm\u00e4\u00dfig neue Mitarbeiter ein!<\/strong><\/p>\n<p>In dieser Rubrik finden Sie alle unsere Stellenangebote. Z\u00f6gern Sie nicht, einen Blick darauf zu werfen und sich zu bewerben.<\/p>\n<p>Neben dem Curriculum Vitae (Lebenslauf) achten wir besonders auf die Motivation, den Wunsch, sich weiterzuentwickeln, und die Werte unserer Mitarbeiter.<br \/>Wenn Sie glauben, dass Sie diesen Erwartungen entsprechen, dann warten Sie nicht l\u00e4nger und bewerben Sie sich!<\/p>\n\t\t\t\t\t\t\t\t<\/div>\n\t\t\t\t<\/div>\n\t\t\t\t\t<\/div>\n\t\t<\/div>\n\t\t\t\t\t<\/div>\n\t\t<\/section>\n\t\t\t\t<section class=\"elementor-section elementor-top-section elementor-element elementor-element-2be181f6 elementor-section-boxed elementor-section-height-default elementor-section-height-default\" data-id=\"2be181f6\" data-element_type=\"section\" data-e-type=\"section\" data-settings=\"{&quot;background_background&quot;:&quot;classic&quot;}\">\n\t\t\t\t\t\t<div class=\"elementor-container elementor-column-gap-default\">\n\t\t\t\t\t<div class=\"elementor-column elementor-col-100 elementor-top-column elementor-element elementor-element-8c400db\" data-id=\"8c400db\" data-element_type=\"column\" data-e-type=\"column\">\n\t\t\t<div class=\"elementor-widget-wrap elementor-element-populated\">\n\t\t\t\t\t\t<section class=\"elementor-section elementor-inner-section elementor-element elementor-element-4e67ed7f elementor-section-content-middle elementor-reverse-mobile elementor-section-boxed elementor-section-height-default elementor-section-height-default\" data-id=\"4e67ed7f\" data-element_type=\"section\" data-e-type=\"section\">\n\t\t\t\t\t\t<div class=\"elementor-container elementor-column-gap-default\">\n\t\t\t\t\t<div class=\"elementor-column elementor-col-50 elementor-inner-column elementor-element elementor-element-74de67d0 elementor-invisible\" data-id=\"74de67d0\" data-element_type=\"column\" data-e-type=\"column\" data-settings=\"{&quot;animation&quot;:&quot;slideInLeft&quot;}\">\n\t\t\t<div class=\"elementor-widget-wrap elementor-element-populated\">\n\t\t\t\t\t\t<div class=\"elementor-element elementor-element-79253c03 elementor-widget elementor-widget-text-editor\" data-id=\"79253c03\" data-element_type=\"widget\" data-e-type=\"widget\" data-widget_type=\"text-editor.default\">\n\t\t\t\t<div class=\"elementor-widget-container\">\n\t\t\t\t\t\t\t\t\t<p>Keine der aktuellen Stellenangebote entspricht Ihrem Profil, aber Sie glauben, dass Sie mit Ihrer Ausbildung und\/oder Ihren F\u00e4higkeiten zum Fortbestand des Unternehmens POLCA beitragen k\u00f6nnen?<\/p>\n<p>Z\u00f6gern Sie nicht, eine Spontanbewerbung einzureichen!<\/p>\n<p>Wir werden sie sorgf\u00e4ltig aufbewahren und nicht z\u00f6gern, Sie zu kontaktieren, wenn sich eine Gelegenheit bietet.<\/p>\n\t\t\t\t\t\t\t\t<\/div>\n\t\t\t\t<\/div>\n\t\t\t\t<div class=\"elementor-element elementor-element-6102839c elementor-align-right elementor-mobile-align-left elementor-widget elementor-widget-button\" data-id=\"6102839c\" data-element_type=\"widget\" data-e-type=\"widget\" data-widget_type=\"button.default\">\n\t\t\t\t<div class=\"elementor-widget-container\">\n\t\t\t\t\t\t\t\t\t<div class=\"elementor-button-wrapper\">\n\t\t\t\t\t<a class=\"elementor-button elementor-button-link elementor-size-sm\" href=\"#contact\">\n\t\t\t\t\t\t<span class=\"elementor-button-content-wrapper\">\n\t\t\t\t\t\t\t\t\t<span class=\"elementor-button-text\">Meine Bewerbung senden<\/span>\n\t\t\t\t\t<\/span>\n\t\t\t\t\t<\/a>\n\t\t\t\t<\/div>\n\t\t\t\t\t\t\t\t<\/div>\n\t\t\t\t<\/div>\n\t\t\t\t\t<\/div>\n\t\t<\/div>\n\t\t\t\t<div class=\"elementor-column elementor-col-50 elementor-inner-column elementor-element elementor-element-887137d\" data-id=\"887137d\" data-element_type=\"column\" data-e-type=\"column\">\n\t\t\t<div class=\"elementor-widget-wrap elementor-element-populated\">\n\t\t\t\t\t\t<div class=\"elementor-element elementor-element-389e85c elementor-widget elementor-widget-heading\" data-id=\"389e85c\" data-element_type=\"widget\" data-e-type=\"widget\" data-widget_type=\"heading.default\">\n\t\t\t\t<div class=\"elementor-widget-container\">\n\t\t\t\t\t<h3 class=\"elementor-heading-title elementor-size-default\">Spontane Bewerbung<\/h3>\t\t\t\t<\/div>\n\t\t\t\t<\/div>\n\t\t\t\t<div class=\"elementor-element elementor-element-18878a34 elementor-widget elementor-widget-image\" data-id=\"18878a34\" data-element_type=\"widget\" data-e-type=\"widget\" data-widget_type=\"image.default\">\n\t\t\t\t<div class=\"elementor-widget-container\">\n\t\t\t\t\t\t\t\t\t\t\t\t\t\t\t<img decoding=\"async\" width=\"165\" height=\"172\" src=\"https:\/\/www.polca.be\/wp-content\/uploads\/2025\/02\/candidature-spontanee-img.png\" class=\"attachment-large size-large wp-image-2040\" alt=\"Polca - Candidature spontan\u00e9e\" \/>\t\t\t\t\t\t\t\t\t\t\t\t\t\t\t<\/div>\n\t\t\t\t<\/div>\n\t\t\t\t\t<\/div>\n\t\t<\/div>\n\t\t\t\t\t<\/div>\n\t\t<\/section>\n\t\t\t\t\t<\/div>\n\t\t<\/div>\n\t\t\t\t\t<\/div>\n\t\t<\/section>\n\t\t\t\t<\/div>\n\t\t","protected":false},"excerpt":{"rendered":"<p>Jobs Schlie\u00dfen Sie sich bei uns an! Bei Polca sind wir st\u00e4ndig auf der Suche nach neuen Talenten, um unsere Teams zu verst\u00e4rken! Ganz gleich, ob Sie Berufseinsteiger, Berufserfahrener oder einfach nur auf der Suche nach einer spannenden T\u00e4tigkeit in einem familiengef\u00fchrten und zukunftsorientierten Unternehmen sind &#8211; wir stellen regelm\u00e4\u00dfig neue Mitarbeiter ein! In dieser [&hellip;]<\/p>\n","protected":false},"author":1,"featured_media":875,"parent":0,"menu_order":0,"comment_status":"closed","ping_status":"closed","template":"","meta":{"_acf_changed":false,"inline_featured_image":false,"footnotes":""},"class_list":["post-1935","page","type-page","status-publish","has-post-thumbnail","hentry"],"acf":[],"yoast_head":"<!-- This site is optimized with the Yoast SEO plugin v27.2 - https:\/\/yoast.com\/product\/yoast-seo-wordpress\/ -->\n<title>Jobs - Polca<\/title>\n<meta name=\"robots\" content=\"index, follow, max-snippet:-1, max-image-preview:large, max-video-preview:-1\" \/>\n<link rel=\"canonical\" href=\"https:\/\/www.polca.be\/de\/jobs\/\" \/>\n<meta property=\"og:locale\" content=\"de_DE\" \/>\n<meta property=\"og:type\" content=\"article\" \/>\n<meta property=\"og:title\" content=\"Jobs - Polca\" \/>\n<meta property=\"og:description\" content=\"Jobs Schlie\u00dfen Sie sich bei uns an! Bei Polca sind wir st\u00e4ndig auf der Suche nach neuen Talenten, um unsere Teams zu verst\u00e4rken! Ganz gleich, ob Sie Berufseinsteiger, Berufserfahrener oder einfach nur auf der Suche nach einer spannenden T\u00e4tigkeit in einem familiengef\u00fchrten und zukunftsorientierten Unternehmen sind &#8211; wir stellen regelm\u00e4\u00dfig neue Mitarbeiter ein! In dieser [&hellip;]\" \/>\n<meta property=\"og:url\" content=\"https:\/\/www.polca.be\/de\/jobs\/\" \/>\n<meta property=\"og:site_name\" content=\"Polca\" \/>\n<meta property=\"article:modified_time\" content=\"2025-02-26T08:49:12+00:00\" \/>\n<meta property=\"og:image\" content=\"https:\/\/www.polca.be\/wp-content\/uploads\/2022\/10\/AdobeStock_434529113.jpg\" \/>\n\t<meta property=\"og:image:width\" content=\"1450\" \/>\n\t<meta property=\"og:image:height\" content=\"780\" \/>\n\t<meta property=\"og:image:type\" content=\"image\/jpeg\" \/>\n<meta name=\"twitter:card\" content=\"summary_large_image\" \/>\n<meta name=\"twitter:label1\" content=\"Gesch\u00e4tzte Lesezeit\" \/>\n\t<meta name=\"twitter:data1\" content=\"1\u00a0Minute\" \/>\n<script type=\"application\/ld+json\" class=\"yoast-schema-graph\">{\"@context\":\"https:\/\/schema.org\",\"@graph\":[{\"@type\":\"WebPage\",\"@id\":\"https:\/\/www.polca.be\/de\/jobs\/\",\"url\":\"https:\/\/www.polca.be\/de\/jobs\/\",\"name\":\"Jobs - Polca\",\"isPartOf\":{\"@id\":\"https:\/\/www.polca.be\/de\/#website\"},\"primaryImageOfPage\":{\"@id\":\"https:\/\/www.polca.be\/de\/jobs\/#primaryimage\"},\"image\":{\"@id\":\"https:\/\/www.polca.be\/de\/jobs\/#primaryimage\"},\"thumbnailUrl\":\"https:\/\/www.polca.be\/wp-content\/uploads\/2022\/10\/AdobeStock_434529113.jpg\",\"datePublished\":\"2022-10-20T07:22:50+00:00\",\"dateModified\":\"2025-02-26T08:49:12+00:00\",\"breadcrumb\":{\"@id\":\"https:\/\/www.polca.be\/de\/jobs\/#breadcrumb\"},\"inLanguage\":\"de\",\"potentialAction\":[{\"@type\":\"ReadAction\",\"target\":[\"https:\/\/www.polca.be\/de\/jobs\/\"]}]},{\"@type\":\"ImageObject\",\"inLanguage\":\"de\",\"@id\":\"https:\/\/www.polca.be\/de\/jobs\/#primaryimage\",\"url\":\"https:\/\/www.polca.be\/wp-content\/uploads\/2022\/10\/AdobeStock_434529113.jpg\",\"contentUrl\":\"https:\/\/www.polca.be\/wp-content\/uploads\/2022\/10\/AdobeStock_434529113.jpg\",\"width\":1450,\"height\":780},{\"@type\":\"BreadcrumbList\",\"@id\":\"https:\/\/www.polca.be\/de\/jobs\/#breadcrumb\",\"itemListElement\":[{\"@type\":\"ListItem\",\"position\":1,\"name\":\"Home\",\"item\":\"https:\/\/www.polca.be\/de\/\"},{\"@type\":\"ListItem\",\"position\":2,\"name\":\"Jobs\"}]},{\"@type\":\"WebSite\",\"@id\":\"https:\/\/www.polca.be\/de\/#website\",\"url\":\"https:\/\/www.polca.be\/de\/\",\"name\":\"Polca\",\"description\":\"Un produit belge - une maison de confiance!\",\"publisher\":{\"@id\":\"https:\/\/www.polca.be\/de\/#organization\"},\"potentialAction\":[{\"@type\":\"SearchAction\",\"target\":{\"@type\":\"EntryPoint\",\"urlTemplate\":\"https:\/\/www.polca.be\/de\/?s={search_term_string}\"},\"query-input\":{\"@type\":\"PropertyValueSpecification\",\"valueRequired\":true,\"valueName\":\"search_term_string\"}}],\"inLanguage\":\"de\"},{\"@type\":\"Organization\",\"@id\":\"https:\/\/www.polca.be\/de\/#organization\",\"name\":\"Polca\",\"url\":\"https:\/\/www.polca.be\/de\/\",\"logo\":{\"@type\":\"ImageObject\",\"inLanguage\":\"de\",\"@id\":\"https:\/\/www.polca.be\/de\/#\/schema\/logo\/image\/\",\"url\":\"https:\/\/www.polca.be\/wp-content\/uploads\/2022\/10\/logo-polca.svg\",\"contentUrl\":\"https:\/\/www.polca.be\/wp-content\/uploads\/2022\/10\/logo-polca.svg\",\"width\":113,\"height\":90,\"caption\":\"Polca\"},\"image\":{\"@id\":\"https:\/\/www.polca.be\/de\/#\/schema\/logo\/image\/\"}}]}<\/script>\n<!-- \/ Yoast SEO plugin. -->","yoast_head_json":{"title":"Jobs - Polca","robots":{"index":"index","follow":"follow","max-snippet":"max-snippet:-1","max-image-preview":"max-image-preview:large","max-video-preview":"max-video-preview:-1"},"canonical":"https:\/\/www.polca.be\/de\/jobs\/","og_locale":"de_DE","og_type":"article","og_title":"Jobs - Polca","og_description":"Jobs Schlie\u00dfen Sie sich bei uns an! Bei Polca sind wir st\u00e4ndig auf der Suche nach neuen Talenten, um unsere Teams zu verst\u00e4rken! Ganz gleich, ob Sie Berufseinsteiger, Berufserfahrener oder einfach nur auf der Suche nach einer spannenden T\u00e4tigkeit in einem familiengef\u00fchrten und zukunftsorientierten Unternehmen sind &#8211; wir stellen regelm\u00e4\u00dfig neue Mitarbeiter ein! In dieser [&hellip;]","og_url":"https:\/\/www.polca.be\/de\/jobs\/","og_site_name":"Polca","article_modified_time":"2025-02-26T08:49:12+00:00","og_image":[{"width":1450,"height":780,"url":"https:\/\/www.polca.be\/wp-content\/uploads\/2022\/10\/AdobeStock_434529113.jpg","type":"image\/jpeg"}],"twitter_card":"summary_large_image","twitter_misc":{"Gesch\u00e4tzte Lesezeit":"1\u00a0Minute"},"schema":{"@context":"https:\/\/schema.org","@graph":[{"@type":"WebPage","@id":"https:\/\/www.polca.be\/de\/jobs\/","url":"https:\/\/www.polca.be\/de\/jobs\/","name":"Jobs - Polca","isPartOf":{"@id":"https:\/\/www.polca.be\/de\/#website"},"primaryImageOfPage":{"@id":"https:\/\/www.polca.be\/de\/jobs\/#primaryimage"},"image":{"@id":"https:\/\/www.polca.be\/de\/jobs\/#primaryimage"},"thumbnailUrl":"https:\/\/www.polca.be\/wp-content\/uploads\/2022\/10\/AdobeStock_434529113.jpg","datePublished":"2022-10-20T07:22:50+00:00","dateModified":"2025-02-26T08:49:12+00:00","breadcrumb":{"@id":"https:\/\/www.polca.be\/de\/jobs\/#breadcrumb"},"inLanguage":"de","potentialAction":[{"@type":"ReadAction","target":["https:\/\/www.polca.be\/de\/jobs\/"]}]},{"@type":"ImageObject","inLanguage":"de","@id":"https:\/\/www.polca.be\/de\/jobs\/#primaryimage","url":"https:\/\/www.polca.be\/wp-content\/uploads\/2022\/10\/AdobeStock_434529113.jpg","contentUrl":"https:\/\/www.polca.be\/wp-content\/uploads\/2022\/10\/AdobeStock_434529113.jpg","width":1450,"height":780},{"@type":"BreadcrumbList","@id":"https:\/\/www.polca.be\/de\/jobs\/#breadcrumb","itemListElement":[{"@type":"ListItem","position":1,"name":"Home","item":"https:\/\/www.polca.be\/de\/"},{"@type":"ListItem","position":2,"name":"Jobs"}]},{"@type":"WebSite","@id":"https:\/\/www.polca.be\/de\/#website","url":"https:\/\/www.polca.be\/de\/","name":"Polca","description":"Un produit belge - une maison de confiance!","publisher":{"@id":"https:\/\/www.polca.be\/de\/#organization"},"potentialAction":[{"@type":"SearchAction","target":{"@type":"EntryPoint","urlTemplate":"https:\/\/www.polca.be\/de\/?s={search_term_string}"},"query-input":{"@type":"PropertyValueSpecification","valueRequired":true,"valueName":"search_term_string"}}],"inLanguage":"de"},{"@type":"Organization","@id":"https:\/\/www.polca.be\/de\/#organization","name":"Polca","url":"https:\/\/www.polca.be\/de\/","logo":{"@type":"ImageObject","inLanguage":"de","@id":"https:\/\/www.polca.be\/de\/#\/schema\/logo\/image\/","url":"https:\/\/www.polca.be\/wp-content\/uploads\/2022\/10\/logo-polca.svg","contentUrl":"https:\/\/www.polca.be\/wp-content\/uploads\/2022\/10\/logo-polca.svg","width":113,"height":90,"caption":"Polca"},"image":{"@id":"https:\/\/www.polca.be\/de\/#\/schema\/logo\/image\/"}}]}},"_links":{"self":[{"href":"https:\/\/www.polca.be\/de\/wp-json\/wp\/v2\/pages\/1935","targetHints":{"allow":["GET"]}}],"collection":[{"href":"https:\/\/www.polca.be\/de\/wp-json\/wp\/v2\/pages"}],"about":[{"href":"https:\/\/www.polca.be\/de\/wp-json\/wp\/v2\/types\/page"}],"author":[{"embeddable":true,"href":"https:\/\/www.polca.be\/de\/wp-json\/wp\/v2\/users\/1"}],"replies":[{"embeddable":true,"href":"https:\/\/www.polca.be\/de\/wp-json\/wp\/v2\/comments?post=1935"}],"version-history":[{"count":3,"href":"https:\/\/www.polca.be\/de\/wp-json\/wp\/v2\/pages\/1935\/revisions"}],"predecessor-version":[{"id":2057,"href":"https:\/\/www.polca.be\/de\/wp-json\/wp\/v2\/pages\/1935\/revisions\/2057"}],"wp:featuredmedia":[{"embeddable":true,"href":"https:\/\/www.polca.be\/de\/wp-json\/wp\/v2\/media\/875"}],"wp:attachment":[{"href":"https:\/\/www.polca.be\/de\/wp-json\/wp\/v2\/media?parent=1935"}],"curies":[{"name":"wp","href":"https:\/\/api.w.org\/{rel}","templated":true}]}}