{"id":1947,"date":"2022-11-01T11:59:27","date_gmt":"2022-11-01T10:59:27","guid":{"rendered":"https:\/\/polca.vps005.visible.be\/nachhaltigkeit\/"},"modified":"2025-02-27T10:52:34","modified_gmt":"2025-02-27T09:52:34","slug":"nachhaltigkeit","status":"publish","type":"page","link":"https:\/\/www.polca.be\/de\/nachhaltigkeit\/","title":{"rendered":"Nachhaltigkeit"},"content":{"rendered":"\t\t<div data-elementor-type=\"wp-page\" data-elementor-id=\"1947\" class=\"elementor elementor-1947 elementor-513\" data-elementor-post-type=\"page\">\n\t\t\t\t\t\t<section class=\"elementor-section elementor-top-section elementor-element elementor-element-4458313 elementor-section-full_width elementor-reverse-mobile elementor-section-height-min-height elementor-section-items-stretch elementor-section-height-default\" data-id=\"4458313\" data-element_type=\"section\" data-e-type=\"section\">\n\t\t\t\t\t\t<div class=\"elementor-container elementor-column-gap-no\">\n\t\t\t\t\t<div class=\"elementor-column elementor-col-50 elementor-top-column elementor-element elementor-element-659b78d\" data-id=\"659b78d\" data-element_type=\"column\" data-e-type=\"column\">\n\t\t\t<div class=\"elementor-widget-wrap elementor-element-populated\">\n\t\t\t\t\t\t<section class=\"elementor-section elementor-inner-section elementor-element elementor-element-0544064 elementor-section-boxed elementor-section-height-default elementor-section-height-default elementor-invisible\" data-id=\"0544064\" data-element_type=\"section\" data-e-type=\"section\" data-settings=\"{&quot;animation&quot;:&quot;slideInLeft&quot;}\">\n\t\t\t\t\t\t<div class=\"elementor-container elementor-column-gap-no\">\n\t\t\t\t\t<div class=\"elementor-column elementor-col-100 elementor-inner-column elementor-element elementor-element-bbf8cbb\" data-id=\"bbf8cbb\" data-element_type=\"column\" data-e-type=\"column\">\n\t\t\t<div class=\"elementor-widget-wrap elementor-element-populated\">\n\t\t\t\t\t\t<div class=\"elementor-element elementor-element-b449b21 elementor-widget elementor-widget-heading\" data-id=\"b449b21\" data-element_type=\"widget\" data-e-type=\"widget\" data-widget_type=\"heading.default\">\n\t\t\t\t<div class=\"elementor-widget-container\">\n\t\t\t\t\t<div class=\"elementor-heading-title elementor-size-default\">Nachhaltigkeit<\/div>\t\t\t\t<\/div>\n\t\t\t\t<\/div>\n\t\t\t\t<div class=\"elementor-element elementor-element-286c384 elementor-widget elementor-widget-heading\" data-id=\"286c384\" data-element_type=\"widget\" data-e-type=\"widget\" data-widget_type=\"heading.default\">\n\t\t\t\t<div class=\"elementor-widget-container\">\n\t\t\t\t\t<h1 class=\"elementor-heading-title elementor-size-default\">Nachhaltigkeit als Kern unserer Unternehmenskultur<\/h1>\t\t\t\t<\/div>\n\t\t\t\t<\/div>\n\t\t\t\t\t<\/div>\n\t\t<\/div>\n\t\t\t\t\t<\/div>\n\t\t<\/section>\n\t\t\t\t\t<\/div>\n\t\t<\/div>\n\t\t\t\t<div class=\"elementor-column elementor-col-50 elementor-top-column elementor-element elementor-element-0e022e1\" data-id=\"0e022e1\" data-element_type=\"column\" data-e-type=\"column\" data-settings=\"{&quot;background_background&quot;:&quot;classic&quot;}\">\n\t\t\t<div class=\"elementor-widget-wrap\">\n\t\t\t\t\t\t\t<\/div>\n\t\t<\/div>\n\t\t\t\t\t<\/div>\n\t\t<\/section>\n\t\t\t\t<section class=\"elementor-section elementor-top-section elementor-element elementor-element-bce18e9 elementor-section-boxed elementor-section-height-default elementor-section-height-default\" data-id=\"bce18e9\" data-element_type=\"section\" data-e-type=\"section\">\n\t\t\t\t\t\t<div class=\"elementor-container elementor-column-gap-default\">\n\t\t\t\t\t<div class=\"elementor-column elementor-col-100 elementor-top-column elementor-element elementor-element-534bca9\" data-id=\"534bca9\" data-element_type=\"column\" data-e-type=\"column\">\n\t\t\t<div class=\"elementor-widget-wrap elementor-element-populated\">\n\t\t\t\t\t\t<section class=\"elementor-section elementor-inner-section elementor-element elementor-element-95277ef elementor-section-content-middle elementor-section-height-min-height elementor-section-boxed elementor-section-height-default\" data-id=\"95277ef\" data-element_type=\"section\" data-e-type=\"section\">\n\t\t\t\t\t\t<div class=\"elementor-container elementor-column-gap-default\">\n\t\t\t\t\t<div class=\"elementor-column elementor-col-50 elementor-inner-column elementor-element elementor-element-31de89e\" data-id=\"31de89e\" data-element_type=\"column\" data-e-type=\"column\" data-settings=\"{&quot;background_background&quot;:&quot;classic&quot;}\">\n\t\t\t<div class=\"elementor-widget-wrap elementor-element-populated\">\n\t\t\t\t\t\t<div class=\"elementor-element elementor-element-80da20d elementor-widget__width-auto elementor-absolute elementor-hidden-mobile elementor-hidden-tablet elementor-view-default elementor-widget elementor-widget-icon\" data-id=\"80da20d\" data-element_type=\"widget\" data-e-type=\"widget\" data-settings=\"{&quot;_position&quot;:&quot;absolute&quot;}\" data-widget_type=\"icon.default\">\n\t\t\t\t<div class=\"elementor-widget-container\">\n\t\t\t\t\t\t\t<div class=\"elementor-icon-wrapper\">\n\t\t\t<div class=\"elementor-icon\">\n\t\t\t<svg xmlns=\"http:\/\/www.w3.org\/2000\/svg\" width=\"64\" height=\"358\" viewBox=\"0 0 64 358\"><rect id=\"Rectangle_772\" data-name=\"Rectangle 772\" width=\"64\" height=\"358\" rx=\"23\" fill=\"#fff\"><\/rect><\/svg>\t\t\t<\/div>\n\t\t<\/div>\n\t\t\t\t\t\t<\/div>\n\t\t\t\t<\/div>\n\t\t\t\t\t<\/div>\n\t\t<\/div>\n\t\t\t\t<div class=\"elementor-column elementor-col-50 elementor-inner-column elementor-element elementor-element-d1ed25c elementor-invisible\" data-id=\"d1ed25c\" data-element_type=\"column\" data-e-type=\"column\" data-settings=\"{&quot;animation&quot;:&quot;slideInRight&quot;,&quot;background_background&quot;:&quot;classic&quot;}\">\n\t\t\t<div class=\"elementor-widget-wrap elementor-element-populated\">\n\t\t\t\t\t\t<div class=\"elementor-element elementor-element-6be6b57 elementor-widget elementor-widget-text-editor\" data-id=\"6be6b57\" data-element_type=\"widget\" data-e-type=\"widget\" data-widget_type=\"text-editor.default\">\n\t\t\t\t<div class=\"elementor-widget-container\">\n\t\t\t\t\t\t\t\t\t<h3>Soziales Engagement<\/h3>\n<p>Ein verantwortungsvoller Arbeitgeber<\/p>\n<ul> \t<\/p>\n<li>Polca bietet seinen Mitarbeitern einen lohnenden und stabilen Arbeitsplatz.<\/li>\n<p> \t<\/p>\n<li>Polca h\u00e4lt sich an alle gesetzlichen Bestimmungen in Bezug auf die Entlohnung und die Verwaltung ihres Personals.<\/li>\n<p> \t<\/p>\n<li>Polca achtet besonders auf die Arbeitsbedingungen seines Personals.<\/li>\n<p> \t<\/p>\n<li>Eine starke Beteiligung an der Ausbildung des Personals.<\/li>\n<p> \t<\/p>\n<li>Eine klar definierte und gemeinsam getragene Hygiene- &amp; Sicherheitspolitik.<\/li>\n<p><\/ul>\n<p>&nbsp;<\/p>\n\t\t\t\t\t\t\t\t<\/div>\n\t\t\t\t<\/div>\n\t\t\t\t\t<\/div>\n\t\t<\/div>\n\t\t\t\t\t<\/div>\n\t\t<\/section>\n\t\t\t\t<section class=\"elementor-section elementor-inner-section elementor-element elementor-element-0f65bd6 elementor-section-content-middle elementor-reverse-mobile elementor-section-height-min-height elementor-section-boxed elementor-section-height-default\" data-id=\"0f65bd6\" data-element_type=\"section\" data-e-type=\"section\">\n\t\t\t\t\t\t<div class=\"elementor-container elementor-column-gap-default\">\n\t\t\t\t\t<div class=\"elementor-column elementor-col-50 elementor-inner-column elementor-element elementor-element-f2f5ef2 elementor-invisible\" data-id=\"f2f5ef2\" data-element_type=\"column\" data-e-type=\"column\" data-settings=\"{&quot;animation&quot;:&quot;slideInLeft&quot;,&quot;background_background&quot;:&quot;classic&quot;}\">\n\t\t\t<div class=\"elementor-widget-wrap elementor-element-populated\">\n\t\t\t\t\t\t<div class=\"elementor-element elementor-element-dca1d84 elementor-widget elementor-widget-text-editor\" data-id=\"dca1d84\" data-element_type=\"widget\" data-e-type=\"widget\" data-widget_type=\"text-editor.default\">\n\t\t\t\t<div class=\"elementor-widget-container\">\n\t\t\t\t\t\t\t\t\t<h3>Wirtschaftlich<\/h3>\n<p>Polca ist ein wirtschaftlich stabiles Unternehmen.<\/p>\n\t\t\t\t\t\t\t\t<\/div>\n\t\t\t\t<\/div>\n\t\t\t\t\t<\/div>\n\t\t<\/div>\n\t\t\t\t<div class=\"elementor-column elementor-col-50 elementor-inner-column elementor-element elementor-element-2432e61\" data-id=\"2432e61\" data-element_type=\"column\" data-e-type=\"column\" data-settings=\"{&quot;background_background&quot;:&quot;classic&quot;}\">\n\t\t\t<div class=\"elementor-widget-wrap elementor-element-populated\">\n\t\t\t\t\t\t<div class=\"elementor-element elementor-element-a7b1255 elementor-widget__width-auto elementor-absolute elementor-hidden-mobile elementor-hidden-tablet elementor-view-default elementor-widget elementor-widget-icon\" data-id=\"a7b1255\" data-element_type=\"widget\" data-e-type=\"widget\" data-settings=\"{&quot;_position&quot;:&quot;absolute&quot;}\" data-widget_type=\"icon.default\">\n\t\t\t\t<div class=\"elementor-widget-container\">\n\t\t\t\t\t\t\t<div class=\"elementor-icon-wrapper\">\n\t\t\t<div class=\"elementor-icon\">\n\t\t\t<svg xmlns=\"http:\/\/www.w3.org\/2000\/svg\" width=\"64\" height=\"358\" viewBox=\"0 0 64 358\"><rect id=\"Rectangle_772\" data-name=\"Rectangle 772\" width=\"64\" height=\"358\" rx=\"23\" fill=\"#fff\"><\/rect><\/svg>\t\t\t<\/div>\n\t\t<\/div>\n\t\t\t\t\t\t<\/div>\n\t\t\t\t<\/div>\n\t\t\t\t\t<\/div>\n\t\t<\/div>\n\t\t\t\t\t<\/div>\n\t\t<\/section>\n\t\t\t\t<section class=\"elementor-section elementor-inner-section elementor-element elementor-element-9f7a174 elementor-section-content-middle elementor-section-height-min-height elementor-section-boxed elementor-section-height-default\" data-id=\"9f7a174\" data-element_type=\"section\" data-e-type=\"section\">\n\t\t\t\t\t\t<div class=\"elementor-container elementor-column-gap-default\">\n\t\t\t\t\t<div class=\"elementor-column elementor-col-50 elementor-inner-column elementor-element elementor-element-22c2794\" data-id=\"22c2794\" data-element_type=\"column\" data-e-type=\"column\" data-settings=\"{&quot;background_background&quot;:&quot;classic&quot;}\">\n\t\t\t<div class=\"elementor-widget-wrap elementor-element-populated\">\n\t\t\t\t\t\t<div class=\"elementor-element elementor-element-1aeefab elementor-widget__width-auto elementor-absolute elementor-hidden-mobile elementor-hidden-tablet elementor-view-default elementor-widget elementor-widget-icon\" data-id=\"1aeefab\" data-element_type=\"widget\" data-e-type=\"widget\" data-settings=\"{&quot;_position&quot;:&quot;absolute&quot;}\" data-widget_type=\"icon.default\">\n\t\t\t\t<div class=\"elementor-widget-container\">\n\t\t\t\t\t\t\t<div class=\"elementor-icon-wrapper\">\n\t\t\t<div class=\"elementor-icon\">\n\t\t\t<svg xmlns=\"http:\/\/www.w3.org\/2000\/svg\" width=\"64\" height=\"358\" viewBox=\"0 0 64 358\"><rect id=\"Rectangle_772\" data-name=\"Rectangle 772\" width=\"64\" height=\"358\" rx=\"23\" fill=\"#fff\"><\/rect><\/svg>\t\t\t<\/div>\n\t\t<\/div>\n\t\t\t\t\t\t<\/div>\n\t\t\t\t<\/div>\n\t\t\t\t\t<\/div>\n\t\t<\/div>\n\t\t\t\t<div class=\"elementor-column elementor-col-50 elementor-inner-column elementor-element elementor-element-42f79ec elementor-invisible\" data-id=\"42f79ec\" data-element_type=\"column\" data-e-type=\"column\" data-settings=\"{&quot;animation&quot;:&quot;slideInRight&quot;}\">\n\t\t\t<div class=\"elementor-widget-wrap elementor-element-populated\">\n\t\t\t\t\t\t<div class=\"elementor-element elementor-element-759caa6 elementor-widget elementor-widget-text-editor\" data-id=\"759caa6\" data-element_type=\"widget\" data-e-type=\"widget\" data-widget_type=\"text-editor.default\">\n\t\t\t\t<div class=\"elementor-widget-container\">\n\t\t\t\t\t\t\t\t\t<h3>\u00d6kologisch<\/h3>\n<p>Ein umweltbewusstes Unternehmen.<\/p>\n<p>Polca ist sich seiner Auswirkungen auf die nat\u00fcrliche Umwelt bewusst. Die Aspekte Wasser, Luft, Boden, Abfall, \u00d6kologie und Energie werden in unserer Politik der nachhaltigen Entwicklung ber\u00fccksichtigt.<\/p>\n\t\t\t\t\t\t\t\t<\/div>\n\t\t\t\t<\/div>\n\t\t\t\t\t<\/div>\n\t\t<\/div>\n\t\t\t\t\t<\/div>\n\t\t<\/section>\n\t\t\t\t\t<\/div>\n\t\t<\/div>\n\t\t\t\t\t<\/div>\n\t\t<\/section>\n\t\t\t\t<\/div>\n\t\t","protected":false},"excerpt":{"rendered":"<p>Nachhaltigkeit Nachhaltigkeit als Kern unserer Unternehmenskultur Soziales Engagement Ein verantwortungsvoller Arbeitgeber Polca bietet seinen Mitarbeitern einen lohnenden und stabilen Arbeitsplatz. Polca h\u00e4lt sich an alle gesetzlichen Bestimmungen in Bezug auf die Entlohnung und die Verwaltung ihres Personals. Polca achtet besonders auf die Arbeitsbedingungen seines Personals. Eine starke Beteiligung an der Ausbildung des Personals. Eine klar [&hellip;]<\/p>\n","protected":false},"author":1,"featured_media":0,"parent":0,"menu_order":0,"comment_status":"closed","ping_status":"closed","template":"","meta":{"_acf_changed":false,"inline_featured_image":false,"footnotes":""},"class_list":["post-1947","page","type-page","status-publish","hentry"],"acf":[],"yoast_head":"<!-- This site is optimized with the Yoast SEO plugin v27.2 - https:\/\/yoast.com\/product\/yoast-seo-wordpress\/ -->\n<title>Nachhaltigkeit - Polca<\/title>\n<meta name=\"robots\" content=\"index, follow, max-snippet:-1, max-image-preview:large, max-video-preview:-1\" \/>\n<link rel=\"canonical\" href=\"https:\/\/www.polca.be\/de\/nachhaltigkeit\/\" \/>\n<meta property=\"og:locale\" content=\"de_DE\" \/>\n<meta property=\"og:type\" content=\"article\" \/>\n<meta property=\"og:title\" content=\"Nachhaltigkeit - Polca\" \/>\n<meta property=\"og:description\" content=\"Nachhaltigkeit Nachhaltigkeit als Kern unserer Unternehmenskultur Soziales Engagement Ein verantwortungsvoller Arbeitgeber Polca bietet seinen Mitarbeitern einen lohnenden und stabilen Arbeitsplatz. Polca h\u00e4lt sich an alle gesetzlichen Bestimmungen in Bezug auf die Entlohnung und die Verwaltung ihres Personals. Polca achtet besonders auf die Arbeitsbedingungen seines Personals. Eine starke Beteiligung an der Ausbildung des Personals. Eine klar [&hellip;]\" \/>\n<meta property=\"og:url\" content=\"https:\/\/www.polca.be\/de\/nachhaltigkeit\/\" \/>\n<meta property=\"og:site_name\" content=\"Polca\" \/>\n<meta property=\"article:modified_time\" content=\"2025-02-27T09:52:34+00:00\" \/>\n<meta name=\"twitter:card\" content=\"summary_large_image\" \/>\n<meta name=\"twitter:label1\" content=\"Gesch\u00e4tzte Lesezeit\" \/>\n\t<meta name=\"twitter:data1\" content=\"1\u00a0Minute\" \/>\n<script type=\"application\/ld+json\" class=\"yoast-schema-graph\">{\"@context\":\"https:\/\/schema.org\",\"@graph\":[{\"@type\":\"WebPage\",\"@id\":\"https:\/\/www.polca.be\/de\/nachhaltigkeit\/\",\"url\":\"https:\/\/www.polca.be\/de\/nachhaltigkeit\/\",\"name\":\"Nachhaltigkeit - Polca\",\"isPartOf\":{\"@id\":\"https:\/\/www.polca.be\/de\/#website\"},\"datePublished\":\"2022-11-01T10:59:27+00:00\",\"dateModified\":\"2025-02-27T09:52:34+00:00\",\"breadcrumb\":{\"@id\":\"https:\/\/www.polca.be\/de\/nachhaltigkeit\/#breadcrumb\"},\"inLanguage\":\"de\",\"potentialAction\":[{\"@type\":\"ReadAction\",\"target\":[\"https:\/\/www.polca.be\/de\/nachhaltigkeit\/\"]}]},{\"@type\":\"BreadcrumbList\",\"@id\":\"https:\/\/www.polca.be\/de\/nachhaltigkeit\/#breadcrumb\",\"itemListElement\":[{\"@type\":\"ListItem\",\"position\":1,\"name\":\"Home\",\"item\":\"https:\/\/www.polca.be\/de\/\"},{\"@type\":\"ListItem\",\"position\":2,\"name\":\"Nachhaltigkeit\"}]},{\"@type\":\"WebSite\",\"@id\":\"https:\/\/www.polca.be\/de\/#website\",\"url\":\"https:\/\/www.polca.be\/de\/\",\"name\":\"Polca\",\"description\":\"Un produit belge - une maison de confiance!\",\"publisher\":{\"@id\":\"https:\/\/www.polca.be\/de\/#organization\"},\"potentialAction\":[{\"@type\":\"SearchAction\",\"target\":{\"@type\":\"EntryPoint\",\"urlTemplate\":\"https:\/\/www.polca.be\/de\/?s={search_term_string}\"},\"query-input\":{\"@type\":\"PropertyValueSpecification\",\"valueRequired\":true,\"valueName\":\"search_term_string\"}}],\"inLanguage\":\"de\"},{\"@type\":\"Organization\",\"@id\":\"https:\/\/www.polca.be\/de\/#organization\",\"name\":\"Polca\",\"url\":\"https:\/\/www.polca.be\/de\/\",\"logo\":{\"@type\":\"ImageObject\",\"inLanguage\":\"de\",\"@id\":\"https:\/\/www.polca.be\/de\/#\/schema\/logo\/image\/\",\"url\":\"https:\/\/www.polca.be\/wp-content\/uploads\/2022\/10\/logo-polca.svg\",\"contentUrl\":\"https:\/\/www.polca.be\/wp-content\/uploads\/2022\/10\/logo-polca.svg\",\"width\":113,\"height\":90,\"caption\":\"Polca\"},\"image\":{\"@id\":\"https:\/\/www.polca.be\/de\/#\/schema\/logo\/image\/\"}}]}<\/script>\n<!-- \/ Yoast SEO plugin. -->","yoast_head_json":{"title":"Nachhaltigkeit - Polca","robots":{"index":"index","follow":"follow","max-snippet":"max-snippet:-1","max-image-preview":"max-image-preview:large","max-video-preview":"max-video-preview:-1"},"canonical":"https:\/\/www.polca.be\/de\/nachhaltigkeit\/","og_locale":"de_DE","og_type":"article","og_title":"Nachhaltigkeit - Polca","og_description":"Nachhaltigkeit Nachhaltigkeit als Kern unserer Unternehmenskultur Soziales Engagement Ein verantwortungsvoller Arbeitgeber Polca bietet seinen Mitarbeitern einen lohnenden und stabilen Arbeitsplatz. Polca h\u00e4lt sich an alle gesetzlichen Bestimmungen in Bezug auf die Entlohnung und die Verwaltung ihres Personals. Polca achtet besonders auf die Arbeitsbedingungen seines Personals. Eine starke Beteiligung an der Ausbildung des Personals. Eine klar [&hellip;]","og_url":"https:\/\/www.polca.be\/de\/nachhaltigkeit\/","og_site_name":"Polca","article_modified_time":"2025-02-27T09:52:34+00:00","twitter_card":"summary_large_image","twitter_misc":{"Gesch\u00e4tzte Lesezeit":"1\u00a0Minute"},"schema":{"@context":"https:\/\/schema.org","@graph":[{"@type":"WebPage","@id":"https:\/\/www.polca.be\/de\/nachhaltigkeit\/","url":"https:\/\/www.polca.be\/de\/nachhaltigkeit\/","name":"Nachhaltigkeit - Polca","isPartOf":{"@id":"https:\/\/www.polca.be\/de\/#website"},"datePublished":"2022-11-01T10:59:27+00:00","dateModified":"2025-02-27T09:52:34+00:00","breadcrumb":{"@id":"https:\/\/www.polca.be\/de\/nachhaltigkeit\/#breadcrumb"},"inLanguage":"de","potentialAction":[{"@type":"ReadAction","target":["https:\/\/www.polca.be\/de\/nachhaltigkeit\/"]}]},{"@type":"BreadcrumbList","@id":"https:\/\/www.polca.be\/de\/nachhaltigkeit\/#breadcrumb","itemListElement":[{"@type":"ListItem","position":1,"name":"Home","item":"https:\/\/www.polca.be\/de\/"},{"@type":"ListItem","position":2,"name":"Nachhaltigkeit"}]},{"@type":"WebSite","@id":"https:\/\/www.polca.be\/de\/#website","url":"https:\/\/www.polca.be\/de\/","name":"Polca","description":"Un produit belge - une maison de confiance!","publisher":{"@id":"https:\/\/www.polca.be\/de\/#organization"},"potentialAction":[{"@type":"SearchAction","target":{"@type":"EntryPoint","urlTemplate":"https:\/\/www.polca.be\/de\/?s={search_term_string}"},"query-input":{"@type":"PropertyValueSpecification","valueRequired":true,"valueName":"search_term_string"}}],"inLanguage":"de"},{"@type":"Organization","@id":"https:\/\/www.polca.be\/de\/#organization","name":"Polca","url":"https:\/\/www.polca.be\/de\/","logo":{"@type":"ImageObject","inLanguage":"de","@id":"https:\/\/www.polca.be\/de\/#\/schema\/logo\/image\/","url":"https:\/\/www.polca.be\/wp-content\/uploads\/2022\/10\/logo-polca.svg","contentUrl":"https:\/\/www.polca.be\/wp-content\/uploads\/2022\/10\/logo-polca.svg","width":113,"height":90,"caption":"Polca"},"image":{"@id":"https:\/\/www.polca.be\/de\/#\/schema\/logo\/image\/"}}]}},"_links":{"self":[{"href":"https:\/\/www.polca.be\/de\/wp-json\/wp\/v2\/pages\/1947","targetHints":{"allow":["GET"]}}],"collection":[{"href":"https:\/\/www.polca.be\/de\/wp-json\/wp\/v2\/pages"}],"about":[{"href":"https:\/\/www.polca.be\/de\/wp-json\/wp\/v2\/types\/page"}],"author":[{"embeddable":true,"href":"https:\/\/www.polca.be\/de\/wp-json\/wp\/v2\/users\/1"}],"replies":[{"embeddable":true,"href":"https:\/\/www.polca.be\/de\/wp-json\/wp\/v2\/comments?post=1947"}],"version-history":[{"count":26,"href":"https:\/\/www.polca.be\/de\/wp-json\/wp\/v2\/pages\/1947\/revisions"}],"predecessor-version":[{"id":2167,"href":"https:\/\/www.polca.be\/de\/wp-json\/wp\/v2\/pages\/1947\/revisions\/2167"}],"wp:attachment":[{"href":"https:\/\/www.polca.be\/de\/wp-json\/wp\/v2\/media?parent=1947"}],"curies":[{"name":"wp","href":"https:\/\/api.w.org\/{rel}","templated":true}]}}