{"id":1963,"date":"2022-10-17T13:36:40","date_gmt":"2022-10-17T11:36:40","guid":{"rendered":"https:\/\/polca.vps005.visible.be\/datenschutzerklaerung\/"},"modified":"2025-02-25T11:54:22","modified_gmt":"2025-02-25T10:54:22","slug":"datenschutzerklaerung","status":"publish","type":"page","link":"https:\/\/www.polca.be\/de\/datenschutzerklaerung\/","title":{"rendered":"Datenschutzerkl\u00e4rung"},"content":{"rendered":"\n<p><strong>D\u00e9claration de confidentialit\u00e9<\/strong><\/p>\n\n<p>Ihre personenbezogenen Daten werden von POLCA NV zum Zweck der Kundenverwaltung auf der Grundlage des Vertragsverh\u00e4ltnisses nach Ihrer Bestellung\/Ihrem Kauf und zum Zweck des Direktmarketings (um Ihnen neue Produkte oder Dienstleistungen anzubieten) auf der Grundlage unseres berechtigten Interesses an der Unternehmung verarbeitet. Wenn Sie nicht m\u00f6chten, dass wir Ihre Daten f\u00fcr Direktmarketingzwecke verarbeiten, teilen Sie uns dies einfach \u00fcber info@polca.be mit. \u00dcber diese Adresse k\u00f6nnen Sie stets erfragen, welche Daten wir \u00fcber Sie verarbeiten, und diese berichtigen oder l\u00f6schen oder \u00fcbertragen lassen. Wenn Sie mit der Art und Weise, wie wir Ihre Daten verarbeiten, nicht einverstanden sind, k\u00f6nnen Sie sich an die Kommission f\u00fcr den Schutz des Privatlebens wenden (Rue de la Presse 35, 1000 Br\u00fcssel).<\/p>\n","protected":false},"excerpt":{"rendered":"<p>D\u00e9claration de confidentialit\u00e9 Ihre personenbezogenen Daten werden von POLCA NV zum Zweck der Kundenverwaltung auf der Grundlage des Vertragsverh\u00e4ltnisses nach Ihrer Bestellung\/Ihrem Kauf und zum Zweck des Direktmarketings (um Ihnen neue Produkte oder Dienstleistungen anzubieten) auf der Grundlage unseres berechtigten Interesses an der Unternehmung verarbeitet. Wenn Sie nicht m\u00f6chten, dass wir Ihre Daten f\u00fcr Direktmarketingzwecke [&hellip;]<\/p>\n","protected":false},"author":1,"featured_media":0,"parent":0,"menu_order":0,"comment_status":"closed","ping_status":"open","template":"","meta":{"_acf_changed":false,"inline_featured_image":false,"footnotes":""},"class_list":["post-1963","page","type-page","status-publish","hentry"],"acf":[],"yoast_head":"<!-- This site is optimized with the Yoast SEO plugin v27.2 - https:\/\/yoast.com\/product\/yoast-seo-wordpress\/ -->\n<title>Datenschutzerkl\u00e4rung - Polca<\/title>\n<meta name=\"robots\" content=\"index, follow, max-snippet:-1, max-image-preview:large, max-video-preview:-1\" \/>\n<link rel=\"canonical\" href=\"https:\/\/www.polca.be\/de\/datenschutzerklaerung\/\" \/>\n<meta property=\"og:locale\" content=\"de_DE\" \/>\n<meta property=\"og:type\" content=\"article\" \/>\n<meta property=\"og:title\" content=\"Datenschutzerkl\u00e4rung - Polca\" \/>\n<meta property=\"og:description\" content=\"D\u00e9claration de confidentialit\u00e9 Ihre personenbezogenen Daten werden von POLCA NV zum Zweck der Kundenverwaltung auf der Grundlage des Vertragsverh\u00e4ltnisses nach Ihrer Bestellung\/Ihrem Kauf und zum Zweck des Direktmarketings (um Ihnen neue Produkte oder Dienstleistungen anzubieten) auf der Grundlage unseres berechtigten Interesses an der Unternehmung verarbeitet. Wenn Sie nicht m\u00f6chten, dass wir Ihre Daten f\u00fcr Direktmarketingzwecke [&hellip;]\" \/>\n<meta property=\"og:url\" content=\"https:\/\/www.polca.be\/de\/datenschutzerklaerung\/\" \/>\n<meta property=\"og:site_name\" content=\"Polca\" \/>\n<meta property=\"article:modified_time\" content=\"2025-02-25T10:54:22+00:00\" \/>\n<meta name=\"twitter:card\" content=\"summary_large_image\" \/>\n<meta name=\"twitter:label1\" content=\"Gesch\u00e4tzte Lesezeit\" \/>\n\t<meta name=\"twitter:data1\" content=\"1\u00a0Minute\" \/>\n<script type=\"application\/ld+json\" class=\"yoast-schema-graph\">{\"@context\":\"https:\/\/schema.org\",\"@graph\":[{\"@type\":\"WebPage\",\"@id\":\"https:\/\/www.polca.be\/de\/datenschutzerklaerung\/\",\"url\":\"https:\/\/www.polca.be\/de\/datenschutzerklaerung\/\",\"name\":\"Datenschutzerkl\u00e4rung - Polca\",\"isPartOf\":{\"@id\":\"https:\/\/www.polca.be\/de\/#website\"},\"datePublished\":\"2022-10-17T11:36:40+00:00\",\"dateModified\":\"2025-02-25T10:54:22+00:00\",\"breadcrumb\":{\"@id\":\"https:\/\/www.polca.be\/de\/datenschutzerklaerung\/#breadcrumb\"},\"inLanguage\":\"de\",\"potentialAction\":[{\"@type\":\"ReadAction\",\"target\":[\"https:\/\/www.polca.be\/de\/datenschutzerklaerung\/\"]}]},{\"@type\":\"BreadcrumbList\",\"@id\":\"https:\/\/www.polca.be\/de\/datenschutzerklaerung\/#breadcrumb\",\"itemListElement\":[{\"@type\":\"ListItem\",\"position\":1,\"name\":\"Home\",\"item\":\"https:\/\/www.polca.be\/de\/\"},{\"@type\":\"ListItem\",\"position\":2,\"name\":\"Datenschutzerkl\u00e4rung\"}]},{\"@type\":\"WebSite\",\"@id\":\"https:\/\/www.polca.be\/de\/#website\",\"url\":\"https:\/\/www.polca.be\/de\/\",\"name\":\"Polca\",\"description\":\"Un produit belge - une maison de confiance!\",\"publisher\":{\"@id\":\"https:\/\/www.polca.be\/de\/#organization\"},\"potentialAction\":[{\"@type\":\"SearchAction\",\"target\":{\"@type\":\"EntryPoint\",\"urlTemplate\":\"https:\/\/www.polca.be\/de\/?s={search_term_string}\"},\"query-input\":{\"@type\":\"PropertyValueSpecification\",\"valueRequired\":true,\"valueName\":\"search_term_string\"}}],\"inLanguage\":\"de\"},{\"@type\":\"Organization\",\"@id\":\"https:\/\/www.polca.be\/de\/#organization\",\"name\":\"Polca\",\"url\":\"https:\/\/www.polca.be\/de\/\",\"logo\":{\"@type\":\"ImageObject\",\"inLanguage\":\"de\",\"@id\":\"https:\/\/www.polca.be\/de\/#\/schema\/logo\/image\/\",\"url\":\"https:\/\/www.polca.be\/wp-content\/uploads\/2022\/10\/logo-polca.svg\",\"contentUrl\":\"https:\/\/www.polca.be\/wp-content\/uploads\/2022\/10\/logo-polca.svg\",\"width\":113,\"height\":90,\"caption\":\"Polca\"},\"image\":{\"@id\":\"https:\/\/www.polca.be\/de\/#\/schema\/logo\/image\/\"}}]}<\/script>\n<!-- \/ Yoast SEO plugin. -->","yoast_head_json":{"title":"Datenschutzerkl\u00e4rung - Polca","robots":{"index":"index","follow":"follow","max-snippet":"max-snippet:-1","max-image-preview":"max-image-preview:large","max-video-preview":"max-video-preview:-1"},"canonical":"https:\/\/www.polca.be\/de\/datenschutzerklaerung\/","og_locale":"de_DE","og_type":"article","og_title":"Datenschutzerkl\u00e4rung - Polca","og_description":"D\u00e9claration de confidentialit\u00e9 Ihre personenbezogenen Daten werden von POLCA NV zum Zweck der Kundenverwaltung auf der Grundlage des Vertragsverh\u00e4ltnisses nach Ihrer Bestellung\/Ihrem Kauf und zum Zweck des Direktmarketings (um Ihnen neue Produkte oder Dienstleistungen anzubieten) auf der Grundlage unseres berechtigten Interesses an der Unternehmung verarbeitet. Wenn Sie nicht m\u00f6chten, dass wir Ihre Daten f\u00fcr Direktmarketingzwecke [&hellip;]","og_url":"https:\/\/www.polca.be\/de\/datenschutzerklaerung\/","og_site_name":"Polca","article_modified_time":"2025-02-25T10:54:22+00:00","twitter_card":"summary_large_image","twitter_misc":{"Gesch\u00e4tzte Lesezeit":"1\u00a0Minute"},"schema":{"@context":"https:\/\/schema.org","@graph":[{"@type":"WebPage","@id":"https:\/\/www.polca.be\/de\/datenschutzerklaerung\/","url":"https:\/\/www.polca.be\/de\/datenschutzerklaerung\/","name":"Datenschutzerkl\u00e4rung - Polca","isPartOf":{"@id":"https:\/\/www.polca.be\/de\/#website"},"datePublished":"2022-10-17T11:36:40+00:00","dateModified":"2025-02-25T10:54:22+00:00","breadcrumb":{"@id":"https:\/\/www.polca.be\/de\/datenschutzerklaerung\/#breadcrumb"},"inLanguage":"de","potentialAction":[{"@type":"ReadAction","target":["https:\/\/www.polca.be\/de\/datenschutzerklaerung\/"]}]},{"@type":"BreadcrumbList","@id":"https:\/\/www.polca.be\/de\/datenschutzerklaerung\/#breadcrumb","itemListElement":[{"@type":"ListItem","position":1,"name":"Home","item":"https:\/\/www.polca.be\/de\/"},{"@type":"ListItem","position":2,"name":"Datenschutzerkl\u00e4rung"}]},{"@type":"WebSite","@id":"https:\/\/www.polca.be\/de\/#website","url":"https:\/\/www.polca.be\/de\/","name":"Polca","description":"Un produit belge - une maison de confiance!","publisher":{"@id":"https:\/\/www.polca.be\/de\/#organization"},"potentialAction":[{"@type":"SearchAction","target":{"@type":"EntryPoint","urlTemplate":"https:\/\/www.polca.be\/de\/?s={search_term_string}"},"query-input":{"@type":"PropertyValueSpecification","valueRequired":true,"valueName":"search_term_string"}}],"inLanguage":"de"},{"@type":"Organization","@id":"https:\/\/www.polca.be\/de\/#organization","name":"Polca","url":"https:\/\/www.polca.be\/de\/","logo":{"@type":"ImageObject","inLanguage":"de","@id":"https:\/\/www.polca.be\/de\/#\/schema\/logo\/image\/","url":"https:\/\/www.polca.be\/wp-content\/uploads\/2022\/10\/logo-polca.svg","contentUrl":"https:\/\/www.polca.be\/wp-content\/uploads\/2022\/10\/logo-polca.svg","width":113,"height":90,"caption":"Polca"},"image":{"@id":"https:\/\/www.polca.be\/de\/#\/schema\/logo\/image\/"}}]}},"_links":{"self":[{"href":"https:\/\/www.polca.be\/de\/wp-json\/wp\/v2\/pages\/1963","targetHints":{"allow":["GET"]}}],"collection":[{"href":"https:\/\/www.polca.be\/de\/wp-json\/wp\/v2\/pages"}],"about":[{"href":"https:\/\/www.polca.be\/de\/wp-json\/wp\/v2\/types\/page"}],"author":[{"embeddable":true,"href":"https:\/\/www.polca.be\/de\/wp-json\/wp\/v2\/users\/1"}],"replies":[{"embeddable":true,"href":"https:\/\/www.polca.be\/de\/wp-json\/wp\/v2\/comments?post=1963"}],"version-history":[{"count":1,"href":"https:\/\/www.polca.be\/de\/wp-json\/wp\/v2\/pages\/1963\/revisions"}],"predecessor-version":[{"id":1964,"href":"https:\/\/www.polca.be\/de\/wp-json\/wp\/v2\/pages\/1963\/revisions\/1964"}],"wp:attachment":[{"href":"https:\/\/www.polca.be\/de\/wp-json\/wp\/v2\/media?parent=1963"}],"curies":[{"name":"wp","href":"https:\/\/api.w.org\/{rel}","templated":true}]}}