{"id":1307,"date":"2022-10-20T09:22:17","date_gmt":"2022-10-20T07:22:17","guid":{"rendered":"https:\/\/polca.vps005.visible.be\/about-us\/"},"modified":"2022-11-10T09:16:34","modified_gmt":"2022-11-10T08:16:34","slug":"about-us","status":"publish","type":"page","link":"https:\/\/www.polca.be\/en\/about-us\/","title":{"rendered":"About Us"},"content":{"rendered":"\t\t<div data-elementor-type=\"wp-page\" data-elementor-id=\"1307\" class=\"elementor elementor-1307 elementor-79\" data-elementor-post-type=\"page\">\n\t\t\t\t\t\t<section class=\"elementor-section elementor-top-section elementor-element elementor-element-7745edef elementor-section-full_width elementor-section-height-min-height elementor-section-items-stretch elementor-section-height-default\" data-id=\"7745edef\" data-element_type=\"section\" data-e-type=\"section\">\n\t\t\t\t\t\t<div class=\"elementor-container elementor-column-gap-no\">\n\t\t\t\t\t<div class=\"elementor-column elementor-col-50 elementor-top-column elementor-element elementor-element-187aabbd\" data-id=\"187aabbd\" data-element_type=\"column\" data-e-type=\"column\">\n\t\t\t<div class=\"elementor-widget-wrap elementor-element-populated\">\n\t\t\t\t\t\t<section class=\"elementor-section elementor-inner-section elementor-element elementor-element-3172d179 elementor-section-boxed elementor-section-height-default elementor-section-height-default elementor-invisible\" data-id=\"3172d179\" data-element_type=\"section\" data-e-type=\"section\" data-settings=\"{&quot;animation&quot;:&quot;slideInLeft&quot;}\">\n\t\t\t\t\t\t<div class=\"elementor-container elementor-column-gap-no\">\n\t\t\t\t\t<div class=\"elementor-column elementor-col-100 elementor-inner-column elementor-element elementor-element-721794ce\" data-id=\"721794ce\" data-element_type=\"column\" data-e-type=\"column\">\n\t\t\t<div class=\"elementor-widget-wrap elementor-element-populated\">\n\t\t\t\t\t\t<div class=\"elementor-element elementor-element-34de80d elementor-widget elementor-widget-heading\" data-id=\"34de80d\" data-element_type=\"widget\" data-e-type=\"widget\" data-widget_type=\"heading.default\">\n\t\t\t\t<div class=\"elementor-widget-container\">\n\t\t\t\t\t<div class=\"elementor-heading-title elementor-size-default\">Our enterprise<\/div>\t\t\t\t<\/div>\n\t\t\t\t<\/div>\n\t\t\t\t<div class=\"elementor-element elementor-element-586683f2 elementor-widget elementor-widget-heading\" data-id=\"586683f2\" data-element_type=\"widget\" data-e-type=\"widget\" data-widget_type=\"heading.default\">\n\t\t\t\t<div class=\"elementor-widget-container\">\n\t\t\t\t\t<h1 class=\"elementor-heading-title elementor-size-default\">Polca : 100% Belgian product! Polca : a company of trust!<\/h1>\t\t\t\t<\/div>\n\t\t\t\t<\/div>\n\t\t\t\t\t<\/div>\n\t\t<\/div>\n\t\t\t\t\t<\/div>\n\t\t<\/section>\n\t\t\t\t\t<\/div>\n\t\t<\/div>\n\t\t\t\t<div class=\"elementor-column elementor-col-50 elementor-top-column elementor-element elementor-element-1746a8fe\" data-id=\"1746a8fe\" data-element_type=\"column\" data-e-type=\"column\" data-settings=\"{&quot;background_background&quot;:&quot;classic&quot;}\">\n\t\t\t<div class=\"elementor-widget-wrap elementor-element-populated\">\n\t\t\t\t\t\t<div class=\"elementor-element elementor-element-87f4aee elementor-widget elementor-widget-spacer\" data-id=\"87f4aee\" data-element_type=\"widget\" data-e-type=\"widget\" data-widget_type=\"spacer.default\">\n\t\t\t\t<div class=\"elementor-widget-container\">\n\t\t\t\t\t\t\t<div class=\"elementor-spacer\">\n\t\t\t<div class=\"elementor-spacer-inner\"><\/div>\n\t\t<\/div>\n\t\t\t\t\t\t<\/div>\n\t\t\t\t<\/div>\n\t\t\t\t\t<\/div>\n\t\t<\/div>\n\t\t\t\t\t<\/div>\n\t\t<\/section>\n\t\t\t\t<section class=\"elementor-section elementor-top-section elementor-element elementor-element-88544cb elementor-section-boxed elementor-section-height-default elementor-section-height-default\" data-id=\"88544cb\" data-element_type=\"section\" data-e-type=\"section\">\n\t\t\t\t\t\t<div class=\"elementor-container elementor-column-gap-default\">\n\t\t\t\t\t<div class=\"elementor-column elementor-col-100 elementor-top-column elementor-element elementor-element-2c7963e4\" data-id=\"2c7963e4\" data-element_type=\"column\" data-e-type=\"column\">\n\t\t\t<div class=\"elementor-widget-wrap elementor-element-populated\">\n\t\t\t\t\t\t<section class=\"elementor-section elementor-inner-section elementor-element elementor-element-40d63399 elementor-section-content-middle elementor-reverse-mobile elementor-section-boxed elementor-section-height-default elementor-section-height-default\" data-id=\"40d63399\" data-element_type=\"section\" data-e-type=\"section\">\n\t\t\t\t\t\t<div class=\"elementor-container elementor-column-gap-default\">\n\t\t\t\t\t<div class=\"elementor-column elementor-col-50 elementor-inner-column elementor-element elementor-element-6a1e4027\" data-id=\"6a1e4027\" data-element_type=\"column\" data-e-type=\"column\" data-settings=\"{&quot;background_background&quot;:&quot;classic&quot;}\">\n\t\t\t<div class=\"elementor-widget-wrap elementor-element-populated\">\n\t\t\t\t\t\t<div class=\"elementor-element elementor-element-7fa5637d elementor-widget__width-auto elementor-absolute elementor-hidden-mobile elementor-hidden-tablet elementor-view-default elementor-widget elementor-widget-icon\" data-id=\"7fa5637d\" data-element_type=\"widget\" data-e-type=\"widget\" data-settings=\"{&quot;_position&quot;:&quot;absolute&quot;}\" data-widget_type=\"icon.default\">\n\t\t\t\t<div class=\"elementor-widget-container\">\n\t\t\t\t\t\t\t<div class=\"elementor-icon-wrapper\">\n\t\t\t<div class=\"elementor-icon\">\n\t\t\t<svg xmlns=\"http:\/\/www.w3.org\/2000\/svg\" width=\"64\" height=\"358\" viewBox=\"0 0 64 358\"><rect id=\"Rectangle_772\" data-name=\"Rectangle 772\" width=\"64\" height=\"358\" rx=\"23\" fill=\"#fff\"><\/rect><\/svg>\t\t\t<\/div>\n\t\t<\/div>\n\t\t\t\t\t\t<\/div>\n\t\t\t\t<\/div>\n\t\t\t\t<div class=\"elementor-element elementor-element-55352ec elementor-widget elementor-widget-spacer\" data-id=\"55352ec\" data-element_type=\"widget\" data-e-type=\"widget\" data-widget_type=\"spacer.default\">\n\t\t\t\t<div class=\"elementor-widget-container\">\n\t\t\t\t\t\t\t<div class=\"elementor-spacer\">\n\t\t\t<div class=\"elementor-spacer-inner\"><\/div>\n\t\t<\/div>\n\t\t\t\t\t\t<\/div>\n\t\t\t\t<\/div>\n\t\t\t\t\t<\/div>\n\t\t<\/div>\n\t\t\t\t<div class=\"elementor-column elementor-col-50 elementor-inner-column elementor-element elementor-element-abebbe1 elementor-invisible\" data-id=\"abebbe1\" data-element_type=\"column\" data-e-type=\"column\" data-settings=\"{&quot;animation&quot;:&quot;slideInRight&quot;}\">\n\t\t\t<div class=\"elementor-widget-wrap elementor-element-populated\">\n\t\t\t\t\t\t<div class=\"elementor-element elementor-element-5a04c14c elementor-widget elementor-widget-heading\" data-id=\"5a04c14c\" data-element_type=\"widget\" data-e-type=\"widget\" data-widget_type=\"heading.default\">\n\t\t\t\t<div class=\"elementor-widget-container\">\n\t\t\t\t\t<h2 class=\"elementor-heading-title elementor-size-default\">Polca, the best price\/quality ratio<\/h2>\t\t\t\t<\/div>\n\t\t\t\t<\/div>\n\t\t\t\t<div class=\"elementor-element elementor-element-198291f2 elementor-widget elementor-widget-text-editor\" data-id=\"198291f2\" data-element_type=\"widget\" data-e-type=\"widget\" data-widget_type=\"text-editor.default\">\n\t\t\t\t<div class=\"elementor-widget-container\">\n\t\t\t\t\t\t\t\t\t<p class=\"p1\">Since 1969 Polca stands for Pat\u00e9. Our family business stays faithful to its traditions. We stand for the best price\/quality ratio, a customer-oriented attitude and the continuous urge to develop new trends.<\/p>\n<p class=\"p1\">Our generic brand &#8220;P\u00e2t\u00e9 Grand-M\u00e8re&#8221; is known in many countries already for several years. Besides our generic brand we can also produce our products under Private label.<\/p>\n<p class=\"p1\">If you don&#8217;t know us yet, please do not hesitate to contact one of our salesmen. They will gladly take the time to introduce you into the world of &#8220;P\u00e2t\u00e9 Grand-M\u00e8re&#8221;. Our expertise and inspiration are our most substantial assets.<\/p>\n\t\t\t\t\t\t\t\t<\/div>\n\t\t\t\t<\/div>\n\t\t\t\t\t<\/div>\n\t\t<\/div>\n\t\t\t\t\t<\/div>\n\t\t<\/section>\n\t\t\t\t\t<\/div>\n\t\t<\/div>\n\t\t\t\t\t<\/div>\n\t\t<\/section>\n\t\t\t\t<\/div>\n\t\t","protected":false},"excerpt":{"rendered":"<p>Our enterprise Polca : 100% Belgian product! Polca : a company of trust! Polca, the best price\/quality ratio Since 1969 Polca stands for Pat\u00e9. Our family business stays faithful to its traditions. We stand for the best price\/quality ratio, a customer-oriented attitude and the continuous urge to develop new trends. Our generic brand &#8220;P\u00e2t\u00e9 Grand-M\u00e8re&#8221; [&hellip;]<\/p>\n","protected":false},"author":1,"featured_media":724,"parent":0,"menu_order":0,"comment_status":"closed","ping_status":"closed","template":"elementor_header_footer","meta":{"_acf_changed":false,"inline_featured_image":false,"footnotes":""},"class_list":["post-1307","page","type-page","status-publish","has-post-thumbnail","hentry"],"acf":[],"yoast_head":"<!-- This site is optimized with the Yoast SEO plugin v27.2 - https:\/\/yoast.com\/product\/yoast-seo-wordpress\/ -->\n<title>About Us - Polca<\/title>\n<meta name=\"robots\" content=\"index, follow, max-snippet:-1, max-image-preview:large, max-video-preview:-1\" \/>\n<link rel=\"canonical\" href=\"https:\/\/www.polca.be\/en\/about-us\/\" \/>\n<meta property=\"og:locale\" content=\"en_US\" \/>\n<meta property=\"og:type\" content=\"article\" \/>\n<meta property=\"og:title\" content=\"About Us - Polca\" \/>\n<meta property=\"og:description\" content=\"Our enterprise Polca : 100% Belgian product! Polca : a company of trust! Polca, the best price\/quality ratio Since 1969 Polca stands for Pat\u00e9. Our family business stays faithful to its traditions. We stand for the best price\/quality ratio, a customer-oriented attitude and the continuous urge to develop new trends. Our generic brand &#8220;P\u00e2t\u00e9 Grand-M\u00e8re&#8221; [&hellip;]\" \/>\n<meta property=\"og:url\" content=\"https:\/\/www.polca.be\/en\/about-us\/\" \/>\n<meta property=\"og:site_name\" content=\"Polca\" \/>\n<meta property=\"article:modified_time\" content=\"2022-11-10T08:16:34+00:00\" \/>\n<meta property=\"og:image\" content=\"https:\/\/www.polca.be\/wp-content\/uploads\/2022\/10\/jambon-2.jpg\" \/>\n\t<meta property=\"og:image:width\" content=\"1920\" \/>\n\t<meta property=\"og:image:height\" content=\"795\" \/>\n\t<meta property=\"og:image:type\" content=\"image\/jpeg\" \/>\n<meta name=\"twitter:card\" content=\"summary_large_image\" \/>\n<meta name=\"twitter:label1\" content=\"Est. reading time\" \/>\n\t<meta name=\"twitter:data1\" content=\"1 minute\" \/>\n<script type=\"application\/ld+json\" class=\"yoast-schema-graph\">{\"@context\":\"https:\/\/schema.org\",\"@graph\":[{\"@type\":\"WebPage\",\"@id\":\"https:\/\/www.polca.be\/en\/about-us\/\",\"url\":\"https:\/\/www.polca.be\/en\/about-us\/\",\"name\":\"About Us - Polca\",\"isPartOf\":{\"@id\":\"https:\/\/www.polca.be\/en\/#website\"},\"primaryImageOfPage\":{\"@id\":\"https:\/\/www.polca.be\/en\/about-us\/#primaryimage\"},\"image\":{\"@id\":\"https:\/\/www.polca.be\/en\/about-us\/#primaryimage\"},\"thumbnailUrl\":\"https:\/\/www.polca.be\/wp-content\/uploads\/2022\/10\/jambon-2.jpg\",\"datePublished\":\"2022-10-20T07:22:17+00:00\",\"dateModified\":\"2022-11-10T08:16:34+00:00\",\"breadcrumb\":{\"@id\":\"https:\/\/www.polca.be\/en\/about-us\/#breadcrumb\"},\"inLanguage\":\"en-US\",\"potentialAction\":[{\"@type\":\"ReadAction\",\"target\":[\"https:\/\/www.polca.be\/en\/about-us\/\"]}]},{\"@type\":\"ImageObject\",\"inLanguage\":\"en-US\",\"@id\":\"https:\/\/www.polca.be\/en\/about-us\/#primaryimage\",\"url\":\"https:\/\/www.polca.be\/wp-content\/uploads\/2022\/10\/jambon-2.jpg\",\"contentUrl\":\"https:\/\/www.polca.be\/wp-content\/uploads\/2022\/10\/jambon-2.jpg\",\"width\":1920,\"height\":795},{\"@type\":\"BreadcrumbList\",\"@id\":\"https:\/\/www.polca.be\/en\/about-us\/#breadcrumb\",\"itemListElement\":[{\"@type\":\"ListItem\",\"position\":1,\"name\":\"Home\",\"item\":\"https:\/\/www.polca.be\/en\/\"},{\"@type\":\"ListItem\",\"position\":2,\"name\":\"About Us\"}]},{\"@type\":\"WebSite\",\"@id\":\"https:\/\/www.polca.be\/en\/#website\",\"url\":\"https:\/\/www.polca.be\/en\/\",\"name\":\"Polca\",\"description\":\"Un produit belge - une maison de confiance!\",\"publisher\":{\"@id\":\"https:\/\/www.polca.be\/en\/#organization\"},\"potentialAction\":[{\"@type\":\"SearchAction\",\"target\":{\"@type\":\"EntryPoint\",\"urlTemplate\":\"https:\/\/www.polca.be\/en\/?s={search_term_string}\"},\"query-input\":{\"@type\":\"PropertyValueSpecification\",\"valueRequired\":true,\"valueName\":\"search_term_string\"}}],\"inLanguage\":\"en-US\"},{\"@type\":\"Organization\",\"@id\":\"https:\/\/www.polca.be\/en\/#organization\",\"name\":\"Polca\",\"url\":\"https:\/\/www.polca.be\/en\/\",\"logo\":{\"@type\":\"ImageObject\",\"inLanguage\":\"en-US\",\"@id\":\"https:\/\/www.polca.be\/en\/#\/schema\/logo\/image\/\",\"url\":\"https:\/\/www.polca.be\/wp-content\/uploads\/2022\/10\/logo-polca.svg\",\"contentUrl\":\"https:\/\/www.polca.be\/wp-content\/uploads\/2022\/10\/logo-polca.svg\",\"width\":113,\"height\":90,\"caption\":\"Polca\"},\"image\":{\"@id\":\"https:\/\/www.polca.be\/en\/#\/schema\/logo\/image\/\"}}]}<\/script>\n<!-- \/ Yoast SEO plugin. -->","yoast_head_json":{"title":"About Us - Polca","robots":{"index":"index","follow":"follow","max-snippet":"max-snippet:-1","max-image-preview":"max-image-preview:large","max-video-preview":"max-video-preview:-1"},"canonical":"https:\/\/www.polca.be\/en\/about-us\/","og_locale":"en_US","og_type":"article","og_title":"About Us - Polca","og_description":"Our enterprise Polca : 100% Belgian product! Polca : a company of trust! Polca, the best price\/quality ratio Since 1969 Polca stands for Pat\u00e9. Our family business stays faithful to its traditions. We stand for the best price\/quality ratio, a customer-oriented attitude and the continuous urge to develop new trends. Our generic brand &#8220;P\u00e2t\u00e9 Grand-M\u00e8re&#8221; [&hellip;]","og_url":"https:\/\/www.polca.be\/en\/about-us\/","og_site_name":"Polca","article_modified_time":"2022-11-10T08:16:34+00:00","og_image":[{"width":1920,"height":795,"url":"https:\/\/www.polca.be\/wp-content\/uploads\/2022\/10\/jambon-2.jpg","type":"image\/jpeg"}],"twitter_card":"summary_large_image","twitter_misc":{"Est. reading time":"1 minute"},"schema":{"@context":"https:\/\/schema.org","@graph":[{"@type":"WebPage","@id":"https:\/\/www.polca.be\/en\/about-us\/","url":"https:\/\/www.polca.be\/en\/about-us\/","name":"About Us - Polca","isPartOf":{"@id":"https:\/\/www.polca.be\/en\/#website"},"primaryImageOfPage":{"@id":"https:\/\/www.polca.be\/en\/about-us\/#primaryimage"},"image":{"@id":"https:\/\/www.polca.be\/en\/about-us\/#primaryimage"},"thumbnailUrl":"https:\/\/www.polca.be\/wp-content\/uploads\/2022\/10\/jambon-2.jpg","datePublished":"2022-10-20T07:22:17+00:00","dateModified":"2022-11-10T08:16:34+00:00","breadcrumb":{"@id":"https:\/\/www.polca.be\/en\/about-us\/#breadcrumb"},"inLanguage":"en-US","potentialAction":[{"@type":"ReadAction","target":["https:\/\/www.polca.be\/en\/about-us\/"]}]},{"@type":"ImageObject","inLanguage":"en-US","@id":"https:\/\/www.polca.be\/en\/about-us\/#primaryimage","url":"https:\/\/www.polca.be\/wp-content\/uploads\/2022\/10\/jambon-2.jpg","contentUrl":"https:\/\/www.polca.be\/wp-content\/uploads\/2022\/10\/jambon-2.jpg","width":1920,"height":795},{"@type":"BreadcrumbList","@id":"https:\/\/www.polca.be\/en\/about-us\/#breadcrumb","itemListElement":[{"@type":"ListItem","position":1,"name":"Home","item":"https:\/\/www.polca.be\/en\/"},{"@type":"ListItem","position":2,"name":"About Us"}]},{"@type":"WebSite","@id":"https:\/\/www.polca.be\/en\/#website","url":"https:\/\/www.polca.be\/en\/","name":"Polca","description":"Un produit belge - une maison de confiance!","publisher":{"@id":"https:\/\/www.polca.be\/en\/#organization"},"potentialAction":[{"@type":"SearchAction","target":{"@type":"EntryPoint","urlTemplate":"https:\/\/www.polca.be\/en\/?s={search_term_string}"},"query-input":{"@type":"PropertyValueSpecification","valueRequired":true,"valueName":"search_term_string"}}],"inLanguage":"en-US"},{"@type":"Organization","@id":"https:\/\/www.polca.be\/en\/#organization","name":"Polca","url":"https:\/\/www.polca.be\/en\/","logo":{"@type":"ImageObject","inLanguage":"en-US","@id":"https:\/\/www.polca.be\/en\/#\/schema\/logo\/image\/","url":"https:\/\/www.polca.be\/wp-content\/uploads\/2022\/10\/logo-polca.svg","contentUrl":"https:\/\/www.polca.be\/wp-content\/uploads\/2022\/10\/logo-polca.svg","width":113,"height":90,"caption":"Polca"},"image":{"@id":"https:\/\/www.polca.be\/en\/#\/schema\/logo\/image\/"}}]}},"_links":{"self":[{"href":"https:\/\/www.polca.be\/en\/wp-json\/wp\/v2\/pages\/1307","targetHints":{"allow":["GET"]}}],"collection":[{"href":"https:\/\/www.polca.be\/en\/wp-json\/wp\/v2\/pages"}],"about":[{"href":"https:\/\/www.polca.be\/en\/wp-json\/wp\/v2\/types\/page"}],"author":[{"embeddable":true,"href":"https:\/\/www.polca.be\/en\/wp-json\/wp\/v2\/users\/1"}],"replies":[{"embeddable":true,"href":"https:\/\/www.polca.be\/en\/wp-json\/wp\/v2\/comments?post=1307"}],"version-history":[{"count":2,"href":"https:\/\/www.polca.be\/en\/wp-json\/wp\/v2\/pages\/1307\/revisions"}],"predecessor-version":[{"id":1451,"href":"https:\/\/www.polca.be\/en\/wp-json\/wp\/v2\/pages\/1307\/revisions\/1451"}],"wp:featuredmedia":[{"embeddable":true,"href":"https:\/\/www.polca.be\/en\/wp-json\/wp\/v2\/media\/724"}],"wp:attachment":[{"href":"https:\/\/www.polca.be\/en\/wp-json\/wp\/v2\/media?parent=1307"}],"curies":[{"name":"wp","href":"https:\/\/api.w.org\/{rel}","templated":true}]}}