{"id":151,"date":"2022-10-20T09:22:50","date_gmt":"2022-10-20T07:22:50","guid":{"rendered":"https:\/\/polca.vps005.visible.be\/jobs\/"},"modified":"2025-02-26T09:46:55","modified_gmt":"2025-02-26T08:46:55","slug":"jobs-2","status":"publish","type":"page","link":"https:\/\/www.polca.be\/fr\/jobs-2\/","title":{"rendered":"Jobs"},"content":{"rendered":"\t\t<div data-elementor-type=\"wp-page\" data-elementor-id=\"151\" class=\"elementor elementor-151\" data-elementor-post-type=\"page\">\n\t\t\t\t\t\t<section class=\"elementor-section elementor-top-section elementor-element elementor-element-4938971e elementor-section-full_width elementor-section-height-min-height elementor-section-items-stretch elementor-section-height-default\" data-id=\"4938971e\" data-element_type=\"section\" data-e-type=\"section\">\n\t\t\t\t\t\t<div class=\"elementor-container elementor-column-gap-no\">\n\t\t\t\t\t<div class=\"elementor-column elementor-col-50 elementor-top-column elementor-element elementor-element-f5da0e9\" data-id=\"f5da0e9\" data-element_type=\"column\" data-e-type=\"column\">\n\t\t\t<div class=\"elementor-widget-wrap elementor-element-populated\">\n\t\t\t\t\t\t<section class=\"elementor-section elementor-inner-section elementor-element elementor-element-3d31ae71 elementor-section-boxed elementor-section-height-default elementor-section-height-default elementor-invisible\" data-id=\"3d31ae71\" data-element_type=\"section\" data-e-type=\"section\" data-settings=\"{&quot;animation&quot;:&quot;slideInLeft&quot;}\">\n\t\t\t\t\t\t<div class=\"elementor-container elementor-column-gap-no\">\n\t\t\t\t\t<div class=\"elementor-column elementor-col-100 elementor-inner-column elementor-element elementor-element-739fc03b\" data-id=\"739fc03b\" data-element_type=\"column\" data-e-type=\"column\">\n\t\t\t<div class=\"elementor-widget-wrap elementor-element-populated\">\n\t\t\t\t\t\t<div class=\"elementor-element elementor-element-77a36018 elementor-widget elementor-widget-heading\" data-id=\"77a36018\" data-element_type=\"widget\" data-e-type=\"widget\" data-widget_type=\"heading.default\">\n\t\t\t\t<div class=\"elementor-widget-container\">\n\t\t\t\t\t<div class=\"elementor-heading-title elementor-size-default\">Jobs<\/div>\t\t\t\t<\/div>\n\t\t\t\t<\/div>\n\t\t\t\t<div class=\"elementor-element elementor-element-299a4a7f elementor-widget elementor-widget-heading\" data-id=\"299a4a7f\" data-element_type=\"widget\" data-e-type=\"widget\" data-widget_type=\"heading.default\">\n\t\t\t\t<div class=\"elementor-widget-container\">\n\t\t\t\t\t<h1 class=\"elementor-heading-title elementor-size-default\">Rejoignez-nous\u00a0!\n<\/h1>\t\t\t\t<\/div>\n\t\t\t\t<\/div>\n\t\t\t\t\t<\/div>\n\t\t<\/div>\n\t\t\t\t\t<\/div>\n\t\t<\/section>\n\t\t\t\t\t<\/div>\n\t\t<\/div>\n\t\t\t\t<div class=\"elementor-column elementor-col-50 elementor-top-column elementor-element elementor-element-308bc45f\" data-id=\"308bc45f\" data-element_type=\"column\" data-e-type=\"column\" data-settings=\"{&quot;background_background&quot;:&quot;classic&quot;}\">\n\t\t\t<div class=\"elementor-widget-wrap elementor-element-populated\">\n\t\t\t\t\t\t<div class=\"elementor-element elementor-element-2c2eac3d elementor-widget elementor-widget-spacer\" data-id=\"2c2eac3d\" data-element_type=\"widget\" data-e-type=\"widget\" data-widget_type=\"spacer.default\">\n\t\t\t\t<div class=\"elementor-widget-container\">\n\t\t\t\t\t\t\t<div class=\"elementor-spacer\">\n\t\t\t<div class=\"elementor-spacer-inner\"><\/div>\n\t\t<\/div>\n\t\t\t\t\t\t<\/div>\n\t\t\t\t<\/div>\n\t\t\t\t\t<\/div>\n\t\t<\/div>\n\t\t\t\t\t<\/div>\n\t\t<\/section>\n\t\t\t\t<section class=\"elementor-section elementor-top-section elementor-element elementor-element-2ea84ad8 elementor-section-boxed elementor-section-height-default elementor-section-height-default\" data-id=\"2ea84ad8\" data-element_type=\"section\" data-e-type=\"section\">\n\t\t\t\t\t\t<div class=\"elementor-container elementor-column-gap-default\">\n\t\t\t\t\t<div class=\"elementor-column elementor-col-100 elementor-top-column elementor-element elementor-element-72f00953\" data-id=\"72f00953\" data-element_type=\"column\" data-e-type=\"column\">\n\t\t\t<div class=\"elementor-widget-wrap elementor-element-populated\">\n\t\t\t\t\t\t<div class=\"elementor-element elementor-element-39c57d89 elementor-widget elementor-widget-text-editor\" data-id=\"39c57d89\" data-element_type=\"widget\" data-e-type=\"widget\" data-widget_type=\"text-editor.default\">\n\t\t\t\t<div class=\"elementor-widget-container\">\n\t\t\t\t\t\t\t\t\t<p class=\"p1\"><b>Chez Polca, nous sommes constamment \u00e0 la recherche de nouveaux talents pour renforcer nos \u00e9quipes !<span class=\"Apple-converted-space\">\u00a0<\/span><\/b><\/p><p class=\"p1\"><b>Jeunes dipl\u00f4m\u00e9s, profils exp\u00e9riment\u00e9s ou tout simplement en qu\u00eate d\u2019un emploi motivant dans une entreprise familiale et tourn\u00e9e vers l\u2019avenir, nous engageons r\u00e9guli\u00e8rement\u00a0!<\/b><\/p><p class=\"p1\">Dans cette rubrique, vous pourrez retrouver l\u2019ensemble de nos offres d\u2019emploi. N\u2019h\u00e9sitez pas \u00e0 y jeter un \u0153il et \u00e0 postuler.<span class=\"Apple-converted-space\">\u00a0<\/span><\/p><p class=\"p1\">Au-del\u00e0 du CV, nous sommes particuli\u00e8rement attentifs \u00e0 la motivation, \u00e0 l\u2019envie de progresser et aux valeurs de notre personnel.<br \/>Si vous pensez correspondre \u00e0 ces attentes, alors n\u2019attendez plus et posez votre candidature\u00a0!<span class=\"Apple-converted-space\">\u00a0<\/span><\/p>\t\t\t\t\t\t\t\t<\/div>\n\t\t\t\t<\/div>\n\t\t\t\t\t<\/div>\n\t\t<\/div>\n\t\t\t\t\t<\/div>\n\t\t<\/section>\n\t\t\t\t<section class=\"elementor-section elementor-top-section elementor-element elementor-element-2be181f6 elementor-section-boxed elementor-section-height-default elementor-section-height-default\" data-id=\"2be181f6\" data-element_type=\"section\" data-e-type=\"section\" data-settings=\"{&quot;background_background&quot;:&quot;classic&quot;}\">\n\t\t\t\t\t\t<div class=\"elementor-container elementor-column-gap-default\">\n\t\t\t\t\t<div class=\"elementor-column elementor-col-100 elementor-top-column elementor-element elementor-element-8c400db\" data-id=\"8c400db\" data-element_type=\"column\" data-e-type=\"column\">\n\t\t\t<div class=\"elementor-widget-wrap elementor-element-populated\">\n\t\t\t\t\t\t<section class=\"elementor-section elementor-inner-section elementor-element elementor-element-4e67ed7f elementor-section-content-middle elementor-reverse-mobile elementor-section-boxed elementor-section-height-default elementor-section-height-default\" data-id=\"4e67ed7f\" data-element_type=\"section\" data-e-type=\"section\">\n\t\t\t\t\t\t<div class=\"elementor-container elementor-column-gap-default\">\n\t\t\t\t\t<div class=\"elementor-column elementor-col-50 elementor-inner-column elementor-element elementor-element-74de67d0 elementor-invisible\" data-id=\"74de67d0\" data-element_type=\"column\" data-e-type=\"column\" data-settings=\"{&quot;animation&quot;:&quot;slideInLeft&quot;}\">\n\t\t\t<div class=\"elementor-widget-wrap elementor-element-populated\">\n\t\t\t\t\t\t<div class=\"elementor-element elementor-element-79253c03 elementor-widget elementor-widget-text-editor\" data-id=\"79253c03\" data-element_type=\"widget\" data-e-type=\"widget\" data-widget_type=\"text-editor.default\">\n\t\t\t\t<div class=\"elementor-widget-container\">\n\t\t\t\t\t\t\t\t\t<p>Aucune des offres en cours ne correspond \u00e0 votre profil mais vous pensez pouvoir contribuer \u00e0 la p\u00e9rennit\u00e9 de l\u2019entreprise POLCA gr\u00e2ce \u00e0 votre formation et\/ou vos comp\u00e9tences ?<\/p><p>N\u2019h\u00e9sitez pas \u00e0 poser une candidature spontan\u00e9e ! <br \/>Nous la conserverons pr\u00e9cieusement et n\u2019h\u00e9siterons pas \u00e0 vous contacter lorsqu\u2019une opportunit\u00e9 se pr\u00e9sentera.<\/p>\t\t\t\t\t\t\t\t<\/div>\n\t\t\t\t<\/div>\n\t\t\t\t<div class=\"elementor-element elementor-element-6102839c elementor-align-right elementor-mobile-align-left elementor-widget elementor-widget-button\" data-id=\"6102839c\" data-element_type=\"widget\" data-e-type=\"widget\" data-widget_type=\"button.default\">\n\t\t\t\t<div class=\"elementor-widget-container\">\n\t\t\t\t\t\t\t\t\t<div class=\"elementor-button-wrapper\">\n\t\t\t\t\t<a class=\"elementor-button elementor-button-link elementor-size-sm\" href=\"#contact\">\n\t\t\t\t\t\t<span class=\"elementor-button-content-wrapper\">\n\t\t\t\t\t\t\t\t\t<span class=\"elementor-button-text\">Envoyer ma candidature<\/span>\n\t\t\t\t\t<\/span>\n\t\t\t\t\t<\/a>\n\t\t\t\t<\/div>\n\t\t\t\t\t\t\t\t<\/div>\n\t\t\t\t<\/div>\n\t\t\t\t\t<\/div>\n\t\t<\/div>\n\t\t\t\t<div class=\"elementor-column elementor-col-50 elementor-inner-column elementor-element elementor-element-887137d\" data-id=\"887137d\" data-element_type=\"column\" data-e-type=\"column\">\n\t\t\t<div class=\"elementor-widget-wrap elementor-element-populated\">\n\t\t\t\t\t\t<div class=\"elementor-element elementor-element-389e85c elementor-widget elementor-widget-heading\" data-id=\"389e85c\" data-element_type=\"widget\" data-e-type=\"widget\" data-widget_type=\"heading.default\">\n\t\t\t\t<div class=\"elementor-widget-container\">\n\t\t\t\t\t<h3 class=\"elementor-heading-title elementor-size-default\">CANDIDATURE\nSPONTAN\u00c9E<\/h3>\t\t\t\t<\/div>\n\t\t\t\t<\/div>\n\t\t\t\t<div class=\"elementor-element elementor-element-18878a34 elementor-widget elementor-widget-image\" data-id=\"18878a34\" data-element_type=\"widget\" data-e-type=\"widget\" data-widget_type=\"image.default\">\n\t\t\t\t<div class=\"elementor-widget-container\">\n\t\t\t\t\t\t\t\t\t\t\t\t\t\t\t<img decoding=\"async\" width=\"165\" height=\"172\" src=\"https:\/\/www.polca.be\/wp-content\/uploads\/2025\/02\/candidature-spontanee-img.png\" class=\"attachment-large size-large wp-image-2037\" alt=\"Polca - Candidature spontan\u00e9e\" \/>\t\t\t\t\t\t\t\t\t\t\t\t\t\t\t<\/div>\n\t\t\t\t<\/div>\n\t\t\t\t\t<\/div>\n\t\t<\/div>\n\t\t\t\t\t<\/div>\n\t\t<\/section>\n\t\t\t\t\t<\/div>\n\t\t<\/div>\n\t\t\t\t\t<\/div>\n\t\t<\/section>\n\t\t\t\t<\/div>\n\t\t","protected":false},"excerpt":{"rendered":"<p>Jobs Rejoignez-nous\u00a0! Chez Polca, nous sommes constamment \u00e0 la recherche de nouveaux talents pour renforcer nos \u00e9quipes !\u00a0 Jeunes dipl\u00f4m\u00e9s, profils exp\u00e9riment\u00e9s ou tout simplement en qu\u00eate d\u2019un emploi motivant dans une entreprise familiale et tourn\u00e9e vers l\u2019avenir, nous engageons r\u00e9guli\u00e8rement\u00a0! Dans cette rubrique, vous pourrez retrouver l\u2019ensemble de nos offres d\u2019emploi. N\u2019h\u00e9sitez pas \u00e0 [&hellip;]<\/p>\n","protected":false},"author":1,"featured_media":155,"parent":0,"menu_order":0,"comment_status":"closed","ping_status":"closed","template":"","meta":{"_acf_changed":false,"inline_featured_image":false,"footnotes":""},"class_list":["post-151","page","type-page","status-publish","has-post-thumbnail","hentry"],"acf":[],"yoast_head":"<!-- This site is optimized with the Yoast SEO plugin v27.2 - https:\/\/yoast.com\/product\/yoast-seo-wordpress\/ -->\n<title>Jobs - Polca<\/title>\n<meta name=\"robots\" content=\"index, follow, max-snippet:-1, max-image-preview:large, max-video-preview:-1\" \/>\n<link rel=\"canonical\" href=\"https:\/\/www.polca.be\/fr\/jobs-2\/\" \/>\n<meta property=\"og:locale\" content=\"fr_FR\" \/>\n<meta property=\"og:type\" content=\"article\" \/>\n<meta property=\"og:title\" content=\"Jobs - Polca\" \/>\n<meta property=\"og:description\" content=\"Jobs Rejoignez-nous\u00a0! Chez Polca, nous sommes constamment \u00e0 la recherche de nouveaux talents pour renforcer nos \u00e9quipes !\u00a0 Jeunes dipl\u00f4m\u00e9s, profils exp\u00e9riment\u00e9s ou tout simplement en qu\u00eate d\u2019un emploi motivant dans une entreprise familiale et tourn\u00e9e vers l\u2019avenir, nous engageons r\u00e9guli\u00e8rement\u00a0! Dans cette rubrique, vous pourrez retrouver l\u2019ensemble de nos offres d\u2019emploi. N\u2019h\u00e9sitez pas \u00e0 [&hellip;]\" \/>\n<meta property=\"og:url\" content=\"https:\/\/www.polca.be\/fr\/jobs-2\/\" \/>\n<meta property=\"og:site_name\" content=\"Polca\" \/>\n<meta property=\"article:modified_time\" content=\"2025-02-26T08:46:55+00:00\" \/>\n<meta property=\"og:image\" content=\"https:\/\/www.polca.be\/wp-content\/uploads\/2022\/10\/AdobeStock_434529113.jpg\" \/>\n\t<meta property=\"og:image:width\" content=\"1450\" \/>\n\t<meta property=\"og:image:height\" content=\"780\" \/>\n\t<meta property=\"og:image:type\" content=\"image\/jpeg\" \/>\n<meta name=\"twitter:card\" content=\"summary_large_image\" \/>\n<meta name=\"twitter:label1\" content=\"Dur\u00e9e de lecture estim\u00e9e\" \/>\n\t<meta name=\"twitter:data1\" content=\"1 minute\" \/>\n<script type=\"application\/ld+json\" class=\"yoast-schema-graph\">{\"@context\":\"https:\/\/schema.org\",\"@graph\":[{\"@type\":\"WebPage\",\"@id\":\"https:\/\/www.polca.be\/fr\/jobs-2\/\",\"url\":\"https:\/\/www.polca.be\/fr\/jobs-2\/\",\"name\":\"Jobs - Polca\",\"isPartOf\":{\"@id\":\"https:\/\/www.polca.be\/fr\/#website\"},\"primaryImageOfPage\":{\"@id\":\"https:\/\/www.polca.be\/fr\/jobs-2\/#primaryimage\"},\"image\":{\"@id\":\"https:\/\/www.polca.be\/fr\/jobs-2\/#primaryimage\"},\"thumbnailUrl\":\"https:\/\/www.polca.be\/wp-content\/uploads\/2022\/10\/AdobeStock_434529113.jpg\",\"datePublished\":\"2022-10-20T07:22:50+00:00\",\"dateModified\":\"2025-02-26T08:46:55+00:00\",\"breadcrumb\":{\"@id\":\"https:\/\/www.polca.be\/fr\/jobs-2\/#breadcrumb\"},\"inLanguage\":\"fr-FR\",\"potentialAction\":[{\"@type\":\"ReadAction\",\"target\":[\"https:\/\/www.polca.be\/fr\/jobs-2\/\"]}]},{\"@type\":\"ImageObject\",\"inLanguage\":\"fr-FR\",\"@id\":\"https:\/\/www.polca.be\/fr\/jobs-2\/#primaryimage\",\"url\":\"https:\/\/www.polca.be\/wp-content\/uploads\/2022\/10\/AdobeStock_434529113.jpg\",\"contentUrl\":\"https:\/\/www.polca.be\/wp-content\/uploads\/2022\/10\/AdobeStock_434529113.jpg\",\"width\":1450,\"height\":780},{\"@type\":\"BreadcrumbList\",\"@id\":\"https:\/\/www.polca.be\/fr\/jobs-2\/#breadcrumb\",\"itemListElement\":[{\"@type\":\"ListItem\",\"position\":1,\"name\":\"Home\",\"item\":\"https:\/\/www.polca.be\/fr\/\"},{\"@type\":\"ListItem\",\"position\":2,\"name\":\"Jobs\"}]},{\"@type\":\"WebSite\",\"@id\":\"https:\/\/www.polca.be\/fr\/#website\",\"url\":\"https:\/\/www.polca.be\/fr\/\",\"name\":\"Polca\",\"description\":\"Un produit belge - une maison de confiance!\",\"publisher\":{\"@id\":\"https:\/\/www.polca.be\/fr\/#organization\"},\"potentialAction\":[{\"@type\":\"SearchAction\",\"target\":{\"@type\":\"EntryPoint\",\"urlTemplate\":\"https:\/\/www.polca.be\/fr\/?s={search_term_string}\"},\"query-input\":{\"@type\":\"PropertyValueSpecification\",\"valueRequired\":true,\"valueName\":\"search_term_string\"}}],\"inLanguage\":\"fr-FR\"},{\"@type\":\"Organization\",\"@id\":\"https:\/\/www.polca.be\/fr\/#organization\",\"name\":\"Polca\",\"url\":\"https:\/\/www.polca.be\/fr\/\",\"logo\":{\"@type\":\"ImageObject\",\"inLanguage\":\"fr-FR\",\"@id\":\"https:\/\/www.polca.be\/fr\/#\/schema\/logo\/image\/\",\"url\":\"https:\/\/www.polca.be\/wp-content\/uploads\/2022\/10\/logo-polca.svg\",\"contentUrl\":\"https:\/\/www.polca.be\/wp-content\/uploads\/2022\/10\/logo-polca.svg\",\"width\":113,\"height\":90,\"caption\":\"Polca\"},\"image\":{\"@id\":\"https:\/\/www.polca.be\/fr\/#\/schema\/logo\/image\/\"}}]}<\/script>\n<!-- \/ Yoast SEO plugin. -->","yoast_head_json":{"title":"Jobs - Polca","robots":{"index":"index","follow":"follow","max-snippet":"max-snippet:-1","max-image-preview":"max-image-preview:large","max-video-preview":"max-video-preview:-1"},"canonical":"https:\/\/www.polca.be\/fr\/jobs-2\/","og_locale":"fr_FR","og_type":"article","og_title":"Jobs - Polca","og_description":"Jobs Rejoignez-nous\u00a0! Chez Polca, nous sommes constamment \u00e0 la recherche de nouveaux talents pour renforcer nos \u00e9quipes !\u00a0 Jeunes dipl\u00f4m\u00e9s, profils exp\u00e9riment\u00e9s ou tout simplement en qu\u00eate d\u2019un emploi motivant dans une entreprise familiale et tourn\u00e9e vers l\u2019avenir, nous engageons r\u00e9guli\u00e8rement\u00a0! Dans cette rubrique, vous pourrez retrouver l\u2019ensemble de nos offres d\u2019emploi. N\u2019h\u00e9sitez pas \u00e0 [&hellip;]","og_url":"https:\/\/www.polca.be\/fr\/jobs-2\/","og_site_name":"Polca","article_modified_time":"2025-02-26T08:46:55+00:00","og_image":[{"width":1450,"height":780,"url":"https:\/\/www.polca.be\/wp-content\/uploads\/2022\/10\/AdobeStock_434529113.jpg","type":"image\/jpeg"}],"twitter_card":"summary_large_image","twitter_misc":{"Dur\u00e9e de lecture estim\u00e9e":"1 minute"},"schema":{"@context":"https:\/\/schema.org","@graph":[{"@type":"WebPage","@id":"https:\/\/www.polca.be\/fr\/jobs-2\/","url":"https:\/\/www.polca.be\/fr\/jobs-2\/","name":"Jobs - Polca","isPartOf":{"@id":"https:\/\/www.polca.be\/fr\/#website"},"primaryImageOfPage":{"@id":"https:\/\/www.polca.be\/fr\/jobs-2\/#primaryimage"},"image":{"@id":"https:\/\/www.polca.be\/fr\/jobs-2\/#primaryimage"},"thumbnailUrl":"https:\/\/www.polca.be\/wp-content\/uploads\/2022\/10\/AdobeStock_434529113.jpg","datePublished":"2022-10-20T07:22:50+00:00","dateModified":"2025-02-26T08:46:55+00:00","breadcrumb":{"@id":"https:\/\/www.polca.be\/fr\/jobs-2\/#breadcrumb"},"inLanguage":"fr-FR","potentialAction":[{"@type":"ReadAction","target":["https:\/\/www.polca.be\/fr\/jobs-2\/"]}]},{"@type":"ImageObject","inLanguage":"fr-FR","@id":"https:\/\/www.polca.be\/fr\/jobs-2\/#primaryimage","url":"https:\/\/www.polca.be\/wp-content\/uploads\/2022\/10\/AdobeStock_434529113.jpg","contentUrl":"https:\/\/www.polca.be\/wp-content\/uploads\/2022\/10\/AdobeStock_434529113.jpg","width":1450,"height":780},{"@type":"BreadcrumbList","@id":"https:\/\/www.polca.be\/fr\/jobs-2\/#breadcrumb","itemListElement":[{"@type":"ListItem","position":1,"name":"Home","item":"https:\/\/www.polca.be\/fr\/"},{"@type":"ListItem","position":2,"name":"Jobs"}]},{"@type":"WebSite","@id":"https:\/\/www.polca.be\/fr\/#website","url":"https:\/\/www.polca.be\/fr\/","name":"Polca","description":"Un produit belge - une maison de confiance!","publisher":{"@id":"https:\/\/www.polca.be\/fr\/#organization"},"potentialAction":[{"@type":"SearchAction","target":{"@type":"EntryPoint","urlTemplate":"https:\/\/www.polca.be\/fr\/?s={search_term_string}"},"query-input":{"@type":"PropertyValueSpecification","valueRequired":true,"valueName":"search_term_string"}}],"inLanguage":"fr-FR"},{"@type":"Organization","@id":"https:\/\/www.polca.be\/fr\/#organization","name":"Polca","url":"https:\/\/www.polca.be\/fr\/","logo":{"@type":"ImageObject","inLanguage":"fr-FR","@id":"https:\/\/www.polca.be\/fr\/#\/schema\/logo\/image\/","url":"https:\/\/www.polca.be\/wp-content\/uploads\/2022\/10\/logo-polca.svg","contentUrl":"https:\/\/www.polca.be\/wp-content\/uploads\/2022\/10\/logo-polca.svg","width":113,"height":90,"caption":"Polca"},"image":{"@id":"https:\/\/www.polca.be\/fr\/#\/schema\/logo\/image\/"}}]}},"_links":{"self":[{"href":"https:\/\/www.polca.be\/fr\/wp-json\/wp\/v2\/pages\/151","targetHints":{"allow":["GET"]}}],"collection":[{"href":"https:\/\/www.polca.be\/fr\/wp-json\/wp\/v2\/pages"}],"about":[{"href":"https:\/\/www.polca.be\/fr\/wp-json\/wp\/v2\/types\/page"}],"author":[{"embeddable":true,"href":"https:\/\/www.polca.be\/fr\/wp-json\/wp\/v2\/users\/1"}],"replies":[{"embeddable":true,"href":"https:\/\/www.polca.be\/fr\/wp-json\/wp\/v2\/comments?post=151"}],"version-history":[{"count":18,"href":"https:\/\/www.polca.be\/fr\/wp-json\/wp\/v2\/pages\/151\/revisions"}],"predecessor-version":[{"id":2053,"href":"https:\/\/www.polca.be\/fr\/wp-json\/wp\/v2\/pages\/151\/revisions\/2053"}],"wp:featuredmedia":[{"embeddable":true,"href":"https:\/\/www.polca.be\/fr\/wp-json\/wp\/v2\/media\/155"}],"wp:attachment":[{"href":"https:\/\/www.polca.be\/fr\/wp-json\/wp\/v2\/media?parent=151"}],"curies":[{"name":"wp","href":"https:\/\/api.w.org\/{rel}","templated":true}]}}