{"id":1628,"date":"2025-02-12T12:22:34","date_gmt":"2025-02-12T11:22:34","guid":{"rendered":"https:\/\/polca.vps005.visible.be\/?page_id=1628"},"modified":"2025-02-27T12:13:41","modified_gmt":"2025-02-27T11:13:41","slug":"nos-engagements","status":"publish","type":"page","link":"https:\/\/www.polca.be\/fr\/nos-engagements\/","title":{"rendered":"Nos engagements"},"content":{"rendered":"\t\t<div data-elementor-type=\"wp-page\" data-elementor-id=\"1628\" class=\"elementor elementor-1628\" data-elementor-post-type=\"page\">\n\t\t\t\t\t\t<section class=\"elementor-section elementor-top-section elementor-element elementor-element-69935111 elementor-section-full_width elementor-reverse-mobile elementor-section-height-min-height elementor-section-items-stretch elementor-section-height-default\" data-id=\"69935111\" data-element_type=\"section\" data-e-type=\"section\">\n\t\t\t\t\t\t<div class=\"elementor-container elementor-column-gap-no\">\n\t\t\t\t\t<div class=\"elementor-column elementor-col-50 elementor-top-column elementor-element elementor-element-2e5d678d\" data-id=\"2e5d678d\" data-element_type=\"column\" data-e-type=\"column\">\n\t\t\t<div class=\"elementor-widget-wrap elementor-element-populated\">\n\t\t\t\t\t\t<section class=\"elementor-section elementor-inner-section elementor-element elementor-element-46f661ac elementor-section-boxed elementor-section-height-default elementor-section-height-default elementor-invisible\" data-id=\"46f661ac\" data-element_type=\"section\" data-e-type=\"section\" data-settings=\"{&quot;animation&quot;:&quot;slideInLeft&quot;}\">\n\t\t\t\t\t\t<div class=\"elementor-container elementor-column-gap-no\">\n\t\t\t\t\t<div class=\"elementor-column elementor-col-100 elementor-inner-column elementor-element elementor-element-5cd2c59f\" data-id=\"5cd2c59f\" data-element_type=\"column\" data-e-type=\"column\">\n\t\t\t<div class=\"elementor-widget-wrap elementor-element-populated\">\n\t\t\t\t\t\t<div class=\"elementor-element elementor-element-449a6e47 elementor-widget elementor-widget-heading\" data-id=\"449a6e47\" data-element_type=\"widget\" data-e-type=\"widget\" data-widget_type=\"heading.default\">\n\t\t\t\t<div class=\"elementor-widget-container\">\n\t\t\t\t\t<div class=\"elementor-heading-title elementor-size-default\">Nos engagements soci\u00e9taux<\/div>\t\t\t\t<\/div>\n\t\t\t\t<\/div>\n\t\t\t\t<div class=\"elementor-element elementor-element-4239a652 elementor-widget elementor-widget-heading\" data-id=\"4239a652\" data-element_type=\"widget\" data-e-type=\"widget\" data-widget_type=\"heading.default\">\n\t\t\t\t<div class=\"elementor-widget-container\">\n\t\t\t\t\t<h1 class=\"elementor-heading-title elementor-size-default\">Qualit\u00e9, Conformit\u00e9 et \u00c9thique<\/h1>\t\t\t\t<\/div>\n\t\t\t\t<\/div>\n\t\t\t\t\t<\/div>\n\t\t<\/div>\n\t\t\t\t\t<\/div>\n\t\t<\/section>\n\t\t\t\t\t<\/div>\n\t\t<\/div>\n\t\t\t\t<div class=\"elementor-column elementor-col-50 elementor-top-column elementor-element elementor-element-42264050\" data-id=\"42264050\" data-element_type=\"column\" data-e-type=\"column\" data-settings=\"{&quot;background_background&quot;:&quot;classic&quot;}\">\n\t\t\t<div class=\"elementor-widget-wrap\">\n\t\t\t\t\t\t\t<\/div>\n\t\t<\/div>\n\t\t\t\t\t<\/div>\n\t\t<\/section>\n\t\t\t\t<section class=\"elementor-section elementor-top-section elementor-element elementor-element-2f575fc elementor-section-boxed elementor-section-height-default elementor-section-height-default\" data-id=\"2f575fc\" data-element_type=\"section\" data-e-type=\"section\">\n\t\t\t\t\t\t<div class=\"elementor-container elementor-column-gap-default\">\n\t\t\t\t\t<div class=\"elementor-column elementor-col-100 elementor-top-column elementor-element elementor-element-c8ba609\" data-id=\"c8ba609\" data-element_type=\"column\" data-e-type=\"column\">\n\t\t\t<div class=\"elementor-widget-wrap elementor-element-populated\">\n\t\t\t\t\t\t<div class=\"elementor-element elementor-element-c38d55d elementor-widget elementor-widget-text-editor\" data-id=\"c38d55d\" data-element_type=\"widget\" data-e-type=\"widget\" data-widget_type=\"text-editor.default\">\n\t\t\t\t<div class=\"elementor-widget-container\">\n\t\t\t\t\t\t\t\t\t<p>Polca fournit non seulement des produits de charcuterie de premi\u00e8re qualit\u00e9 mais le fait d\u2019une mani\u00e8re qui refl\u00e8te l\u2019engagement pris par la Soci\u00e9t\u00e9 de conduire ses activit\u00e9s commerciales en totale conformit\u00e9 avec les lois en vigueur et de souscrire aux principes d\u2019int\u00e9grit\u00e9 et d\u2019honn\u00eatet\u00e9.<\/p><p>Pour veiller au respect de ces lois et principes, nous nous appuyons sur des Codes de Conduite (Personnel &amp; Fournisseurs) et de Gouvernance \u00e9labor\u00e9s en vue d\u2019une application permanente. Ces codes, dont vous pouvez prendre connaissance ci-dessous, constituent le socle commun d\u2019une collaboration saine, visant au strict respect de nos valeurs, des lois qui nous r\u00e9gissent et notre \u00e9thique.<\/p>\t\t\t\t\t\t\t\t<\/div>\n\t\t\t\t<\/div>\n\t\t\t\t\t<\/div>\n\t\t<\/div>\n\t\t\t\t\t<\/div>\n\t\t<\/section>\n\t\t\t\t<section class=\"elementor-section elementor-top-section elementor-element elementor-element-832de5c elementor-section-boxed elementor-section-height-default elementor-section-height-default\" data-id=\"832de5c\" data-element_type=\"section\" data-e-type=\"section\">\n\t\t\t\t\t\t<div class=\"elementor-container elementor-column-gap-default\">\n\t\t\t\t\t<div class=\"elementor-column elementor-col-33 elementor-top-column elementor-element elementor-element-95ed9ba\" data-id=\"95ed9ba\" data-element_type=\"column\" data-e-type=\"column\">\n\t\t\t<div class=\"elementor-widget-wrap elementor-element-populated\">\n\t\t\t\t\t\t<div class=\"elementor-element elementor-element-9720e65 elementor-widget elementor-widget-image\" data-id=\"9720e65\" data-element_type=\"widget\" data-e-type=\"widget\" data-widget_type=\"image.default\">\n\t\t\t\t<div class=\"elementor-widget-container\">\n\t\t\t\t\t\t\t\t\t\t\t\t\t\t\t\t<a href=\"\/wp-content\/uploads\/2025\/02\/FR-DFG_CodePersonnel.pdf\" target=\"_blank\">\n\t\t\t\t\t\t\t<img fetchpriority=\"high\" decoding=\"async\" width=\"768\" height=\"944\" src=\"https:\/\/www.polca.be\/wp-content\/uploads\/2025\/02\/FR-DFG_CodePersonnel-2-768x944.webp\" class=\"attachment-medium_large size-medium_large wp-image-1646\" alt=\"Code Personnel\" srcset=\"https:\/\/www.polca.be\/wp-content\/uploads\/2025\/02\/FR-DFG_CodePersonnel-2-768x944.webp 768w, https:\/\/www.polca.be\/wp-content\/uploads\/2025\/02\/FR-DFG_CodePersonnel-2-244x300.webp 244w, https:\/\/www.polca.be\/wp-content\/uploads\/2025\/02\/FR-DFG_CodePersonnel-2.webp 817w\" sizes=\"(max-width: 768px) 100vw, 768px\" \/>\t\t\t\t\t\t\t\t<\/a>\n\t\t\t\t\t\t\t\t\t\t\t\t\t\t\t<\/div>\n\t\t\t\t<\/div>\n\t\t\t\t\t<\/div>\n\t\t<\/div>\n\t\t\t\t<div class=\"elementor-column elementor-col-33 elementor-top-column elementor-element elementor-element-3782b17\" data-id=\"3782b17\" data-element_type=\"column\" data-e-type=\"column\">\n\t\t\t<div class=\"elementor-widget-wrap elementor-element-populated\">\n\t\t\t\t\t\t<div class=\"elementor-element elementor-element-aa53970 elementor-widget elementor-widget-image\" data-id=\"aa53970\" data-element_type=\"widget\" data-e-type=\"widget\" data-widget_type=\"image.default\">\n\t\t\t\t<div class=\"elementor-widget-container\">\n\t\t\t\t\t\t\t\t\t\t\t\t\t\t\t\t<a href=\"\/wp-content\/uploads\/2025\/02\/FR-DFG_CodeGouvernance.pdf\" target=\"_blank\">\n\t\t\t\t\t\t\t<img decoding=\"async\" width=\"768\" height=\"947\" src=\"https:\/\/www.polca.be\/wp-content\/uploads\/2025\/02\/FR-DFG_CodeGouvernance-2-768x947.webp\" class=\"attachment-medium_large size-medium_large wp-image-1642\" alt=\"Code Gouvernance\" srcset=\"https:\/\/www.polca.be\/wp-content\/uploads\/2025\/02\/FR-DFG_CodeGouvernance-2-768x947.webp 768w, https:\/\/www.polca.be\/wp-content\/uploads\/2025\/02\/FR-DFG_CodeGouvernance-2-243x300.webp 243w, https:\/\/www.polca.be\/wp-content\/uploads\/2025\/02\/FR-DFG_CodeGouvernance-2.webp 813w\" sizes=\"(max-width: 768px) 100vw, 768px\" \/>\t\t\t\t\t\t\t\t<\/a>\n\t\t\t\t\t\t\t\t\t\t\t\t\t\t\t<\/div>\n\t\t\t\t<\/div>\n\t\t\t\t\t<\/div>\n\t\t<\/div>\n\t\t\t\t<div class=\"elementor-column elementor-col-33 elementor-top-column elementor-element elementor-element-3fe9406\" data-id=\"3fe9406\" data-element_type=\"column\" data-e-type=\"column\">\n\t\t\t<div class=\"elementor-widget-wrap elementor-element-populated\">\n\t\t\t\t\t\t<div class=\"elementor-element elementor-element-7e05d13 elementor-widget elementor-widget-image\" data-id=\"7e05d13\" data-element_type=\"widget\" data-e-type=\"widget\" data-widget_type=\"image.default\">\n\t\t\t\t<div class=\"elementor-widget-container\">\n\t\t\t\t\t\t\t\t\t\t\t\t\t\t\t\t<a href=\"\/wp-content\/uploads\/2025\/02\/FR-DFG_CodeFournisseurs.pdf\" target=\"_blank\">\n\t\t\t\t\t\t\t<img decoding=\"async\" width=\"768\" height=\"942\" src=\"https:\/\/www.polca.be\/wp-content\/uploads\/2025\/02\/FR_DFG_CodeFournisseurs-2-768x942.webp\" class=\"attachment-medium_large size-medium_large wp-image-1638\" alt=\"Code Fournisseurs\" srcset=\"https:\/\/www.polca.be\/wp-content\/uploads\/2025\/02\/FR_DFG_CodeFournisseurs-2-768x942.webp 768w, https:\/\/www.polca.be\/wp-content\/uploads\/2025\/02\/FR_DFG_CodeFournisseurs-2-245x300.webp 245w, https:\/\/www.polca.be\/wp-content\/uploads\/2025\/02\/FR_DFG_CodeFournisseurs-2.webp 817w\" sizes=\"(max-width: 768px) 100vw, 768px\" \/>\t\t\t\t\t\t\t\t<\/a>\n\t\t\t\t\t\t\t\t\t\t\t\t\t\t\t<\/div>\n\t\t\t\t<\/div>\n\t\t\t\t\t<\/div>\n\t\t<\/div>\n\t\t\t\t\t<\/div>\n\t\t<\/section>\n\t\t\t\t<\/div>\n\t\t","protected":false},"excerpt":{"rendered":"<p>Nos engagements soci\u00e9taux Qualit\u00e9, Conformit\u00e9 et \u00c9thique Polca fournit non seulement des produits de charcuterie de premi\u00e8re qualit\u00e9 mais le fait d\u2019une mani\u00e8re qui refl\u00e8te l\u2019engagement pris par la Soci\u00e9t\u00e9 de conduire ses activit\u00e9s commerciales en totale conformit\u00e9 avec les lois en vigueur et de souscrire aux principes d\u2019int\u00e9grit\u00e9 et d\u2019honn\u00eatet\u00e9. Pour veiller au respect [&hellip;]<\/p>\n","protected":false},"author":1,"featured_media":0,"parent":0,"menu_order":0,"comment_status":"closed","ping_status":"closed","template":"","meta":{"_acf_changed":false,"inline_featured_image":false,"footnotes":""},"class_list":["post-1628","page","type-page","status-publish","hentry"],"acf":[],"yoast_head":"<!-- This site is optimized with the Yoast SEO plugin v27.2 - https:\/\/yoast.com\/product\/yoast-seo-wordpress\/ -->\n<title>Nos engagements - Polca<\/title>\n<meta name=\"robots\" content=\"index, follow, max-snippet:-1, max-image-preview:large, max-video-preview:-1\" \/>\n<link rel=\"canonical\" href=\"https:\/\/www.polca.be\/fr\/nos-engagements\/\" \/>\n<meta property=\"og:locale\" content=\"fr_FR\" \/>\n<meta property=\"og:type\" content=\"article\" \/>\n<meta property=\"og:title\" content=\"Nos engagements - Polca\" \/>\n<meta property=\"og:description\" content=\"Nos engagements soci\u00e9taux Qualit\u00e9, Conformit\u00e9 et \u00c9thique Polca fournit non seulement des produits de charcuterie de premi\u00e8re qualit\u00e9 mais le fait d\u2019une mani\u00e8re qui refl\u00e8te l\u2019engagement pris par la Soci\u00e9t\u00e9 de conduire ses activit\u00e9s commerciales en totale conformit\u00e9 avec les lois en vigueur et de souscrire aux principes d\u2019int\u00e9grit\u00e9 et d\u2019honn\u00eatet\u00e9. Pour veiller au respect [&hellip;]\" \/>\n<meta property=\"og:url\" content=\"https:\/\/www.polca.be\/fr\/nos-engagements\/\" \/>\n<meta property=\"og:site_name\" content=\"Polca\" \/>\n<meta property=\"article:modified_time\" content=\"2025-02-27T11:13:41+00:00\" \/>\n<meta property=\"og:image\" content=\"https:\/\/polca.vps005.visible.be\/wp-content\/uploads\/2025\/02\/FR-DFG_CodePersonnel-2-768x944.webp\" \/>\n<meta name=\"twitter:card\" content=\"summary_large_image\" \/>\n<meta name=\"twitter:label1\" content=\"Dur\u00e9e de lecture estim\u00e9e\" \/>\n\t<meta name=\"twitter:data1\" content=\"2 minutes\" \/>\n<script type=\"application\/ld+json\" class=\"yoast-schema-graph\">{\"@context\":\"https:\/\/schema.org\",\"@graph\":[{\"@type\":\"WebPage\",\"@id\":\"https:\/\/www.polca.be\/fr\/nos-engagements\/\",\"url\":\"https:\/\/www.polca.be\/fr\/nos-engagements\/\",\"name\":\"Nos engagements - Polca\",\"isPartOf\":{\"@id\":\"https:\/\/www.polca.be\/fr\/#website\"},\"primaryImageOfPage\":{\"@id\":\"https:\/\/www.polca.be\/fr\/nos-engagements\/#primaryimage\"},\"image\":{\"@id\":\"https:\/\/www.polca.be\/fr\/nos-engagements\/#primaryimage\"},\"thumbnailUrl\":\"https:\/\/polca.vps005.visible.be\/wp-content\/uploads\/2025\/02\/FR-DFG_CodePersonnel-2-768x944.webp\",\"datePublished\":\"2025-02-12T11:22:34+00:00\",\"dateModified\":\"2025-02-27T11:13:41+00:00\",\"breadcrumb\":{\"@id\":\"https:\/\/www.polca.be\/fr\/nos-engagements\/#breadcrumb\"},\"inLanguage\":\"fr-FR\",\"potentialAction\":[{\"@type\":\"ReadAction\",\"target\":[\"https:\/\/www.polca.be\/fr\/nos-engagements\/\"]}]},{\"@type\":\"ImageObject\",\"inLanguage\":\"fr-FR\",\"@id\":\"https:\/\/www.polca.be\/fr\/nos-engagements\/#primaryimage\",\"url\":\"https:\/\/polca.vps005.visible.be\/wp-content\/uploads\/2025\/02\/FR-DFG_CodePersonnel-2-768x944.webp\",\"contentUrl\":\"https:\/\/polca.vps005.visible.be\/wp-content\/uploads\/2025\/02\/FR-DFG_CodePersonnel-2-768x944.webp\"},{\"@type\":\"BreadcrumbList\",\"@id\":\"https:\/\/www.polca.be\/fr\/nos-engagements\/#breadcrumb\",\"itemListElement\":[{\"@type\":\"ListItem\",\"position\":1,\"name\":\"Home\",\"item\":\"https:\/\/www.polca.be\/fr\/\"},{\"@type\":\"ListItem\",\"position\":2,\"name\":\"Nos engagements\"}]},{\"@type\":\"WebSite\",\"@id\":\"https:\/\/www.polca.be\/fr\/#website\",\"url\":\"https:\/\/www.polca.be\/fr\/\",\"name\":\"Polca\",\"description\":\"Un produit belge - une maison de confiance!\",\"publisher\":{\"@id\":\"https:\/\/www.polca.be\/fr\/#organization\"},\"potentialAction\":[{\"@type\":\"SearchAction\",\"target\":{\"@type\":\"EntryPoint\",\"urlTemplate\":\"https:\/\/www.polca.be\/fr\/?s={search_term_string}\"},\"query-input\":{\"@type\":\"PropertyValueSpecification\",\"valueRequired\":true,\"valueName\":\"search_term_string\"}}],\"inLanguage\":\"fr-FR\"},{\"@type\":\"Organization\",\"@id\":\"https:\/\/www.polca.be\/fr\/#organization\",\"name\":\"Polca\",\"url\":\"https:\/\/www.polca.be\/fr\/\",\"logo\":{\"@type\":\"ImageObject\",\"inLanguage\":\"fr-FR\",\"@id\":\"https:\/\/www.polca.be\/fr\/#\/schema\/logo\/image\/\",\"url\":\"https:\/\/www.polca.be\/wp-content\/uploads\/2022\/10\/logo-polca.svg\",\"contentUrl\":\"https:\/\/www.polca.be\/wp-content\/uploads\/2022\/10\/logo-polca.svg\",\"width\":113,\"height\":90,\"caption\":\"Polca\"},\"image\":{\"@id\":\"https:\/\/www.polca.be\/fr\/#\/schema\/logo\/image\/\"}}]}<\/script>\n<!-- \/ Yoast SEO plugin. -->","yoast_head_json":{"title":"Nos engagements - Polca","robots":{"index":"index","follow":"follow","max-snippet":"max-snippet:-1","max-image-preview":"max-image-preview:large","max-video-preview":"max-video-preview:-1"},"canonical":"https:\/\/www.polca.be\/fr\/nos-engagements\/","og_locale":"fr_FR","og_type":"article","og_title":"Nos engagements - Polca","og_description":"Nos engagements soci\u00e9taux Qualit\u00e9, Conformit\u00e9 et \u00c9thique Polca fournit non seulement des produits de charcuterie de premi\u00e8re qualit\u00e9 mais le fait d\u2019une mani\u00e8re qui refl\u00e8te l\u2019engagement pris par la Soci\u00e9t\u00e9 de conduire ses activit\u00e9s commerciales en totale conformit\u00e9 avec les lois en vigueur et de souscrire aux principes d\u2019int\u00e9grit\u00e9 et d\u2019honn\u00eatet\u00e9. Pour veiller au respect [&hellip;]","og_url":"https:\/\/www.polca.be\/fr\/nos-engagements\/","og_site_name":"Polca","article_modified_time":"2025-02-27T11:13:41+00:00","og_image":[{"url":"https:\/\/polca.vps005.visible.be\/wp-content\/uploads\/2025\/02\/FR-DFG_CodePersonnel-2-768x944.webp","type":"","width":"","height":""}],"twitter_card":"summary_large_image","twitter_misc":{"Dur\u00e9e de lecture estim\u00e9e":"2 minutes"},"schema":{"@context":"https:\/\/schema.org","@graph":[{"@type":"WebPage","@id":"https:\/\/www.polca.be\/fr\/nos-engagements\/","url":"https:\/\/www.polca.be\/fr\/nos-engagements\/","name":"Nos engagements - Polca","isPartOf":{"@id":"https:\/\/www.polca.be\/fr\/#website"},"primaryImageOfPage":{"@id":"https:\/\/www.polca.be\/fr\/nos-engagements\/#primaryimage"},"image":{"@id":"https:\/\/www.polca.be\/fr\/nos-engagements\/#primaryimage"},"thumbnailUrl":"https:\/\/polca.vps005.visible.be\/wp-content\/uploads\/2025\/02\/FR-DFG_CodePersonnel-2-768x944.webp","datePublished":"2025-02-12T11:22:34+00:00","dateModified":"2025-02-27T11:13:41+00:00","breadcrumb":{"@id":"https:\/\/www.polca.be\/fr\/nos-engagements\/#breadcrumb"},"inLanguage":"fr-FR","potentialAction":[{"@type":"ReadAction","target":["https:\/\/www.polca.be\/fr\/nos-engagements\/"]}]},{"@type":"ImageObject","inLanguage":"fr-FR","@id":"https:\/\/www.polca.be\/fr\/nos-engagements\/#primaryimage","url":"https:\/\/polca.vps005.visible.be\/wp-content\/uploads\/2025\/02\/FR-DFG_CodePersonnel-2-768x944.webp","contentUrl":"https:\/\/polca.vps005.visible.be\/wp-content\/uploads\/2025\/02\/FR-DFG_CodePersonnel-2-768x944.webp"},{"@type":"BreadcrumbList","@id":"https:\/\/www.polca.be\/fr\/nos-engagements\/#breadcrumb","itemListElement":[{"@type":"ListItem","position":1,"name":"Home","item":"https:\/\/www.polca.be\/fr\/"},{"@type":"ListItem","position":2,"name":"Nos engagements"}]},{"@type":"WebSite","@id":"https:\/\/www.polca.be\/fr\/#website","url":"https:\/\/www.polca.be\/fr\/","name":"Polca","description":"Un produit belge - une maison de confiance!","publisher":{"@id":"https:\/\/www.polca.be\/fr\/#organization"},"potentialAction":[{"@type":"SearchAction","target":{"@type":"EntryPoint","urlTemplate":"https:\/\/www.polca.be\/fr\/?s={search_term_string}"},"query-input":{"@type":"PropertyValueSpecification","valueRequired":true,"valueName":"search_term_string"}}],"inLanguage":"fr-FR"},{"@type":"Organization","@id":"https:\/\/www.polca.be\/fr\/#organization","name":"Polca","url":"https:\/\/www.polca.be\/fr\/","logo":{"@type":"ImageObject","inLanguage":"fr-FR","@id":"https:\/\/www.polca.be\/fr\/#\/schema\/logo\/image\/","url":"https:\/\/www.polca.be\/wp-content\/uploads\/2022\/10\/logo-polca.svg","contentUrl":"https:\/\/www.polca.be\/wp-content\/uploads\/2022\/10\/logo-polca.svg","width":113,"height":90,"caption":"Polca"},"image":{"@id":"https:\/\/www.polca.be\/fr\/#\/schema\/logo\/image\/"}}]}},"_links":{"self":[{"href":"https:\/\/www.polca.be\/fr\/wp-json\/wp\/v2\/pages\/1628","targetHints":{"allow":["GET"]}}],"collection":[{"href":"https:\/\/www.polca.be\/fr\/wp-json\/wp\/v2\/pages"}],"about":[{"href":"https:\/\/www.polca.be\/fr\/wp-json\/wp\/v2\/types\/page"}],"author":[{"embeddable":true,"href":"https:\/\/www.polca.be\/fr\/wp-json\/wp\/v2\/users\/1"}],"replies":[{"embeddable":true,"href":"https:\/\/www.polca.be\/fr\/wp-json\/wp\/v2\/comments?post=1628"}],"version-history":[{"count":19,"href":"https:\/\/www.polca.be\/fr\/wp-json\/wp\/v2\/pages\/1628\/revisions"}],"predecessor-version":[{"id":2197,"href":"https:\/\/www.polca.be\/fr\/wp-json\/wp\/v2\/pages\/1628\/revisions\/2197"}],"wp:attachment":[{"href":"https:\/\/www.polca.be\/fr\/wp-json\/wp\/v2\/media?parent=1628"}],"curies":[{"name":"wp","href":"https:\/\/api.w.org\/{rel}","templated":true}]}}