{"id":186,"date":"2022-10-20T09:23:00","date_gmt":"2022-10-20T07:23:00","guid":{"rendered":"http:\/\/Sophie"},"modified":"2025-07-08T12:13:42","modified_gmt":"2025-07-08T10:13:42","slug":"confirmation-denvoi","status":"publish","type":"page","link":"https:\/\/www.polca.be\/fr\/confirmation-denvoi\/","title":{"rendered":"Confirmation d&rsquo;envoi"},"content":{"rendered":"\n<p>Madame, Monsieur,<\/p>\n\n\n\n<p>Votre message a bien \u00e9t\u00e9 envoy\u00e9&nbsp;!<\/p>\n\n\n\n<p>Nous vous en remercions et y r\u00e9pondons dans les plus brefs d\u00e9lais.<br><br>L\u2019Equipe Polca.<\/p>\n","protected":false},"excerpt":{"rendered":"<p>Madame, Monsieur, Votre message a bien \u00e9t\u00e9 envoy\u00e9&nbsp;! Nous vous en remercions et y r\u00e9pondons dans les plus brefs d\u00e9lais. L\u2019Equipe Polca.<\/p>\n","protected":false},"author":1,"featured_media":0,"parent":0,"menu_order":0,"comment_status":"closed","ping_status":"closed","template":"","meta":{"_acf_changed":false,"inline_featured_image":false,"footnotes":""},"class_list":["post-186","page","type-page","status-publish","hentry"],"acf":[],"yoast_head":"<!-- This site is optimized with the Yoast SEO plugin v27.2 - https:\/\/yoast.com\/product\/yoast-seo-wordpress\/ -->\n<title>Confirmation d&#039;envoi - Polca<\/title>\n<meta name=\"robots\" content=\"index, follow, max-snippet:-1, max-image-preview:large, max-video-preview:-1\" \/>\n<link rel=\"canonical\" href=\"https:\/\/www.polca.be\/fr\/confirmation-denvoi\/\" \/>\n<meta property=\"og:locale\" content=\"fr_FR\" \/>\n<meta property=\"og:type\" content=\"article\" \/>\n<meta property=\"og:title\" content=\"Confirmation d&#039;envoi - Polca\" \/>\n<meta property=\"og:description\" content=\"Madame, Monsieur, Votre message a bien \u00e9t\u00e9 envoy\u00e9&nbsp;! Nous vous en remercions et y r\u00e9pondons dans les plus brefs d\u00e9lais. L\u2019Equipe Polca.\" \/>\n<meta property=\"og:url\" content=\"https:\/\/www.polca.be\/fr\/confirmation-denvoi\/\" \/>\n<meta property=\"og:site_name\" content=\"Polca\" \/>\n<meta property=\"article:modified_time\" content=\"2025-07-08T10:13:42+00:00\" \/>\n<meta name=\"twitter:card\" content=\"summary_large_image\" \/>\n<meta name=\"twitter:label1\" content=\"Dur\u00e9e de lecture estim\u00e9e\" \/>\n\t<meta name=\"twitter:data1\" content=\"1 minute\" \/>\n<script type=\"application\/ld+json\" class=\"yoast-schema-graph\">{\"@context\":\"https:\/\/schema.org\",\"@graph\":[{\"@type\":\"WebPage\",\"@id\":\"https:\/\/www.polca.be\/fr\/confirmation-denvoi\/\",\"url\":\"https:\/\/www.polca.be\/fr\/confirmation-denvoi\/\",\"name\":\"Confirmation d'envoi - Polca\",\"isPartOf\":{\"@id\":\"https:\/\/www.polca.be\/fr\/#website\"},\"datePublished\":\"2022-10-20T07:23:00+00:00\",\"dateModified\":\"2025-07-08T10:13:42+00:00\",\"breadcrumb\":{\"@id\":\"https:\/\/www.polca.be\/fr\/confirmation-denvoi\/#breadcrumb\"},\"inLanguage\":\"fr-FR\",\"potentialAction\":[{\"@type\":\"ReadAction\",\"target\":[\"https:\/\/www.polca.be\/fr\/confirmation-denvoi\/\"]}]},{\"@type\":\"BreadcrumbList\",\"@id\":\"https:\/\/www.polca.be\/fr\/confirmation-denvoi\/#breadcrumb\",\"itemListElement\":[{\"@type\":\"ListItem\",\"position\":1,\"name\":\"Home\",\"item\":\"https:\/\/www.polca.be\/fr\/\"},{\"@type\":\"ListItem\",\"position\":2,\"name\":\"Confirmation d&rsquo;envoi\"}]},{\"@type\":\"WebSite\",\"@id\":\"https:\/\/www.polca.be\/fr\/#website\",\"url\":\"https:\/\/www.polca.be\/fr\/\",\"name\":\"Polca\",\"description\":\"Un produit belge - une maison de confiance!\",\"publisher\":{\"@id\":\"https:\/\/www.polca.be\/fr\/#organization\"},\"potentialAction\":[{\"@type\":\"SearchAction\",\"target\":{\"@type\":\"EntryPoint\",\"urlTemplate\":\"https:\/\/www.polca.be\/fr\/?s={search_term_string}\"},\"query-input\":{\"@type\":\"PropertyValueSpecification\",\"valueRequired\":true,\"valueName\":\"search_term_string\"}}],\"inLanguage\":\"fr-FR\"},{\"@type\":\"Organization\",\"@id\":\"https:\/\/www.polca.be\/fr\/#organization\",\"name\":\"Polca\",\"url\":\"https:\/\/www.polca.be\/fr\/\",\"logo\":{\"@type\":\"ImageObject\",\"inLanguage\":\"fr-FR\",\"@id\":\"https:\/\/www.polca.be\/fr\/#\/schema\/logo\/image\/\",\"url\":\"https:\/\/www.polca.be\/wp-content\/uploads\/2022\/10\/logo-polca.svg\",\"contentUrl\":\"https:\/\/www.polca.be\/wp-content\/uploads\/2022\/10\/logo-polca.svg\",\"width\":113,\"height\":90,\"caption\":\"Polca\"},\"image\":{\"@id\":\"https:\/\/www.polca.be\/fr\/#\/schema\/logo\/image\/\"}}]}<\/script>\n<!-- \/ Yoast SEO plugin. -->","yoast_head_json":{"title":"Confirmation d'envoi - Polca","robots":{"index":"index","follow":"follow","max-snippet":"max-snippet:-1","max-image-preview":"max-image-preview:large","max-video-preview":"max-video-preview:-1"},"canonical":"https:\/\/www.polca.be\/fr\/confirmation-denvoi\/","og_locale":"fr_FR","og_type":"article","og_title":"Confirmation d'envoi - Polca","og_description":"Madame, Monsieur, Votre message a bien \u00e9t\u00e9 envoy\u00e9&nbsp;! Nous vous en remercions et y r\u00e9pondons dans les plus brefs d\u00e9lais. L\u2019Equipe Polca.","og_url":"https:\/\/www.polca.be\/fr\/confirmation-denvoi\/","og_site_name":"Polca","article_modified_time":"2025-07-08T10:13:42+00:00","twitter_card":"summary_large_image","twitter_misc":{"Dur\u00e9e de lecture estim\u00e9e":"1 minute"},"schema":{"@context":"https:\/\/schema.org","@graph":[{"@type":"WebPage","@id":"https:\/\/www.polca.be\/fr\/confirmation-denvoi\/","url":"https:\/\/www.polca.be\/fr\/confirmation-denvoi\/","name":"Confirmation d'envoi - Polca","isPartOf":{"@id":"https:\/\/www.polca.be\/fr\/#website"},"datePublished":"2022-10-20T07:23:00+00:00","dateModified":"2025-07-08T10:13:42+00:00","breadcrumb":{"@id":"https:\/\/www.polca.be\/fr\/confirmation-denvoi\/#breadcrumb"},"inLanguage":"fr-FR","potentialAction":[{"@type":"ReadAction","target":["https:\/\/www.polca.be\/fr\/confirmation-denvoi\/"]}]},{"@type":"BreadcrumbList","@id":"https:\/\/www.polca.be\/fr\/confirmation-denvoi\/#breadcrumb","itemListElement":[{"@type":"ListItem","position":1,"name":"Home","item":"https:\/\/www.polca.be\/fr\/"},{"@type":"ListItem","position":2,"name":"Confirmation d&rsquo;envoi"}]},{"@type":"WebSite","@id":"https:\/\/www.polca.be\/fr\/#website","url":"https:\/\/www.polca.be\/fr\/","name":"Polca","description":"Un produit belge - une maison de confiance!","publisher":{"@id":"https:\/\/www.polca.be\/fr\/#organization"},"potentialAction":[{"@type":"SearchAction","target":{"@type":"EntryPoint","urlTemplate":"https:\/\/www.polca.be\/fr\/?s={search_term_string}"},"query-input":{"@type":"PropertyValueSpecification","valueRequired":true,"valueName":"search_term_string"}}],"inLanguage":"fr-FR"},{"@type":"Organization","@id":"https:\/\/www.polca.be\/fr\/#organization","name":"Polca","url":"https:\/\/www.polca.be\/fr\/","logo":{"@type":"ImageObject","inLanguage":"fr-FR","@id":"https:\/\/www.polca.be\/fr\/#\/schema\/logo\/image\/","url":"https:\/\/www.polca.be\/wp-content\/uploads\/2022\/10\/logo-polca.svg","contentUrl":"https:\/\/www.polca.be\/wp-content\/uploads\/2022\/10\/logo-polca.svg","width":113,"height":90,"caption":"Polca"},"image":{"@id":"https:\/\/www.polca.be\/fr\/#\/schema\/logo\/image\/"}}]}},"_links":{"self":[{"href":"https:\/\/www.polca.be\/fr\/wp-json\/wp\/v2\/pages\/186","targetHints":{"allow":["GET"]}}],"collection":[{"href":"https:\/\/www.polca.be\/fr\/wp-json\/wp\/v2\/pages"}],"about":[{"href":"https:\/\/www.polca.be\/fr\/wp-json\/wp\/v2\/types\/page"}],"author":[{"embeddable":true,"href":"https:\/\/www.polca.be\/fr\/wp-json\/wp\/v2\/users\/1"}],"replies":[{"embeddable":true,"href":"https:\/\/www.polca.be\/fr\/wp-json\/wp\/v2\/comments?post=186"}],"version-history":[{"count":3,"href":"https:\/\/www.polca.be\/fr\/wp-json\/wp\/v2\/pages\/186\/revisions"}],"predecessor-version":[{"id":2256,"href":"https:\/\/www.polca.be\/fr\/wp-json\/wp\/v2\/pages\/186\/revisions\/2256"}],"wp:attachment":[{"href":"https:\/\/www.polca.be\/fr\/wp-json\/wp\/v2\/media?parent=186"}],"curies":[{"name":"wp","href":"https:\/\/api.w.org\/{rel}","templated":true}]}}