{"id":3,"date":"2022-10-17T13:36:40","date_gmt":"2022-10-17T11:36:40","guid":{"rendered":"https:\/\/polca.vps005.visible.be\/?page_id=3"},"modified":"2025-02-25T11:50:19","modified_gmt":"2025-02-25T10:50:19","slug":"politique-de-confidentialite","status":"publish","type":"page","link":"https:\/\/www.polca.be\/fr\/politique-de-confidentialite\/","title":{"rendered":"Politique de confidentialit\u00e9"},"content":{"rendered":"\n<p><strong>D\u00e9claration de confidentialit\u00e9<\/strong><\/p>\n\n\n\n<p>Vos donn\u00e9es \u00e0 caract\u00e8re personnel sont trait\u00e9es par POLCA NV \u00e0 des fins de gestion de la client\u00e8le sur la base de la relation contractuelle \u00e0 la suite \u00e0 votre commande\/achat, et \u00e0 des fins de marketing direct (pour vous proposer de nouveaux produits ou services) sur la base de notre int\u00e9r\u00eat l\u00e9gitime \u00e0 entreprendre. Si vous ne souhaitez pas que nous traitions vos donn\u00e9es \u00e0 des fins de marketing direct, il suffit de nous en informer via info@polca.be. Vous pouvez via cette adresse toujours demander quelles donn\u00e9es nous traitons \u00e0 votre sujet et les rectifier ou les faire supprimer ou transf\u00e9rer. Si vous n&rsquo;\u00eates pas d&rsquo;accord avec la fa\u00e7on dont nous traitons vos donn\u00e9es, vous pouvez vous adresser \u00e0 la Commission de la protection de la vie priv\u00e9e (Rue de la Presse 35 \u00e0 1000 Bruxelles).<\/p>\n","protected":false},"excerpt":{"rendered":"<p>D\u00e9claration de confidentialit\u00e9 Vos donn\u00e9es \u00e0 caract\u00e8re personnel sont trait\u00e9es par POLCA NV \u00e0 des fins de gestion de la client\u00e8le sur la base de la relation contractuelle \u00e0 la suite \u00e0 votre commande\/achat, et \u00e0 des fins de marketing direct (pour vous proposer de nouveaux produits ou services) sur la base de notre int\u00e9r\u00eat [&hellip;]<\/p>\n","protected":false},"author":1,"featured_media":0,"parent":0,"menu_order":0,"comment_status":"closed","ping_status":"open","template":"","meta":{"_acf_changed":false,"inline_featured_image":false,"footnotes":""},"class_list":["post-3","page","type-page","status-publish","hentry"],"acf":[],"yoast_head":"<!-- This site is optimized with the Yoast SEO plugin v27.2 - https:\/\/yoast.com\/product\/yoast-seo-wordpress\/ -->\n<title>Politique de confidentialit\u00e9 - Polca<\/title>\n<meta name=\"robots\" content=\"index, follow, max-snippet:-1, max-image-preview:large, max-video-preview:-1\" \/>\n<link rel=\"canonical\" href=\"https:\/\/www.polca.be\/fr\/politique-de-confidentialite\/\" \/>\n<meta property=\"og:locale\" content=\"fr_FR\" \/>\n<meta property=\"og:type\" content=\"article\" \/>\n<meta property=\"og:title\" content=\"Politique de confidentialit\u00e9 - Polca\" \/>\n<meta property=\"og:description\" content=\"D\u00e9claration de confidentialit\u00e9 Vos donn\u00e9es \u00e0 caract\u00e8re personnel sont trait\u00e9es par POLCA NV \u00e0 des fins de gestion de la client\u00e8le sur la base de la relation contractuelle \u00e0 la suite \u00e0 votre commande\/achat, et \u00e0 des fins de marketing direct (pour vous proposer de nouveaux produits ou services) sur la base de notre int\u00e9r\u00eat [&hellip;]\" \/>\n<meta property=\"og:url\" content=\"https:\/\/www.polca.be\/fr\/politique-de-confidentialite\/\" \/>\n<meta property=\"og:site_name\" content=\"Polca\" \/>\n<meta property=\"article:modified_time\" content=\"2025-02-25T10:50:19+00:00\" \/>\n<meta name=\"twitter:card\" content=\"summary_large_image\" \/>\n<meta name=\"twitter:label1\" content=\"Dur\u00e9e de lecture estim\u00e9e\" \/>\n\t<meta name=\"twitter:data1\" content=\"1 minute\" \/>\n<script type=\"application\/ld+json\" class=\"yoast-schema-graph\">{\"@context\":\"https:\/\/schema.org\",\"@graph\":[{\"@type\":\"WebPage\",\"@id\":\"https:\/\/www.polca.be\/fr\/politique-de-confidentialite\/\",\"url\":\"https:\/\/www.polca.be\/fr\/politique-de-confidentialite\/\",\"name\":\"Politique de confidentialit\u00e9 - Polca\",\"isPartOf\":{\"@id\":\"https:\/\/www.polca.be\/fr\/#website\"},\"datePublished\":\"2022-10-17T11:36:40+00:00\",\"dateModified\":\"2025-02-25T10:50:19+00:00\",\"breadcrumb\":{\"@id\":\"https:\/\/www.polca.be\/fr\/politique-de-confidentialite\/#breadcrumb\"},\"inLanguage\":\"fr-FR\",\"potentialAction\":[{\"@type\":\"ReadAction\",\"target\":[\"https:\/\/www.polca.be\/fr\/politique-de-confidentialite\/\"]}]},{\"@type\":\"BreadcrumbList\",\"@id\":\"https:\/\/www.polca.be\/fr\/politique-de-confidentialite\/#breadcrumb\",\"itemListElement\":[{\"@type\":\"ListItem\",\"position\":1,\"name\":\"Home\",\"item\":\"https:\/\/www.polca.be\/fr\/\"},{\"@type\":\"ListItem\",\"position\":2,\"name\":\"Politique de confidentialit\u00e9\"}]},{\"@type\":\"WebSite\",\"@id\":\"https:\/\/www.polca.be\/fr\/#website\",\"url\":\"https:\/\/www.polca.be\/fr\/\",\"name\":\"Polca\",\"description\":\"Un produit belge - une maison de confiance!\",\"publisher\":{\"@id\":\"https:\/\/www.polca.be\/fr\/#organization\"},\"potentialAction\":[{\"@type\":\"SearchAction\",\"target\":{\"@type\":\"EntryPoint\",\"urlTemplate\":\"https:\/\/www.polca.be\/fr\/?s={search_term_string}\"},\"query-input\":{\"@type\":\"PropertyValueSpecification\",\"valueRequired\":true,\"valueName\":\"search_term_string\"}}],\"inLanguage\":\"fr-FR\"},{\"@type\":\"Organization\",\"@id\":\"https:\/\/www.polca.be\/fr\/#organization\",\"name\":\"Polca\",\"url\":\"https:\/\/www.polca.be\/fr\/\",\"logo\":{\"@type\":\"ImageObject\",\"inLanguage\":\"fr-FR\",\"@id\":\"https:\/\/www.polca.be\/fr\/#\/schema\/logo\/image\/\",\"url\":\"https:\/\/www.polca.be\/wp-content\/uploads\/2022\/10\/logo-polca.svg\",\"contentUrl\":\"https:\/\/www.polca.be\/wp-content\/uploads\/2022\/10\/logo-polca.svg\",\"width\":113,\"height\":90,\"caption\":\"Polca\"},\"image\":{\"@id\":\"https:\/\/www.polca.be\/fr\/#\/schema\/logo\/image\/\"}}]}<\/script>\n<!-- \/ Yoast SEO plugin. -->","yoast_head_json":{"title":"Politique de confidentialit\u00e9 - Polca","robots":{"index":"index","follow":"follow","max-snippet":"max-snippet:-1","max-image-preview":"max-image-preview:large","max-video-preview":"max-video-preview:-1"},"canonical":"https:\/\/www.polca.be\/fr\/politique-de-confidentialite\/","og_locale":"fr_FR","og_type":"article","og_title":"Politique de confidentialit\u00e9 - Polca","og_description":"D\u00e9claration de confidentialit\u00e9 Vos donn\u00e9es \u00e0 caract\u00e8re personnel sont trait\u00e9es par POLCA NV \u00e0 des fins de gestion de la client\u00e8le sur la base de la relation contractuelle \u00e0 la suite \u00e0 votre commande\/achat, et \u00e0 des fins de marketing direct (pour vous proposer de nouveaux produits ou services) sur la base de notre int\u00e9r\u00eat [&hellip;]","og_url":"https:\/\/www.polca.be\/fr\/politique-de-confidentialite\/","og_site_name":"Polca","article_modified_time":"2025-02-25T10:50:19+00:00","twitter_card":"summary_large_image","twitter_misc":{"Dur\u00e9e de lecture estim\u00e9e":"1 minute"},"schema":{"@context":"https:\/\/schema.org","@graph":[{"@type":"WebPage","@id":"https:\/\/www.polca.be\/fr\/politique-de-confidentialite\/","url":"https:\/\/www.polca.be\/fr\/politique-de-confidentialite\/","name":"Politique de confidentialit\u00e9 - Polca","isPartOf":{"@id":"https:\/\/www.polca.be\/fr\/#website"},"datePublished":"2022-10-17T11:36:40+00:00","dateModified":"2025-02-25T10:50:19+00:00","breadcrumb":{"@id":"https:\/\/www.polca.be\/fr\/politique-de-confidentialite\/#breadcrumb"},"inLanguage":"fr-FR","potentialAction":[{"@type":"ReadAction","target":["https:\/\/www.polca.be\/fr\/politique-de-confidentialite\/"]}]},{"@type":"BreadcrumbList","@id":"https:\/\/www.polca.be\/fr\/politique-de-confidentialite\/#breadcrumb","itemListElement":[{"@type":"ListItem","position":1,"name":"Home","item":"https:\/\/www.polca.be\/fr\/"},{"@type":"ListItem","position":2,"name":"Politique de confidentialit\u00e9"}]},{"@type":"WebSite","@id":"https:\/\/www.polca.be\/fr\/#website","url":"https:\/\/www.polca.be\/fr\/","name":"Polca","description":"Un produit belge - une maison de confiance!","publisher":{"@id":"https:\/\/www.polca.be\/fr\/#organization"},"potentialAction":[{"@type":"SearchAction","target":{"@type":"EntryPoint","urlTemplate":"https:\/\/www.polca.be\/fr\/?s={search_term_string}"},"query-input":{"@type":"PropertyValueSpecification","valueRequired":true,"valueName":"search_term_string"}}],"inLanguage":"fr-FR"},{"@type":"Organization","@id":"https:\/\/www.polca.be\/fr\/#organization","name":"Polca","url":"https:\/\/www.polca.be\/fr\/","logo":{"@type":"ImageObject","inLanguage":"fr-FR","@id":"https:\/\/www.polca.be\/fr\/#\/schema\/logo\/image\/","url":"https:\/\/www.polca.be\/wp-content\/uploads\/2022\/10\/logo-polca.svg","contentUrl":"https:\/\/www.polca.be\/wp-content\/uploads\/2022\/10\/logo-polca.svg","width":113,"height":90,"caption":"Polca"},"image":{"@id":"https:\/\/www.polca.be\/fr\/#\/schema\/logo\/image\/"}}]}},"_links":{"self":[{"href":"https:\/\/www.polca.be\/fr\/wp-json\/wp\/v2\/pages\/3","targetHints":{"allow":["GET"]}}],"collection":[{"href":"https:\/\/www.polca.be\/fr\/wp-json\/wp\/v2\/pages"}],"about":[{"href":"https:\/\/www.polca.be\/fr\/wp-json\/wp\/v2\/types\/page"}],"author":[{"embeddable":true,"href":"https:\/\/www.polca.be\/fr\/wp-json\/wp\/v2\/users\/1"}],"replies":[{"embeddable":true,"href":"https:\/\/www.polca.be\/fr\/wp-json\/wp\/v2\/comments?post=3"}],"version-history":[{"count":3,"href":"https:\/\/www.polca.be\/fr\/wp-json\/wp\/v2\/pages\/3\/revisions"}],"predecessor-version":[{"id":1958,"href":"https:\/\/www.polca.be\/fr\/wp-json\/wp\/v2\/pages\/3\/revisions\/1958"}],"wp:attachment":[{"href":"https:\/\/www.polca.be\/fr\/wp-json\/wp\/v2\/media?parent=3"}],"curies":[{"name":"wp","href":"https:\/\/api.w.org\/{rel}","templated":true}]}}