{"id":79,"date":"2022-10-20T09:22:17","date_gmt":"2022-10-20T07:22:17","guid":{"rendered":"https:\/\/polca.vps005.visible.be\/a-propos\/"},"modified":"2025-02-26T10:04:05","modified_gmt":"2025-02-26T09:04:05","slug":"a-propos","status":"publish","type":"page","link":"https:\/\/www.polca.be\/fr\/a-propos\/","title":{"rendered":"\u00c0 propos"},"content":{"rendered":"\t\t<div data-elementor-type=\"wp-page\" data-elementor-id=\"79\" class=\"elementor elementor-79\" data-elementor-post-type=\"page\">\n\t\t\t\t\t\t<section class=\"elementor-section elementor-top-section elementor-element elementor-element-7745edef elementor-section-full_width elementor-section-height-min-height elementor-section-items-stretch elementor-section-height-default\" data-id=\"7745edef\" data-element_type=\"section\" data-e-type=\"section\">\n\t\t\t\t\t\t<div class=\"elementor-container elementor-column-gap-no\">\n\t\t\t\t\t<div class=\"elementor-column elementor-col-50 elementor-top-column elementor-element elementor-element-187aabbd\" data-id=\"187aabbd\" data-element_type=\"column\" data-e-type=\"column\">\n\t\t\t<div class=\"elementor-widget-wrap elementor-element-populated\">\n\t\t\t\t\t\t<section class=\"elementor-section elementor-inner-section elementor-element elementor-element-3172d179 elementor-section-boxed elementor-section-height-default elementor-section-height-default elementor-invisible\" data-id=\"3172d179\" data-element_type=\"section\" data-e-type=\"section\" data-settings=\"{&quot;animation&quot;:&quot;slideInLeft&quot;}\">\n\t\t\t\t\t\t<div class=\"elementor-container elementor-column-gap-no\">\n\t\t\t\t\t<div class=\"elementor-column elementor-col-100 elementor-inner-column elementor-element elementor-element-721794ce\" data-id=\"721794ce\" data-element_type=\"column\" data-e-type=\"column\">\n\t\t\t<div class=\"elementor-widget-wrap elementor-element-populated\">\n\t\t\t\t\t\t<div class=\"elementor-element elementor-element-34de80d elementor-widget elementor-widget-heading\" data-id=\"34de80d\" data-element_type=\"widget\" data-e-type=\"widget\" data-widget_type=\"heading.default\">\n\t\t\t\t<div class=\"elementor-widget-container\">\n\t\t\t\t\t<div class=\"elementor-heading-title elementor-size-default\">Notre entreprise<\/div>\t\t\t\t<\/div>\n\t\t\t\t<\/div>\n\t\t\t\t<div class=\"elementor-element elementor-element-586683f2 elementor-widget elementor-widget-heading\" data-id=\"586683f2\" data-element_type=\"widget\" data-e-type=\"widget\" data-widget_type=\"heading.default\">\n\t\t\t\t<div class=\"elementor-widget-container\">\n\t\t\t\t\t<h1 class=\"elementor-heading-title elementor-size-default\">Polca : c'est un produit belge - une maison de confiance!<\/h1>\t\t\t\t<\/div>\n\t\t\t\t<\/div>\n\t\t\t\t\t<\/div>\n\t\t<\/div>\n\t\t\t\t\t<\/div>\n\t\t<\/section>\n\t\t\t\t\t<\/div>\n\t\t<\/div>\n\t\t\t\t<div class=\"elementor-column elementor-col-50 elementor-top-column elementor-element elementor-element-1746a8fe\" data-id=\"1746a8fe\" data-element_type=\"column\" data-e-type=\"column\" data-settings=\"{&quot;background_background&quot;:&quot;classic&quot;}\">\n\t\t\t<div class=\"elementor-widget-wrap elementor-element-populated\">\n\t\t\t\t\t\t<div class=\"elementor-element elementor-element-87f4aee elementor-widget elementor-widget-spacer\" data-id=\"87f4aee\" data-element_type=\"widget\" data-e-type=\"widget\" data-widget_type=\"spacer.default\">\n\t\t\t\t<div class=\"elementor-widget-container\">\n\t\t\t\t\t\t\t<div class=\"elementor-spacer\">\n\t\t\t<div class=\"elementor-spacer-inner\"><\/div>\n\t\t<\/div>\n\t\t\t\t\t\t<\/div>\n\t\t\t\t<\/div>\n\t\t\t\t\t<\/div>\n\t\t<\/div>\n\t\t\t\t\t<\/div>\n\t\t<\/section>\n\t\t\t\t<section class=\"elementor-section elementor-top-section elementor-element elementor-element-88544cb elementor-section-boxed elementor-section-height-default elementor-section-height-default\" data-id=\"88544cb\" data-element_type=\"section\" data-e-type=\"section\">\n\t\t\t\t\t\t<div class=\"elementor-container elementor-column-gap-default\">\n\t\t\t\t\t<div class=\"elementor-column elementor-col-100 elementor-top-column elementor-element elementor-element-2c7963e4\" data-id=\"2c7963e4\" data-element_type=\"column\" data-e-type=\"column\">\n\t\t\t<div class=\"elementor-widget-wrap elementor-element-populated\">\n\t\t\t\t\t\t<section class=\"elementor-section elementor-inner-section elementor-element elementor-element-40d63399 elementor-section-content-middle elementor-reverse-mobile elementor-section-boxed elementor-section-height-default elementor-section-height-default\" data-id=\"40d63399\" data-element_type=\"section\" data-e-type=\"section\">\n\t\t\t\t\t\t<div class=\"elementor-container elementor-column-gap-default\">\n\t\t\t\t\t<div class=\"elementor-column elementor-col-50 elementor-inner-column elementor-element elementor-element-6a1e4027\" data-id=\"6a1e4027\" data-element_type=\"column\" data-e-type=\"column\" data-settings=\"{&quot;background_background&quot;:&quot;classic&quot;}\">\n\t\t\t<div class=\"elementor-widget-wrap elementor-element-populated\">\n\t\t\t\t\t\t<div class=\"elementor-element elementor-element-7fa5637d elementor-widget__width-auto elementor-absolute elementor-hidden-mobile elementor-hidden-tablet elementor-view-default elementor-widget elementor-widget-icon\" data-id=\"7fa5637d\" data-element_type=\"widget\" data-e-type=\"widget\" data-settings=\"{&quot;_position&quot;:&quot;absolute&quot;}\" data-widget_type=\"icon.default\">\n\t\t\t\t<div class=\"elementor-widget-container\">\n\t\t\t\t\t\t\t<div class=\"elementor-icon-wrapper\">\n\t\t\t<div class=\"elementor-icon\">\n\t\t\t<svg xmlns=\"http:\/\/www.w3.org\/2000\/svg\" width=\"64\" height=\"358\" viewBox=\"0 0 64 358\"><rect id=\"Rectangle_772\" data-name=\"Rectangle 772\" width=\"64\" height=\"358\" rx=\"23\" fill=\"#fff\"><\/rect><\/svg>\t\t\t<\/div>\n\t\t<\/div>\n\t\t\t\t\t\t<\/div>\n\t\t\t\t<\/div>\n\t\t\t\t<div class=\"elementor-element elementor-element-55352ec elementor-widget elementor-widget-spacer\" data-id=\"55352ec\" data-element_type=\"widget\" data-e-type=\"widget\" data-widget_type=\"spacer.default\">\n\t\t\t\t<div class=\"elementor-widget-container\">\n\t\t\t\t\t\t\t<div class=\"elementor-spacer\">\n\t\t\t<div class=\"elementor-spacer-inner\"><\/div>\n\t\t<\/div>\n\t\t\t\t\t\t<\/div>\n\t\t\t\t<\/div>\n\t\t\t\t\t<\/div>\n\t\t<\/div>\n\t\t\t\t<div class=\"elementor-column elementor-col-50 elementor-inner-column elementor-element elementor-element-abebbe1 elementor-invisible\" data-id=\"abebbe1\" data-element_type=\"column\" data-e-type=\"column\" data-settings=\"{&quot;animation&quot;:&quot;slideInRight&quot;}\">\n\t\t\t<div class=\"elementor-widget-wrap elementor-element-populated\">\n\t\t\t\t\t\t<div class=\"elementor-element elementor-element-5a04c14c elementor-widget elementor-widget-heading\" data-id=\"5a04c14c\" data-element_type=\"widget\" data-e-type=\"widget\" data-widget_type=\"heading.default\">\n\t\t\t\t<div class=\"elementor-widget-container\">\n\t\t\t\t\t<h2 class=\"elementor-heading-title elementor-size-default\">Polca, une relation optimale entre qualit\u00e9 et prix<\/h2>\t\t\t\t<\/div>\n\t\t\t\t<\/div>\n\t\t\t\t<div class=\"elementor-element elementor-element-198291f2 elementor-widget elementor-widget-text-editor\" data-id=\"198291f2\" data-element_type=\"widget\" data-e-type=\"widget\" data-widget_type=\"text-editor.default\">\n\t\t\t\t<div class=\"elementor-widget-container\">\n\t\t\t\t\t\t\t\t\t<p class=\"p1\">Depuis sa cr\u00e9ation en 1969 et au fil des ann\u00e9es, Polca est devenu synonyme de P\u00e2t\u00e9. Notre entreprise familiale reste fid\u00e8le \u00e0 ses principes de base qui vous garantissent une relation optimale entre la qualit\u00e9 et le prix.<\/p><p class=\"p1\">Et pour rester \u00e0 l&rsquo;\u00e9coute d&rsquo;une client\u00e8le toujours plus exigeante nous d\u00e9veloppons en permanence de nouvelles tendances en la mati\u00e8re, ce qui explique que notre marque commerciale \u00ab\u00a0P\u00e2t\u00e9 Grand-M\u00e8re\u00a0\u00bb est aujourd&rsquo;hui distribu\u00e9e dans plus de 20 pays, et son succ\u00e8s d\u00e9passe les limites de l&rsquo;Europe. Notre flexibilit\u00e9 nous permet de r\u00e9pondre \u00e0 vos besoins et sur simple demande nous pouvons vous proposer nos produits sous votre &lsquo;marque distributeur&rsquo;.<\/p><p class=\"p1\">Vous voulez en savoir plus sur notre production, nos commerciaux restent \u00e0 votre disposition pour vous parler de notre savoir faire et vous racontent la passion qui nous anime.<\/p>\t\t\t\t\t\t\t\t<\/div>\n\t\t\t\t<\/div>\n\t\t\t\t\t<\/div>\n\t\t<\/div>\n\t\t\t\t\t<\/div>\n\t\t<\/section>\n\t\t\t\t\t<\/div>\n\t\t<\/div>\n\t\t\t\t\t<\/div>\n\t\t<\/section>\n\t\t\t\t<\/div>\n\t\t","protected":false},"excerpt":{"rendered":"<p>Notre entreprise Polca : c&rsquo;est un produit belge &#8211; une maison de confiance! Polca, une relation optimale entre qualit\u00e9 et prix Depuis sa cr\u00e9ation en 1969 et au fil des ann\u00e9es, Polca est devenu synonyme de P\u00e2t\u00e9. Notre entreprise familiale reste fid\u00e8le \u00e0 ses principes de base qui vous garantissent une relation optimale entre la [&hellip;]<\/p>\n","protected":false},"author":1,"featured_media":0,"parent":0,"menu_order":0,"comment_status":"closed","ping_status":"closed","template":"elementor_header_footer","meta":{"_acf_changed":false,"inline_featured_image":false,"footnotes":""},"class_list":["post-79","page","type-page","status-publish","hentry"],"acf":[],"yoast_head":"<!-- This site is optimized with the Yoast SEO plugin v27.2 - https:\/\/yoast.com\/product\/yoast-seo-wordpress\/ -->\n<title>\u00c0 propos - Polca<\/title>\n<meta name=\"robots\" content=\"index, follow, max-snippet:-1, max-image-preview:large, max-video-preview:-1\" \/>\n<link rel=\"canonical\" href=\"https:\/\/www.polca.be\/fr\/a-propos\/\" \/>\n<meta property=\"og:locale\" content=\"fr_FR\" \/>\n<meta property=\"og:type\" content=\"article\" \/>\n<meta property=\"og:title\" content=\"\u00c0 propos - Polca\" \/>\n<meta property=\"og:description\" content=\"Notre entreprise Polca : c&rsquo;est un produit belge &#8211; une maison de confiance! Polca, une relation optimale entre qualit\u00e9 et prix Depuis sa cr\u00e9ation en 1969 et au fil des ann\u00e9es, Polca est devenu synonyme de P\u00e2t\u00e9. Notre entreprise familiale reste fid\u00e8le \u00e0 ses principes de base qui vous garantissent une relation optimale entre la [&hellip;]\" \/>\n<meta property=\"og:url\" content=\"https:\/\/www.polca.be\/fr\/a-propos\/\" \/>\n<meta property=\"og:site_name\" content=\"Polca\" \/>\n<meta property=\"article:modified_time\" content=\"2025-02-26T09:04:05+00:00\" \/>\n<meta name=\"twitter:card\" content=\"summary_large_image\" \/>\n<meta name=\"twitter:label1\" content=\"Dur\u00e9e de lecture estim\u00e9e\" \/>\n\t<meta name=\"twitter:data1\" content=\"1 minute\" \/>\n<script type=\"application\/ld+json\" class=\"yoast-schema-graph\">{\"@context\":\"https:\/\/schema.org\",\"@graph\":[{\"@type\":\"WebPage\",\"@id\":\"https:\/\/www.polca.be\/fr\/a-propos\/\",\"url\":\"https:\/\/www.polca.be\/fr\/a-propos\/\",\"name\":\"\u00c0 propos - Polca\",\"isPartOf\":{\"@id\":\"https:\/\/www.polca.be\/fr\/#website\"},\"datePublished\":\"2022-10-20T07:22:17+00:00\",\"dateModified\":\"2025-02-26T09:04:05+00:00\",\"breadcrumb\":{\"@id\":\"https:\/\/www.polca.be\/fr\/a-propos\/#breadcrumb\"},\"inLanguage\":\"fr-FR\",\"potentialAction\":[{\"@type\":\"ReadAction\",\"target\":[\"https:\/\/www.polca.be\/fr\/a-propos\/\"]}]},{\"@type\":\"BreadcrumbList\",\"@id\":\"https:\/\/www.polca.be\/fr\/a-propos\/#breadcrumb\",\"itemListElement\":[{\"@type\":\"ListItem\",\"position\":1,\"name\":\"Home\",\"item\":\"https:\/\/www.polca.be\/fr\/\"},{\"@type\":\"ListItem\",\"position\":2,\"name\":\"\u00c0 propos\"}]},{\"@type\":\"WebSite\",\"@id\":\"https:\/\/www.polca.be\/fr\/#website\",\"url\":\"https:\/\/www.polca.be\/fr\/\",\"name\":\"Polca\",\"description\":\"Un produit belge - une maison de confiance!\",\"publisher\":{\"@id\":\"https:\/\/www.polca.be\/fr\/#organization\"},\"potentialAction\":[{\"@type\":\"SearchAction\",\"target\":{\"@type\":\"EntryPoint\",\"urlTemplate\":\"https:\/\/www.polca.be\/fr\/?s={search_term_string}\"},\"query-input\":{\"@type\":\"PropertyValueSpecification\",\"valueRequired\":true,\"valueName\":\"search_term_string\"}}],\"inLanguage\":\"fr-FR\"},{\"@type\":\"Organization\",\"@id\":\"https:\/\/www.polca.be\/fr\/#organization\",\"name\":\"Polca\",\"url\":\"https:\/\/www.polca.be\/fr\/\",\"logo\":{\"@type\":\"ImageObject\",\"inLanguage\":\"fr-FR\",\"@id\":\"https:\/\/www.polca.be\/fr\/#\/schema\/logo\/image\/\",\"url\":\"https:\/\/www.polca.be\/wp-content\/uploads\/2022\/10\/logo-polca.svg\",\"contentUrl\":\"https:\/\/www.polca.be\/wp-content\/uploads\/2022\/10\/logo-polca.svg\",\"width\":113,\"height\":90,\"caption\":\"Polca\"},\"image\":{\"@id\":\"https:\/\/www.polca.be\/fr\/#\/schema\/logo\/image\/\"}}]}<\/script>\n<!-- \/ Yoast SEO plugin. -->","yoast_head_json":{"title":"\u00c0 propos - Polca","robots":{"index":"index","follow":"follow","max-snippet":"max-snippet:-1","max-image-preview":"max-image-preview:large","max-video-preview":"max-video-preview:-1"},"canonical":"https:\/\/www.polca.be\/fr\/a-propos\/","og_locale":"fr_FR","og_type":"article","og_title":"\u00c0 propos - Polca","og_description":"Notre entreprise Polca : c&rsquo;est un produit belge &#8211; une maison de confiance! Polca, une relation optimale entre qualit\u00e9 et prix Depuis sa cr\u00e9ation en 1969 et au fil des ann\u00e9es, Polca est devenu synonyme de P\u00e2t\u00e9. Notre entreprise familiale reste fid\u00e8le \u00e0 ses principes de base qui vous garantissent une relation optimale entre la [&hellip;]","og_url":"https:\/\/www.polca.be\/fr\/a-propos\/","og_site_name":"Polca","article_modified_time":"2025-02-26T09:04:05+00:00","twitter_card":"summary_large_image","twitter_misc":{"Dur\u00e9e de lecture estim\u00e9e":"1 minute"},"schema":{"@context":"https:\/\/schema.org","@graph":[{"@type":"WebPage","@id":"https:\/\/www.polca.be\/fr\/a-propos\/","url":"https:\/\/www.polca.be\/fr\/a-propos\/","name":"\u00c0 propos - Polca","isPartOf":{"@id":"https:\/\/www.polca.be\/fr\/#website"},"datePublished":"2022-10-20T07:22:17+00:00","dateModified":"2025-02-26T09:04:05+00:00","breadcrumb":{"@id":"https:\/\/www.polca.be\/fr\/a-propos\/#breadcrumb"},"inLanguage":"fr-FR","potentialAction":[{"@type":"ReadAction","target":["https:\/\/www.polca.be\/fr\/a-propos\/"]}]},{"@type":"BreadcrumbList","@id":"https:\/\/www.polca.be\/fr\/a-propos\/#breadcrumb","itemListElement":[{"@type":"ListItem","position":1,"name":"Home","item":"https:\/\/www.polca.be\/fr\/"},{"@type":"ListItem","position":2,"name":"\u00c0 propos"}]},{"@type":"WebSite","@id":"https:\/\/www.polca.be\/fr\/#website","url":"https:\/\/www.polca.be\/fr\/","name":"Polca","description":"Un produit belge - une maison de confiance!","publisher":{"@id":"https:\/\/www.polca.be\/fr\/#organization"},"potentialAction":[{"@type":"SearchAction","target":{"@type":"EntryPoint","urlTemplate":"https:\/\/www.polca.be\/fr\/?s={search_term_string}"},"query-input":{"@type":"PropertyValueSpecification","valueRequired":true,"valueName":"search_term_string"}}],"inLanguage":"fr-FR"},{"@type":"Organization","@id":"https:\/\/www.polca.be\/fr\/#organization","name":"Polca","url":"https:\/\/www.polca.be\/fr\/","logo":{"@type":"ImageObject","inLanguage":"fr-FR","@id":"https:\/\/www.polca.be\/fr\/#\/schema\/logo\/image\/","url":"https:\/\/www.polca.be\/wp-content\/uploads\/2022\/10\/logo-polca.svg","contentUrl":"https:\/\/www.polca.be\/wp-content\/uploads\/2022\/10\/logo-polca.svg","width":113,"height":90,"caption":"Polca"},"image":{"@id":"https:\/\/www.polca.be\/fr\/#\/schema\/logo\/image\/"}}]}},"_links":{"self":[{"href":"https:\/\/www.polca.be\/fr\/wp-json\/wp\/v2\/pages\/79","targetHints":{"allow":["GET"]}}],"collection":[{"href":"https:\/\/www.polca.be\/fr\/wp-json\/wp\/v2\/pages"}],"about":[{"href":"https:\/\/www.polca.be\/fr\/wp-json\/wp\/v2\/types\/page"}],"author":[{"embeddable":true,"href":"https:\/\/www.polca.be\/fr\/wp-json\/wp\/v2\/users\/1"}],"replies":[{"embeddable":true,"href":"https:\/\/www.polca.be\/fr\/wp-json\/wp\/v2\/comments?post=79"}],"version-history":[{"count":18,"href":"https:\/\/www.polca.be\/fr\/wp-json\/wp\/v2\/pages\/79\/revisions"}],"predecessor-version":[{"id":2060,"href":"https:\/\/www.polca.be\/fr\/wp-json\/wp\/v2\/pages\/79\/revisions\/2060"}],"wp:attachment":[{"href":"https:\/\/www.polca.be\/fr\/wp-json\/wp\/v2\/media?parent=79"}],"curies":[{"name":"wp","href":"https:\/\/api.w.org\/{rel}","templated":true}]}}